{"id":58280,"date":"2022-09-17T19:04:55","date_gmt":"2022-09-17T17:04:55","guid":{"rendered":"http:\/\/www.libraria-occitana.org\/?post_type=product&#038;p=58280"},"modified":"2026-04-29T06:07:05","modified_gmt":"2026-04-29T04:07:05","slug":"les-remores","status":"publish","type":"product","link":"https:\/\/www.libraria-occitana.org\/en\/product\/les-remores\/","title":{"rendered":"Les r\u00e9mores"},"content":{"rendered":"<p>Les r\u00e9mores sont des petits poissons entr\u00e9s dans la l\u00e9gende pour un pouvoir qu&#8217;ils auraient d&#8217;immobiliser les bateaux. Mais il y a dans ce mot comme un \u00e9cho \u00e0 m\u00e9moire, \u00e0 rem\u00e9moration. Et ces r\u00e9cits puis\u00e9s dans la masse des souvenirs sont par leur \u00e9criture comme des arr\u00eats sur image en photographie, ou mieux encore comme des toiles peintes qui fixent pour les si\u00e8cles \u00e0 venir les \u00e9merveillements d&#8217;un instant de vie. Ainsi l&#8217;int\u00e9riorisation de moments v\u00e9cus avec une force particuli\u00e8re \u00e0 chacun r\u00e9clame-t-elle parfois imp\u00e9rativement d&#8217;\u00eatre reproduite ou dite, de laisser traces, si modestes soient-elles, dans le grand relais de la m\u00e9moire universelle, et de les transmettre \u00e0 qui par sa sensibilit\u00e9 sera \u00e0 m\u00eame de les recevoir et de les restituer vivantes dans des instants privil\u00e9gi\u00e9s d&#8217;observation ou de lecture. C&#8217;est ainsi qu&#8217;Alain Segura nous fait entrer dans des p\u00e9riodes \u00e9blouies de sa jeunesse et nous fait partager sa vision po\u00e9tique et secr\u00e8te, toute en introspection, des gens, des \u00e9v\u00e9nements, des paysages qu&#8217;il restitue dans une coloration personnelle irrempla\u00e7able. Il nous entra\u00eene alors d&#8217;une heureuse enfance limousine \u00e0 des p\u00e9r\u00e9grinations parisiennes dans un clair-obscur nervalien et \u00e0 sa d\u00e9couverte de l&#8217;Espagne dont son p\u00e8re avait d\u00fb s&#8217;exiler lors de la Guerre civile. Des confidences retenues que l&#8217;on ne quitte pas sans une vive \u00e9motion.<\/p>\n","protected":false},"excerpt":{"rendered":"<p>Les r\u00e9mores sont des petits poissons entr\u00e9s dans la l\u00e9gende pour un pouvoir qu&#8217;ils auraient d&#8217;immobiliser les bateaux. Mais il y a dans ce mot comme un \u00e9cho \u00e0 m\u00e9moire, \u00e0 rem\u00e9moration. Et ces r\u00e9cits puis\u00e9s dans la masse des souvenirs sont par leur \u00e9criture comme des arr\u00eats sur image en photographie, ou mieux encore [&hellip;]<\/p>\n","protected":false},"featured_media":58006,"template":"","meta":{"_acf_changed":false,"_genesis_hide_title":false,"_genesis_hide_breadcrumbs":false,"_genesis_hide_singular_image":false,"_genesis_hide_footer_widgets":false,"_genesis_custom_body_class":"","_genesis_custom_post_class":"","_genesis_layout":""},"product_brand":[],"product_cat":[7132,7174,7186],"product_tag":[],"class_list":{"0":"post-58280","1":"product","2":"type-product","3":"status-publish","4":"has-post-thumbnail","6":"product_cat-books","7":"product_cat-literature-en","8":"product_cat-personal-narratives-memoirs-en","9":"pa_auteur-segura-alain-en","10":"pa_editeur-plein-chant-en","11":"pa_langue-francais-en","12":"entry","14":"first","15":"instock","16":"shipping-taxable","17":"purchasable","18":"product-type-simple"},"acf":[],"_links":{"self":[{"href":"https:\/\/www.libraria-occitana.org\/en\/wp-json\/wp\/v2\/product\/58280","targetHints":{"allow":["GET"]}}],"collection":[{"href":"https:\/\/www.libraria-occitana.org\/en\/wp-json\/wp\/v2\/product"}],"about":[{"href":"https:\/\/www.libraria-occitana.org\/en\/wp-json\/wp\/v2\/types\/product"}],"wp:featuredmedia":[{"embeddable":true,"href":"https:\/\/www.libraria-occitana.org\/en\/wp-json\/wp\/v2\/media\/58006"}],"wp:attachment":[{"href":"https:\/\/www.libraria-occitana.org\/en\/wp-json\/wp\/v2\/media?parent=58280"}],"wp:term":[{"taxonomy":"product_brand","embeddable":true,"href":"https:\/\/www.libraria-occitana.org\/en\/wp-json\/wp\/v2\/product_brand?post=58280"},{"taxonomy":"product_cat","embeddable":true,"href":"https:\/\/www.libraria-occitana.org\/en\/wp-json\/wp\/v2\/product_cat?post=58280"},{"taxonomy":"product_tag","embeddable":true,"href":"https:\/\/www.libraria-occitana.org\/en\/wp-json\/wp\/v2\/product_tag?post=58280"}],"curies":[{"name":"wp","href":"https:\/\/api.w.org\/{rel}","templated":true}]}}