{"id":58288,"date":"2022-06-18T11:29:37","date_gmt":"2022-06-18T09:29:37","guid":{"rendered":"http:\/\/www.libraria-occitana.org\/?post_type=product&#038;p=58288"},"modified":"2026-04-29T01:56:51","modified_gmt":"2026-04-28T23:56:51","slug":"legendes-et-mysteres-entre-perigord-et-gascogne","status":"publish","type":"product","link":"https:\/\/www.libraria-occitana.org\/en\/product\/legendes-et-mysteres-entre-perigord-et-gascogne\/","title":{"rendered":"L\u00e9gendes et myst\u00e8res entre P\u00e9rigord et Gascogne"},"content":{"rendered":"<p>Pendant plus de 35 ans, il a recueilli la m\u00e9moire des anciens dans tout l\u2019ouest de l\u2019Occitanie. Curieusement, certains des r\u00e9cits entendus aux veill\u00e9es avaient \u00e9t\u00e9 transmis de bouche \u00e0 oreille pendant des si\u00e8cles, et dans le secret des fermes, on avait conserv\u00e9 certaines pratiques bien ant\u00e9rieures au christianisme, en particulier autour des sources et de la for\u00eat.<br \/>\nIl y avait toujours la peur du loup, jamais tr\u00e8s loin, et celle du loup-garou, mais aussi la crainte de \u00ab l\u2019herbe des f\u00e9es \u00bb qui fait perdre celui qui a le malheur de la pi\u00e9tiner.<\/p>\n<p>Les plus anciennes l\u00e9gendes comportent des codes, des symboles de l\u2019ancienne religion, qui sont \u00e9trangement proches des rituels encore utilis\u00e9s par les communaut\u00e9s autochtones des diff\u00e9rentes parties du monde. Depuis une dizaine d\u2019ann\u00e9es, l\u2019auteur rencontre donc r\u00e9guli\u00e8rement les anciens des autres continents gr\u00e2ce au <em>Worldwide Indigenous Science Network<\/em>. Certains de ces \u00e9changes sont relat\u00e9s dans l\u2019ouvrage.<\/p>\n<p>Apr\u00e8s <a href=\"http:\/\/www.libraria-occitana.org\/produit\/cetait-le-temps-des-loups-du-loup-au-leberou-recits-et-chroniques-de-lancien-perigord\/\"><em>C&#8217;\u00e9tait le temps des loups<\/em><\/a>, pour lequel il avait re\u00e7u le Prix de la Presse (Clochers d&#8217;Or 2008), et<em> C&#8217;\u00e9tait le chemin des bois<\/em>, Jean-Paul Auriac revient avec des r\u00e9cits et t\u00e9moignages, qui comme dans ses pr\u00e9c\u00e9dents ouvrages, sont \u00e9tay\u00e9s de documents d&#8217;archives et d&#8217;un grand nombre de r\u00e9f\u00e9rences bibliographiques.<\/p>\n","protected":false},"excerpt":{"rendered":"<p>Pendant plus de 35 ans, il a recueilli la m\u00e9moire des anciens dans tout l\u2019ouest de l\u2019Occitanie. Curieusement, certains des r\u00e9cits entendus aux veill\u00e9es avaient \u00e9t\u00e9 transmis de bouche \u00e0 oreille pendant des si\u00e8cles, et dans le secret des fermes, on avait conserv\u00e9 certaines pratiques bien ant\u00e9rieures au christianisme, en particulier autour des sources et [&hellip;]<\/p>\n","protected":false},"featured_media":58056,"template":"","meta":{"_acf_changed":false,"_genesis_hide_title":false,"_genesis_hide_breadcrumbs":false,"_genesis_hide_singular_image":false,"_genesis_hide_footer_widgets":false,"_genesis_custom_body_class":"","_genesis_custom_post_class":"","_genesis_layout":""},"product_brand":[],"product_cat":[7132,7208,7174,7176,7206],"product_tag":[],"class_list":{"0":"post-58288","1":"product","2":"type-product","3":"status-publish","4":"has-post-thumbnail","6":"product_cat-books","7":"product_cat-customs-rites-and-beliefs-en","8":"product_cat-literature-en","9":"product_cat-tales-fables-en","10":"product_cat-traditions-heritage-en","11":"pa_auteur-auriac-jean-paul-en","12":"pa_editeur-par-ailleurs-en","13":"pa_langue-francais-en","14":"entry","16":"first","17":"instock","18":"shipping-taxable","19":"purchasable","20":"product-type-simple"},"acf":[],"_links":{"self":[{"href":"https:\/\/www.libraria-occitana.org\/en\/wp-json\/wp\/v2\/product\/58288","targetHints":{"allow":["GET"]}}],"collection":[{"href":"https:\/\/www.libraria-occitana.org\/en\/wp-json\/wp\/v2\/product"}],"about":[{"href":"https:\/\/www.libraria-occitana.org\/en\/wp-json\/wp\/v2\/types\/product"}],"wp:featuredmedia":[{"embeddable":true,"href":"https:\/\/www.libraria-occitana.org\/en\/wp-json\/wp\/v2\/media\/58056"}],"wp:attachment":[{"href":"https:\/\/www.libraria-occitana.org\/en\/wp-json\/wp\/v2\/media?parent=58288"}],"wp:term":[{"taxonomy":"product_brand","embeddable":true,"href":"https:\/\/www.libraria-occitana.org\/en\/wp-json\/wp\/v2\/product_brand?post=58288"},{"taxonomy":"product_cat","embeddable":true,"href":"https:\/\/www.libraria-occitana.org\/en\/wp-json\/wp\/v2\/product_cat?post=58288"},{"taxonomy":"product_tag","embeddable":true,"href":"https:\/\/www.libraria-occitana.org\/en\/wp-json\/wp\/v2\/product_tag?post=58288"}],"curies":[{"name":"wp","href":"https:\/\/api.w.org\/{rel}","templated":true}]}}