{"id":58424,"date":"1953-04-12T14:04:38","date_gmt":"1953-04-12T13:04:38","guid":{"rendered":"http:\/\/www.libraria-occitana.org\/?post_type=product&#038;p=58424"},"modified":"2026-04-14T03:01:49","modified_gmt":"2026-04-14T01:01:49","slug":"guerra-kaki","status":"publish","type":"product","link":"https:\/\/www.libraria-occitana.org\/en\/product\/guerra-kaki\/","title":{"rendered":"Guerra kaki"},"content":{"rendered":"<p>\u00ab Je n&#8217;ai gu\u00e8re d&#8217;autorit\u00e9 ni de comp\u00e9tence pour pr\u00e9senter le recueil du f\u00e9libre majoral Miremont. Mon seul titre vient de nombreuses heures pass\u00e9es ensemble dans les baraques mal-odorantes de l&#8217;Oflag XD \u00e0 travailler pour la cause f\u00e9libr\u00e9enne dans le cadre de la vivante Escola dels Embarbelats.<\/p>\n<p>Dans notre mis\u00e8re commune, notre amour du soleil et de la libert\u00e9 nous avait rapproch\u00e9s, et nous avons pass\u00e9 des heures tr\u00e8s riches \u00e0 \u00e9voquer dans cette triste plaine du Nord, le gai visage et la vie ardente de nos provinces occitanes.<\/p>\n<p>L&#8217;\u00c9cole, anim\u00e9e par la pers\u00e9v\u00e9rance inlassable et le labeur incessant de son trop modeste secr\u00e9taire, \u00e9tait devenue l&#8217;aile marchante d&#8217;un des groupements r\u00e9gionaux les plus nombreux et actifs du camp. Aussi la Sainte-Estelle 1942 fut une journ\u00e9e merveilleusement r\u00e9ussie qui a marqu\u00e9 notre vie de prisonniers d&#8217;un souvenir ineffa\u00e7able. Par elle sont \u00e0 jamais li\u00e9s ceux qui, dans les barbel\u00e9s, loin de la Patrie, ont chant\u00e9 ensemble de tout leur c\u0153ur \u201cLa Coupo Santo\u201d.<\/p>\n<p>\u201cMestre d&#8217;Obro\u201d depuis 1934, \u201cMestre en Gai-Sab\u00e9\u201d en 1939, Pierre Miremont \u00e9tait l&#8217;\u00e2me de notre groupe et savait communiquer sa flamme que son travail constant entretenait ardente et pure. La plupart des \u0153uvres de ce recueil ont \u00e9t\u00e9 compos\u00e9es ou revues au cours de cette p\u00e9riode f\u00e9conde d&#8217;Hambourg-Fisch-beck. Bien des manuscrits ont \u00e9chapp\u00e9 aux censeurs qui, heureusement pour nous, ignoraient les subtilit\u00e9s de la langue d&#8217;Oc et les finesses de l&#8217;Esprit fran\u00e7ais.<\/p>\n<p>On sent vibrer l&#8217;\u00e2me ardente du patriote au c\u0153ur si profond\u00e9ment humain, dans ces po\u00e8mes qui, par leur date \u00e9voquent pour nous une p\u00e9riode tragique et g\u00e9n\u00e9reuse, et par leur inspiration entretiennent des sentiments toujours n\u00e9cessaires chez un peuple qui se veut \u201cfier et libre\u201d.<\/p>\n<p>La foi sans les \u0153uvres est morte, disait l&#8217;ap\u00f4tre Jacques, traduisant la forte pens\u00e9e de l&#8217;ap\u00f4tre Paul que l&#8217;on pourrait exprimer : \u201cLa foi qui ne se manifeste pas par des \u0153uvres n&#8217;est pas la foi\u201d. Ce principe essentiel du Christianisme a une port\u00e9e tr\u00e8s g\u00e9n\u00e9rale. L&#8217;\u0153uvre de Miremont manifeste sa foi f\u00e9libr\u00e9enne et nous la communique comme un feu allume de proche en proche de nouveaux foyers. La foi en l&#8217;avenir de la patrie, la petite et la grande, doit, si elle est sinc\u00e8re, se montrer par une action incessante, courageuse et d\u00e9sint\u00e9ress\u00e9e. L&#8217;\u0153uvre de la foi, c&#8217;est l\u2019amour. L&#8217;amour de la patrie, c&#8217;est aussi l&#8217;amour des hommes de chair qui la composent. Les \u00e9go\u00efstes, les avares et les l\u00e2ches sont des tra\u00eetres.<\/p>\n<p>Ceux qui ont v\u00e9cu les grandes journ\u00e9es de 39-40, ceux qui ont souffert les longues heures de la captivit\u00e9 et qui ont mieux compris, dans la peine et l&#8217;exil, l\u2019amour de la France, sauront montrer leur foi par leur action pers\u00e9v\u00e9rante, g\u00e9n\u00e9reuse, courageuse, pour le rel\u00e8vement du pays aim\u00e9, la paix entre les nations et la fraternit\u00e9 vraie entre les hommes.<\/p>\n<p>N&#8217;est-ce pas le but que nous nous \u00e9tions propos\u00e9s, cher ami Miremont, avec ceux de l&#8217;\u201cEscola dels Embarbelats\u201d et que nous poursuivons chacun selon notre vocation et nos dons particuliers en pleine communion fraternelle ? \u00bb<\/p>\n<p style=\"text-align: right;\">Louis Mordant,<br \/>\nf\u00e9libre.<br \/>\nOflag X D. 1941-42<\/p>\n","protected":false},"excerpt":{"rendered":"<p>\u00ab Je n&#8217;ai gu\u00e8re d&#8217;autorit\u00e9 ni de comp\u00e9tence pour pr\u00e9senter le recueil du f\u00e9libre majoral Miremont. Mon seul titre vient de nombreuses heures pass\u00e9es ensemble dans les baraques mal-odorantes de l&#8217;Oflag XD \u00e0 travailler pour la cause f\u00e9libr\u00e9enne dans le cadre de la vivante Escola dels Embarbelats. Dans notre mis\u00e8re commune, notre amour du soleil [&hellip;]<\/p>\n","protected":false},"featured_media":58427,"template":"","meta":{"_acf_changed":false,"_genesis_hide_title":false,"_genesis_hide_breadcrumbs":false,"_genesis_hide_singular_image":false,"_genesis_hide_footer_widgets":false,"_genesis_custom_body_class":"","_genesis_custom_post_class":"","_genesis_layout":""},"product_brand":[],"product_cat":[7132,7174,7180],"product_tag":[],"class_list":{"0":"post-58424","1":"product","2":"type-product","3":"status-publish","4":"has-post-thumbnail","6":"product_cat-books","7":"product_cat-literature-en","8":"product_cat-poetry-en","9":"pa_auteur-miremont-pierre-en","10":"pa_editeur-editions-g-subervie-en","11":"pa_langue-occitan-lengadocian-en","12":"pa_langue-occitan-francais-en","13":"entry","15":"first","16":"outofstock","17":"shipping-taxable","18":"purchasable","19":"product-type-simple"},"acf":[],"_links":{"self":[{"href":"https:\/\/www.libraria-occitana.org\/en\/wp-json\/wp\/v2\/product\/58424","targetHints":{"allow":["GET"]}}],"collection":[{"href":"https:\/\/www.libraria-occitana.org\/en\/wp-json\/wp\/v2\/product"}],"about":[{"href":"https:\/\/www.libraria-occitana.org\/en\/wp-json\/wp\/v2\/types\/product"}],"wp:featuredmedia":[{"embeddable":true,"href":"https:\/\/www.libraria-occitana.org\/en\/wp-json\/wp\/v2\/media\/58427"}],"wp:attachment":[{"href":"https:\/\/www.libraria-occitana.org\/en\/wp-json\/wp\/v2\/media?parent=58424"}],"wp:term":[{"taxonomy":"product_brand","embeddable":true,"href":"https:\/\/www.libraria-occitana.org\/en\/wp-json\/wp\/v2\/product_brand?post=58424"},{"taxonomy":"product_cat","embeddable":true,"href":"https:\/\/www.libraria-occitana.org\/en\/wp-json\/wp\/v2\/product_cat?post=58424"},{"taxonomy":"product_tag","embeddable":true,"href":"https:\/\/www.libraria-occitana.org\/en\/wp-json\/wp\/v2\/product_tag?post=58424"}],"curies":[{"name":"wp","href":"https:\/\/api.w.org\/{rel}","templated":true}]}}