{"id":58442,"date":"2023-09-13T19:06:50","date_gmt":"2023-09-13T17:06:50","guid":{"rendered":"http:\/\/www.libraria-occitana.org\/?post_type=product&#038;p=58442"},"modified":"2026-04-29T10:20:53","modified_gmt":"2026-04-29T08:20:53","slug":"mudadas","status":"publish","type":"product","link":"https:\/\/www.libraria-occitana.org\/en\/product\/mudadas\/","title":{"rendered":"Mudadas"},"content":{"rendered":"<p>Au fil de ce recueil d\u2019une dizaine de nouvelles, Jean-Pierre Lacombe entrem\u00eale r\u00e9alit\u00e9 et songe, ses personnages se heurtant aux accidents de la vie et aux bouleversements de l\u2019Histoire. Les peurs, les amours, la violence, les sortil\u00e8ges et les malheurs de la guerre d\u00e9voilent ce qui demeure cach\u00e9 au tr\u00e9fonds des c\u0153urs et des \u00e2mes.<\/p>\n<p>L\u2019auteur de <em>Mudadas<\/em> nous fait parcourir les chemins de vie des hommes et des femmes, dans la langue de son pays de Bort (Corr\u00e8ze).<\/p>\n<p>Avec un lexique occitan-fran\u00e7ais.<\/p>\n<p>Jean-Pierre Lacombe, \u00e9crivain de langue d\u2019oc, est l\u2019auteur d\u2019une \u0153uvre litt\u00e9raire importante : nouvelles, po\u00e8mes, traductions\u2026<\/p>\n","protected":false},"excerpt":{"rendered":"<p>Au fil de ce recueil d\u2019une dizaine de nouvelles, Jean-Pierre Lacombe entrem\u00eale r\u00e9alit\u00e9 et songe, ses personnages se heurtant aux accidents de la vie et aux bouleversements de l\u2019Histoire. Les peurs, les amours, la violence, les sortil\u00e8ges et les malheurs de la guerre d\u00e9voilent ce qui demeure cach\u00e9 au tr\u00e9fonds des c\u0153urs et des \u00e2mes. [&hellip;]<\/p>\n","protected":false},"featured_media":58445,"template":"","meta":{"_acf_changed":false,"_genesis_hide_title":false,"_genesis_hide_breadcrumbs":false,"_genesis_hide_singular_image":false,"_genesis_hide_footer_widgets":false,"_genesis_custom_body_class":"","_genesis_custom_post_class":"","_genesis_layout":""},"product_brand":[],"product_cat":[7132,7174,7182],"product_tag":[],"class_list":{"0":"post-58442","1":"product","2":"type-product","3":"status-publish","4":"has-post-thumbnail","6":"product_cat-books","7":"product_cat-literature-en","8":"product_cat-novels-short-stories-en","9":"pa_auteur-lacombe-jean-pierre-fr-en","10":"pa_editeur-letras-doc-en","11":"pa_langue-occitan-en","12":"pa_langue-occitan-lemosin-en","13":"entry","15":"first","16":"instock","17":"shipping-taxable","18":"purchasable","19":"product-type-simple"},"acf":[],"_links":{"self":[{"href":"https:\/\/www.libraria-occitana.org\/en\/wp-json\/wp\/v2\/product\/58442","targetHints":{"allow":["GET"]}}],"collection":[{"href":"https:\/\/www.libraria-occitana.org\/en\/wp-json\/wp\/v2\/product"}],"about":[{"href":"https:\/\/www.libraria-occitana.org\/en\/wp-json\/wp\/v2\/types\/product"}],"wp:featuredmedia":[{"embeddable":true,"href":"https:\/\/www.libraria-occitana.org\/en\/wp-json\/wp\/v2\/media\/58445"}],"wp:attachment":[{"href":"https:\/\/www.libraria-occitana.org\/en\/wp-json\/wp\/v2\/media?parent=58442"}],"wp:term":[{"taxonomy":"product_brand","embeddable":true,"href":"https:\/\/www.libraria-occitana.org\/en\/wp-json\/wp\/v2\/product_brand?post=58442"},{"taxonomy":"product_cat","embeddable":true,"href":"https:\/\/www.libraria-occitana.org\/en\/wp-json\/wp\/v2\/product_cat?post=58442"},{"taxonomy":"product_tag","embeddable":true,"href":"https:\/\/www.libraria-occitana.org\/en\/wp-json\/wp\/v2\/product_tag?post=58442"}],"curies":[{"name":"wp","href":"https:\/\/api.w.org\/{rel}","templated":true}]}}