{"id":58451,"date":"2023-09-13T19:35:14","date_gmt":"2023-09-13T17:35:14","guid":{"rendered":"http:\/\/www.libraria-occitana.org\/?post_type=product&#038;p=58451"},"modified":"2026-04-29T10:20:45","modified_gmt":"2026-04-29T08:20:45","slug":"tu-libre-cd","status":"publish","type":"product","link":"https:\/\/www.libraria-occitana.org\/en\/product\/tu-libre-cd\/","title":{"rendered":"Tu &#8211; Toi (libre + CD)"},"content":{"rendered":"<p>Les 17 po\u00e8mes occitans de Joan-Lo\u00eds Viguier sont une c\u00e9l\u00e9bration incandescente et ent\u00eat\u00e9e de la femme aim\u00e9e.<br \/>\nDans un d\u00e9luge br\u00fblant de mots et de sonorit\u00e9s qui se rencontrent ou s\u2019entrechoquent, le po\u00e8te dit et redit son amour au rythme des pulsations de sa passion.<\/p>\n<p>Traduction fran\u00e7aise d\u2019\u00c9ric Fraj.<\/p>\n<p>Po\u00e8mes dits par \u00c9ric Fraj avec accompagnement musical de Serge Lopez, J.-L. Amestoy, L. Navarro et I. Gonz\u00e1lez (enregistrement int\u00e9gral).<\/p>\n","protected":false},"excerpt":{"rendered":"<p>Les 17 po\u00e8mes occitans de Joan-Lo\u00eds Viguier sont une c\u00e9l\u00e9bration incandescente et ent\u00eat\u00e9e de la femme aim\u00e9e. Dans un d\u00e9luge br\u00fblant de mots et de sonorit\u00e9s qui se rencontrent ou s\u2019entrechoquent, le po\u00e8te dit et redit son amour au rythme des pulsations de sa passion. Traduction fran\u00e7aise d\u2019\u00c9ric Fraj. Po\u00e8mes dits par \u00c9ric Fraj avec [&hellip;]<\/p>\n","protected":false},"featured_media":58449,"template":"","meta":{"_acf_changed":false,"_genesis_hide_title":false,"_genesis_hide_breadcrumbs":false,"_genesis_hide_singular_image":false,"_genesis_hide_footer_widgets":false,"_genesis_custom_body_class":"","_genesis_custom_post_class":"","_genesis_layout":""},"product_brand":[],"product_cat":[7132,7174,7180],"product_tag":[],"class_list":{"0":"post-58451","1":"product","2":"type-product","3":"status-publish","4":"has-post-thumbnail","6":"product_cat-books","7":"product_cat-literature-en","8":"product_cat-poetry-en","9":"pa_auteur-viguier-joan-lois-en","10":"pa_editeur-letras-doc-en","11":"pa_illustrateur-fraj-eric-1-en","12":"pa_langue-occitan-lengadocian-en","13":"pa_langue-occitan-francais-en","14":"entry","16":"first","17":"instock","18":"shipping-taxable","19":"purchasable","20":"product-type-simple"},"acf":[],"_links":{"self":[{"href":"https:\/\/www.libraria-occitana.org\/en\/wp-json\/wp\/v2\/product\/58451","targetHints":{"allow":["GET"]}}],"collection":[{"href":"https:\/\/www.libraria-occitana.org\/en\/wp-json\/wp\/v2\/product"}],"about":[{"href":"https:\/\/www.libraria-occitana.org\/en\/wp-json\/wp\/v2\/types\/product"}],"wp:featuredmedia":[{"embeddable":true,"href":"https:\/\/www.libraria-occitana.org\/en\/wp-json\/wp\/v2\/media\/58449"}],"wp:attachment":[{"href":"https:\/\/www.libraria-occitana.org\/en\/wp-json\/wp\/v2\/media?parent=58451"}],"wp:term":[{"taxonomy":"product_brand","embeddable":true,"href":"https:\/\/www.libraria-occitana.org\/en\/wp-json\/wp\/v2\/product_brand?post=58451"},{"taxonomy":"product_cat","embeddable":true,"href":"https:\/\/www.libraria-occitana.org\/en\/wp-json\/wp\/v2\/product_cat?post=58451"},{"taxonomy":"product_tag","embeddable":true,"href":"https:\/\/www.libraria-occitana.org\/en\/wp-json\/wp\/v2\/product_tag?post=58451"}],"curies":[{"name":"wp","href":"https:\/\/api.w.org\/{rel}","templated":true}]}}