{"id":58465,"date":"2023-09-13T20:00:29","date_gmt":"2023-09-13T18:00:29","guid":{"rendered":"http:\/\/www.libraria-occitana.org\/product\/sinera\/"},"modified":"2026-04-02T20:42:00","modified_gmt":"2026-04-02T18:42:00","slug":"sinera","status":"publish","type":"product","link":"https:\/\/www.libraria-occitana.org\/en\/product\/sinera\/","title":{"rendered":"Sin\u00e8ra"},"content":{"rendered":"<p>Nouvelle \u00e9dition.<\/p>\n<p>Au fil des pages de <em>Sin\u00e8ra e la m\u00f2stra d\u2019\u00f2r<\/em>, Andr\u00e9 Lagarde nous fait vivre l\u2019itin\u00e9raire d\u2019un homme du peuple, entre XIXe et XXe si\u00e8cle : depuis les d\u00e9couvertes \u00e9merveill\u00e9es d\u2019un gamin curieux de tout ce qui l\u2019entoure jusqu\u2019aux r\u00e9ussites de l\u2019adulte qui a su gagner son ind\u00e9pendance mat\u00e9rielle, en passant par le temps de l\u2019\u00e9cole et les d\u00e9bordements de la jeunesse.<\/p>\n<p>C\u2019est toute la vie d\u2019un artisan qui doit s\u2019adapter aux mutations techniques et \u00e9conomiques \u00e0 l\u2019\u0153uvre, quittant son petit village de campagne pour la ville industrieuse.<\/p>\n<p>Andr\u00e9 Lagarde, avec finesse et une grande ma\u00eetrise, nous fait partager tous les \u00e9v\u00e8nements qui jalonnent la vie de Sin\u00e8ra : f\u00eates et r\u00e9jouissances, aventures et succ\u00e8s, mais aussi appr\u00e9hensions, drames et malheurs.<\/p>\n<p>Le livre est r\u00e9dig\u00e9 dans une langue vive qui procure un grand plaisir de lecture. Un lexique de mots occitans facilite la compr\u00e9hension du texte.<\/p>\n<p><em>Sin\u00e8ra e la m\u00f2stra d\u2019\u00f2r<\/em>, un des livres les mieux r\u00e9ussis d\u2019Andr\u00e9 Lagarde.<\/p>\n","protected":false},"excerpt":{"rendered":"<p>Nouvelle \u00e9dition. Au fil des pages de Sin\u00e8ra e la m\u00f2stra d\u2019\u00f2r, Andr\u00e9 Lagarde nous fait vivre l\u2019itin\u00e9raire d\u2019un homme du peuple, entre XIXe et XXe si\u00e8cle : depuis les d\u00e9couvertes \u00e9merveill\u00e9es d\u2019un gamin curieux de tout ce qui l\u2019entoure jusqu\u2019aux r\u00e9ussites de l\u2019adulte qui a su gagner son ind\u00e9pendance mat\u00e9rielle, en passant par le [&hellip;]<\/p>\n","protected":false},"featured_media":58463,"template":"","meta":{"_acf_changed":false,"_genesis_hide_title":false,"_genesis_hide_breadcrumbs":false,"_genesis_hide_singular_image":false,"_genesis_hide_footer_widgets":false,"_genesis_custom_body_class":"","_genesis_custom_post_class":"","_genesis_layout":""},"product_brand":[],"product_cat":[7132,7174,7182],"product_tag":[],"class_list":{"0":"post-58465","1":"product","2":"type-product","3":"status-publish","4":"has-post-thumbnail","6":"product_cat-books","7":"product_cat-literature-en","8":"product_cat-novels-short-stories-en","9":"pa_auteur-lagarda-andrieu-en","10":"pa_editeur-letras-doc-en","11":"pa_langue-occitan-en","12":"pa_langue-occitan-lengadocian-en","13":"entry","15":"first","16":"instock","17":"shipping-taxable","18":"purchasable","19":"product-type-simple"},"acf":[],"_links":{"self":[{"href":"https:\/\/www.libraria-occitana.org\/en\/wp-json\/wp\/v2\/product\/58465","targetHints":{"allow":["GET"]}}],"collection":[{"href":"https:\/\/www.libraria-occitana.org\/en\/wp-json\/wp\/v2\/product"}],"about":[{"href":"https:\/\/www.libraria-occitana.org\/en\/wp-json\/wp\/v2\/types\/product"}],"wp:featuredmedia":[{"embeddable":true,"href":"https:\/\/www.libraria-occitana.org\/en\/wp-json\/wp\/v2\/media\/58463"}],"wp:attachment":[{"href":"https:\/\/www.libraria-occitana.org\/en\/wp-json\/wp\/v2\/media?parent=58465"}],"wp:term":[{"taxonomy":"product_brand","embeddable":true,"href":"https:\/\/www.libraria-occitana.org\/en\/wp-json\/wp\/v2\/product_brand?post=58465"},{"taxonomy":"product_cat","embeddable":true,"href":"https:\/\/www.libraria-occitana.org\/en\/wp-json\/wp\/v2\/product_cat?post=58465"},{"taxonomy":"product_tag","embeddable":true,"href":"https:\/\/www.libraria-occitana.org\/en\/wp-json\/wp\/v2\/product_tag?post=58465"}],"curies":[{"name":"wp","href":"https:\/\/api.w.org\/{rel}","templated":true}]}}