{"id":58472,"date":"2023-09-14T19:21:10","date_gmt":"2023-09-14T17:21:10","guid":{"rendered":"http:\/\/www.libraria-occitana.org\/?post_type=product&#038;p=58472"},"modified":"2026-04-29T10:25:16","modified_gmt":"2026-04-29T08:25:16","slug":"epidemies-pandemies-et-plantes-medicinales-se-soigner-avant-pendant-et-apres-une-infection","status":"publish","type":"product","link":"https:\/\/www.libraria-occitana.org\/en\/product\/epidemies-pandemies-et-plantes-medicinales-se-soigner-avant-pendant-et-apres-une-infection\/","title":{"rendered":"\u00c9pid\u00e9mies, pand\u00e9mies et plantes m\u00e9dicinales : Se soigner avant, pendant et apr\u00e8s une infection"},"content":{"rendered":"<p><em>Nous pi\u00e9tinons tous les jours ce qui pourrait nous sortir le plus souvent de mauvaises passes. Tout aussi simples \u00e0 trouver ou \u00e0 cultiver qu\u2019\u00e0 utiliser, les plantes m\u00e9dicinales sont de pr\u00e9cieuses alli\u00e9es dans bien des circonstances.<\/em><\/p>\n<p>Ce livre est fait pour vous si vous cherchez \u00e0 :<\/p>\n<ul>\n<li>Reprendre en main votre sant\u00e9 et celle de votre famille pour retrouver de la confiance et de l\u2019autonomie.<\/li>\n<li>Vous r\u00e9approprier les savoirs et pratiques lie\u0301s aux plantes sauvages locales.<\/li>\n<li>Recre\u0301er un lien au monde ve\u0301ge\u0301tal.<\/li>\n<\/ul>\n<p><strong>Bas\u00e9 sur des savoirs s\u00e9culaires, les connaissances modernes et des ann\u00e9es de pratique.<\/strong><\/p>\n<p>Les humains se sont soign\u00e9s pendant des mill\u00e9naires avec les v\u00e9g\u00e9taux sans avoir recours \u00e0 la science, parfois sans r\u00e9sultat, souvent avec succ\u00e8s, non sans passer par des complications, des m\u00e9saventures et des r\u00e9ajustements : la connaissance ancienne des plantes se base sur cette longue exp\u00e9rience.<\/p>\n<p>Alors aujourd\u2019hui face \u00e0 une recrudescence des maladies d\u2019origine virale \u2013 notamment \u00e0 cause des activit\u00e9s agricoles et foresti\u00e8res industrielles qui d\u00e9truisent les \u00e9cosyst\u00e8mes naturels de notre environnement, mais aussi ceux de notre propre organisme \u2013 il faut se souvenir que nous ne partons pas de rien\u2026 Que des formes de soin que nous connaissons depuis toujours peuvent \u00eatre appropriables et transposables dans les situations nouvelles.<\/p>\n<p>Il est temps de r\u00e9-apprendre \u00e0 se prot\u00e9ger et \u00e0 se soigner avec les plantes. Elles poss\u00e8dent des substances actives qui permettent de stimuler nos anticorps, de lutter contre les virus et d\u2019en inhiber la multiplication. Les risques de r\u00e9sistance sont nuls, les effets secondaires sont inexistants lorsqu\u2019elles sont utilis\u00e9es correctement.<\/p>\n<p>Savoir que l\u2019on n\u2019est pas compl\u00e8tement d\u00e9pourvu face \u00e0 une attaque virale aide \u00e0 y faire face et \u00e0 en avoir moins peur. En ce sens, \u00c9lise Bain contribue \u00e0 redonner confiance en la sant\u00e9 de toutes les personnes qui se sont senties ou se sentent encore quelque peu d\u00e9munies et \u00e0 leur faciliter l\u2019acc\u00e8s au chemin des plantes, des simples.<\/p>\n<p>Elle r\u00e9pertorie plus de cinquante plantes \u2013 faciles \u00e0 cultiver, \u00e0 trouver ou \u00e0 cueillir \u2013 pour renforcer en amont le syst\u00e8me immunitaire et se prot\u00e9ger des virus, att\u00e9nuer les sympt\u00f4mes et en gu\u00e9rir, favoriser la convalescence et \u00e9viter les rechutes.<\/p>\n<p>\u00c0 chaque plante, son mode d\u2019emploi pr\u00e9cis. Pour un usage concluant, il faut respecter les posologies (quantit\u00e9s et dur\u00e9es) et choisir des plantes d\u2019une qualit\u00e9 irr\u00e9prochable (origine, cueillette, s\u00e9chage et stockage).<br \/>\nUn livre passionnant et passionn\u00e9, pour voir enfin r\u00e9concili\u00e9s l\u2019Homme et la nature.<\/p>\n<h3>Les grandes lignes de l\u2019ouvrage<\/h3>\n<ul>\n<li>Plantes me\u0301dicinales et pande\u0301mies, l\u2019e\u0301ternel retour<\/li>\n<li>Pre\u0301venir ou soigner avec les moyens du bord<\/li>\n<li>Du bon usage des plantes me\u0301dicinales<\/li>\n<li>La pre\u0301vention : les plantes qui fortifient<\/li>\n<li>Des plantes pour les infections le\u0301ge\u0300res \u00e0 mode\u0301re\u0301es<\/li>\n<li>Les plantes contre-indique\u0301es en cas de covid-19<\/li>\n<li>Apr\u00e8s la phase aigu\u00eb<\/li>\n<li>Les plantes de la convalescence<\/li>\n<li>Stress, anxi\u00e9t\u00e9, insomnies, \u00e9tats d\u00e9pressifs : contexte social et post-\u00e9pid\u00e9mie<\/li>\n<li>R\u00e8gles douloureuses et probl\u00e8mes hormonaux en p\u00e9riode de pand\u00e9mie<\/li>\n<li>Accorder aux plantes la consid\u00e9ration qu\u2019elles m\u00e9ritent<\/li>\n<\/ul>\n<p><strong>\u00c9lise Bain<\/strong> est ethnobotaniste. Elle explore les multiples relations qui existent entre les humains et la flore. Elle s\u2019attache \u00e0 recueillir les usages transmis de mani\u00e8re orale depuis des g\u00e9n\u00e9rations. Elle est enfin depuis longtemps une utilisatrice \u00e9clair\u00e9e des plantes m\u00e9dicinales.<\/p>\n<p><strong>Thierry Th\u00e9venin<\/strong> une r\u00e9f\u00e9rence dans le monde de l\u2019herboristerie. Il est porte-parole du syndicat des S.I.M.P.L.E.S. Il a co-fond\u00e9 l\u2019association Vieilles racines &amp; jeunes pousses qui a ouvert une ferme-\u00e9cole en ethnobotanique appliqu\u00e9e.<\/p>\n<p><strong>Clo\u00e9 Rousset<\/strong> est artiste-artisane textile, brodeuse tout terrain et trap\u00e9ziste. Form\u00e9e aux arts textiles \u00e0 l\u2019Ecole Duperr\u00e9, puis \u00e0 l\u2019Acad\u00e9mie d\u2019Art de Vilnius, elle aime enrichir et affiner continuellement son savoir-faire aupr\u00e8s d\u2019artistes et d\u2019artisans, c\u00f4toy\u00e9s en voyage ou dans le cadre de projets collectifs.<\/p>\n","protected":false},"excerpt":{"rendered":"<p>Nous pi\u00e9tinons tous les jours ce qui pourrait nous sortir le plus souvent de mauvaises passes. Tout aussi simples \u00e0 trouver ou \u00e0 cultiver qu\u2019\u00e0 utiliser, les plantes m\u00e9dicinales sont de pr\u00e9cieuses alli\u00e9es dans bien des circonstances. Ce livre est fait pour vous si vous cherchez \u00e0 : Reprendre en main votre sant\u00e9 et celle [&hellip;]<\/p>\n","protected":false},"featured_media":58475,"template":"","meta":{"_acf_changed":false,"_genesis_hide_title":false,"_genesis_hide_breadcrumbs":false,"_genesis_hide_singular_image":false,"_genesis_hide_footer_widgets":false,"_genesis_custom_body_class":"","_genesis_custom_post_class":"","_genesis_layout":""},"product_brand":[],"product_cat":[7132,7200,7196],"product_tag":[],"class_list":{"0":"post-58472","1":"product","2":"type-product","3":"status-publish","4":"has-post-thumbnail","6":"product_cat-books","7":"product_cat-nature-gardening-en","8":"product_cat-nature-tourism-en","9":"pa_auteur-bain-elise-en","10":"pa_auteur-thevenin-thierry-en","11":"pa_editeur-les-mots-qui-portent-en","12":"pa_illustrateur-rousset-cloe-en","13":"pa_langue-francais-en","14":"entry","16":"first","17":"instock","18":"shipping-taxable","19":"purchasable","20":"product-type-simple"},"acf":[],"_links":{"self":[{"href":"https:\/\/www.libraria-occitana.org\/en\/wp-json\/wp\/v2\/product\/58472","targetHints":{"allow":["GET"]}}],"collection":[{"href":"https:\/\/www.libraria-occitana.org\/en\/wp-json\/wp\/v2\/product"}],"about":[{"href":"https:\/\/www.libraria-occitana.org\/en\/wp-json\/wp\/v2\/types\/product"}],"wp:featuredmedia":[{"embeddable":true,"href":"https:\/\/www.libraria-occitana.org\/en\/wp-json\/wp\/v2\/media\/58475"}],"wp:attachment":[{"href":"https:\/\/www.libraria-occitana.org\/en\/wp-json\/wp\/v2\/media?parent=58472"}],"wp:term":[{"taxonomy":"product_brand","embeddable":true,"href":"https:\/\/www.libraria-occitana.org\/en\/wp-json\/wp\/v2\/product_brand?post=58472"},{"taxonomy":"product_cat","embeddable":true,"href":"https:\/\/www.libraria-occitana.org\/en\/wp-json\/wp\/v2\/product_cat?post=58472"},{"taxonomy":"product_tag","embeddable":true,"href":"https:\/\/www.libraria-occitana.org\/en\/wp-json\/wp\/v2\/product_tag?post=58472"}],"curies":[{"name":"wp","href":"https:\/\/api.w.org\/{rel}","templated":true}]}}