{"id":58537,"date":"2023-09-29T11:50:51","date_gmt":"2023-09-29T09:50:51","guid":{"rendered":"http:\/\/www.libraria-occitana.org\/?post_type=product&#038;p=58537"},"modified":"2026-04-26T02:26:32","modified_gmt":"2026-04-26T00:26:32","slug":"vielle-a-roue-musique-traditionnelle-du-massif-central","status":"publish","type":"product","link":"https:\/\/www.libraria-occitana.org\/en\/product\/vielle-a-roue-musique-traditionnelle-du-massif-central\/","title":{"rendered":"Vielle \u00e0 roue : Musique traditionnelle du Massif Central"},"content":{"rendered":"<p><strong>Anne-Lise Foy :<\/strong> Vielle-\u00e0-roue, chant<\/p>\n<p>Traditionnel : Auvergne, haute et basse (14 titres), Auvergnats de Paris (6 titres), Limousin (4 titres), Velay (2 titres).<br \/>\nCompositions : Robert Bras (1 titre), Martin Cayla et Joseph Canteloube (1 titre), Jean-Michel Ponty (1 titre).<\/p>\n<p>Pr\u00e9sente-t-on Anne-Lise Foy ? Cette grande vielleuse \u00e9m\u00e9rite a co-fond\u00e9 et jou\u00e9 avec tant de groupes fameux, aux r\u00e9pertoires et \u00e0 la fa\u00e7on de s\u2019approprier la musique traditionnelle si vari\u00e9s, du Trio DCA au tout r\u00e9cent Traucane\u00f9, en passant par Toctoctoc, Guillaume Lopez, Le petit Bal RataMouche, Cyrille Brotto, Patrick Bouffard, Duo Bertrand, Tend\u2019M, V\u00e9nus Vox, Bopiano, et tant d\u2019autres c\u00e9l\u00e8bres duos ou trios\u2026<\/p>\n<p>Mais on ne conna\u00eet \u00e0 coup s\u00fbr pas tout de son parcours : qui savait qu\u2019Anne-Lise avait \u00e9t\u00e9 \u00e9lue Miss Av\u00e8ze en 1991, et plus particuli\u00e8rement Pastourelle de la Ligue auvergnate en 1992 \u2013 la premi\u00e8re Pastourelle issue de la section du Puy-de-D\u00f4me ?<\/p>\n<p>C\u2019est qu\u2019Anne-Lise a \u00e9t\u00e9 initi\u00e9e d\u00e8s l\u2019\u00e2ge de 4 ans aux danses auvergnates et \u00e0 la vielle au sein du groupe folklorique La Crouzade de Rueil-Malmaison, o\u00f9 ses parents l\u2019emmenaient. Elle est une enfant des Auvergnats de Paris, et notamment de ce mouvement amicaliste initi\u00e9 par Louis Bonnet en 1886, auquel la musique et les danses dites du Massif Central doivent tant.<\/p>\n<p>Comme elle s\u2019en explique dans son livret, son jeu, r\u00e9solument au service de la danse, est directement inspir\u00e9 par les caract\u00e9ristiques du jeu de cabrette, l\u2019embl\u00e9matique instrument auvergnat, et ses nombreuses rencontres avec les cabretta\u00efres. Quant au r\u00e9pertoire choisi pour cet album, il m\u00eale intimement les airs recueillis aupr\u00e8s des violoneux du Massif Central, les m\u00e9lodies \u00e9closes chez les accord\u00e9onistes et cabretta\u00efres des Auvergnats de Paris et les collectages de Joseph Canteloube.<\/p>\n<p>Ce premier CD solo de sa carri\u00e8re est en quelque sorte un retour aux sources. Il est aussi un bel hommage \u00e0 son papa, le premier cabretta\u00efre qu\u2019elle a connu, d\u00e9c\u00e9d\u00e9 peu de temps avant la sortie de ce disque, \u00ab qui aurait certainement \u00e9t\u00e9 son album pr\u00e9f\u00e9r\u00e9 dans ma discographie. \u00bb<\/p>\n<p><strong>Titres :<\/strong><br \/>\n1. Bourr\u00e9e dite de l&#8217;Amblard, Bourr\u00e9e sans nom &amp; Bourr\u00e9e \u00e0 Gustou \/ La Vicoise &amp; La Tricoutade (bourr\u00e9es \u00e0 3 temps) 6&#8217;26<br \/>\n2. La Passion &amp; Tota la setmana (valse \/ polka) 4&#8217;08<br \/>\n3. Pauvre soldat revenant de guerre (valse) 2&#8217;56<br \/>\n4. E la menam quela genta novia &amp; Chr\u00e9tiens r\u00e9veillez-vous (marches) 2&#8217;45<br \/>\n5. Bourr\u00e9e de Chappe &amp; Ent&#8217; anara garda (bourr\u00e9es \u00e0 3 temps) 2&#8217;49<br \/>\n6. Mazurka du Lanternaire &amp; Mazurka de Gentiane 4&#8217;59<br \/>\n7. Quon lo postouro s&#8217;en bo&#8217; oy chomps, De bon matin me suis lev\u00e9 &amp; Bourr\u00e9e d\u00e9roul\u00e9e \u00e0 Choulette (valse \u00e0 5 temps \/ marche \/ bourr\u00e9e \u00e0 3 temps) 3&#8217;57<br \/>\n8. Ton qu\u00e9r\u00e9 &amp; Oy, oy, cou\u00e7i i\u00e8u foray (valse \/ scottish-valse) 3&#8217;40<br \/>\n9. Polkas piqu\u00e9es 4&#8217;13<br \/>\n10. Il y a un mois ou cinq semaines (valse) 3&#8217;37<br \/>\n11. Sur le pont d&#8217;Entraygues, La bourr\u00e9e des familles, Les ventres noirs &amp; Pierre labora (bourr\u00e9es \u00e0 3 temps) 5&#8217;29<\/p>\n","protected":false},"excerpt":{"rendered":"<p>Anne-Lise Foy : Vielle-\u00e0-roue, chant Traditionnel : Auvergne, haute et basse (14 titres), Auvergnats de Paris (6 titres), Limousin (4 titres), Velay (2 titres). Compositions : Robert Bras (1 titre), Martin Cayla et Joseph Canteloube (1 titre), Jean-Michel Ponty (1 titre). Pr\u00e9sente-t-on Anne-Lise Foy ? Cette grande vielleuse \u00e9m\u00e9rite a co-fond\u00e9 et jou\u00e9 avec tant [&hellip;]<\/p>\n","protected":false},"featured_media":58540,"template":"","meta":{"_acf_changed":false,"_genesis_hide_title":false,"_genesis_hide_breadcrumbs":false,"_genesis_hide_singular_image":false,"_genesis_hide_footer_widgets":false,"_genesis_custom_body_class":"","_genesis_custom_post_class":"","_genesis_layout":""},"product_brand":[],"product_cat":[7228,7216],"product_tag":[],"class_list":{"0":"post-58537","1":"product","2":"type-product","3":"status-publish","4":"has-post-thumbnail","6":"product_cat-modern-folk-en","7":"product_cat-music-en","8":"pa_auteur-foy-anne-lise-en","9":"pa_editeur-aepem-en","10":"pa_langue-francais-en","11":"entry","13":"first","14":"instock","15":"shipping-taxable","16":"purchasable","17":"product-type-simple"},"acf":[],"_links":{"self":[{"href":"https:\/\/www.libraria-occitana.org\/en\/wp-json\/wp\/v2\/product\/58537","targetHints":{"allow":["GET"]}}],"collection":[{"href":"https:\/\/www.libraria-occitana.org\/en\/wp-json\/wp\/v2\/product"}],"about":[{"href":"https:\/\/www.libraria-occitana.org\/en\/wp-json\/wp\/v2\/types\/product"}],"wp:featuredmedia":[{"embeddable":true,"href":"https:\/\/www.libraria-occitana.org\/en\/wp-json\/wp\/v2\/media\/58540"}],"wp:attachment":[{"href":"https:\/\/www.libraria-occitana.org\/en\/wp-json\/wp\/v2\/media?parent=58537"}],"wp:term":[{"taxonomy":"product_brand","embeddable":true,"href":"https:\/\/www.libraria-occitana.org\/en\/wp-json\/wp\/v2\/product_brand?post=58537"},{"taxonomy":"product_cat","embeddable":true,"href":"https:\/\/www.libraria-occitana.org\/en\/wp-json\/wp\/v2\/product_cat?post=58537"},{"taxonomy":"product_tag","embeddable":true,"href":"https:\/\/www.libraria-occitana.org\/en\/wp-json\/wp\/v2\/product_tag?post=58537"}],"curies":[{"name":"wp","href":"https:\/\/api.w.org\/{rel}","templated":true}]}}