{"id":58574,"date":"2023-10-06T14:56:09","date_gmt":"2023-10-06T12:56:09","guid":{"rendered":"http:\/\/www.libraria-occitana.org\/product\/impromptus\/"},"modified":"2026-04-14T23:11:37","modified_gmt":"2026-04-14T21:11:37","slug":"impromptus","status":"publish","type":"product","link":"https:\/\/www.libraria-occitana.org\/en\/product\/impromptus\/","title":{"rendered":"Imprompt\u00fas"},"content":{"rendered":"<p>Bernard Manciet propose neuf po\u00e8mes impromptus, \u00e9crits \u00ab de chic \u00bb comme il dit, sans mod\u00e8le, de fa\u00e7on spontan\u00e9e. Des po\u00e8mes forts, des po\u00e8mes construits et d\u00e9routants, des po\u00e8mes de franc-tireur.<\/p>\n<blockquote>\n<p>adieu Geni\u00e8vre adieu Lia<br \/>\nd&#8217;un doigt le long de votre joue<br \/>\nadieu Line et Jacqueline<br \/>\nadieu le jour s&#8217;en va<\/p>\n<p>(extrait d&#8217;<em>Impromptu de Raqu\u00eds<\/em>)<\/p>\n<\/blockquote>\n","protected":false},"excerpt":{"rendered":"<p>Bernard Manciet propose neuf po\u00e8mes impromptus, \u00e9crits \u00ab de chic \u00bb comme il dit, sans mod\u00e8le, de fa\u00e7on spontan\u00e9e. Des po\u00e8mes forts, des po\u00e8mes construits et d\u00e9routants, des po\u00e8mes de franc-tireur. adieu Geni\u00e8vre adieu Lia d&#8217;un doigt le long de votre joue adieu Line et Jacqueline adieu le jour s&#8217;en va (extrait d&#8217;Impromptu de Raqu\u00eds)<\/p>\n","protected":false},"featured_media":58572,"template":"","meta":{"_acf_changed":false,"_genesis_hide_title":false,"_genesis_hide_breadcrumbs":false,"_genesis_hide_singular_image":false,"_genesis_hide_footer_widgets":false,"_genesis_custom_body_class":"","_genesis_custom_post_class":"","_genesis_layout":""},"product_brand":[],"product_cat":[7132,7174,7180],"product_tag":[],"class_list":{"0":"post-58574","1":"product","2":"type-product","3":"status-publish","4":"has-post-thumbnail","6":"product_cat-books","7":"product_cat-literature-en","8":"product_cat-poetry-en","9":"pa_auteur-manciet-bernat-manciet-bernard-en","10":"pa_editeur-reclams-en","11":"pa_langue-occitan-gascon-en","12":"pa_langue-occitan-francais-en","13":"entry","15":"first","16":"outofstock","17":"shipping-taxable","18":"purchasable","19":"product-type-simple"},"acf":[],"_links":{"self":[{"href":"https:\/\/www.libraria-occitana.org\/en\/wp-json\/wp\/v2\/product\/58574","targetHints":{"allow":["GET"]}}],"collection":[{"href":"https:\/\/www.libraria-occitana.org\/en\/wp-json\/wp\/v2\/product"}],"about":[{"href":"https:\/\/www.libraria-occitana.org\/en\/wp-json\/wp\/v2\/types\/product"}],"wp:featuredmedia":[{"embeddable":true,"href":"https:\/\/www.libraria-occitana.org\/en\/wp-json\/wp\/v2\/media\/58572"}],"wp:attachment":[{"href":"https:\/\/www.libraria-occitana.org\/en\/wp-json\/wp\/v2\/media?parent=58574"}],"wp:term":[{"taxonomy":"product_brand","embeddable":true,"href":"https:\/\/www.libraria-occitana.org\/en\/wp-json\/wp\/v2\/product_brand?post=58574"},{"taxonomy":"product_cat","embeddable":true,"href":"https:\/\/www.libraria-occitana.org\/en\/wp-json\/wp\/v2\/product_cat?post=58574"},{"taxonomy":"product_tag","embeddable":true,"href":"https:\/\/www.libraria-occitana.org\/en\/wp-json\/wp\/v2\/product_tag?post=58574"}],"curies":[{"name":"wp","href":"https:\/\/api.w.org\/{rel}","templated":true}]}}