{"id":58633,"date":"2023-10-23T15:26:56","date_gmt":"2023-10-23T13:26:56","guid":{"rendered":"http:\/\/www.libraria-occitana.org\/?post_type=product&#038;p=58633"},"modified":"2026-04-29T05:56:58","modified_gmt":"2026-04-29T03:56:58","slug":"la-peira-que-nada-libre-audio","status":"publish","type":"product","link":"https:\/\/www.libraria-occitana.org\/en\/product\/la-peira-que-nada-libre-audio\/","title":{"rendered":"La peira que nada (libre + audi\u00f2)"},"content":{"rendered":"<p>Conte de cr\u00e9ation de Serge Mauhourat, illustr\u00e9 par Philippe Bichon.<\/p>\n<p>Le voyage d&#8217;un caillou de la montagne \u00e0 l&#8217;oc\u00e9an&#8230; aux mers du monde, un carnet de voyage&#8230;<\/p>\n<p>\u00c0 cette femme qu&#8217;ils avaient vu marcher le long du gave, qui ramassait un caillou, le mettait \u00e0 son oreille, le reposait, en ramassait un autre&#8230; C&#8217;est l&#8217;histoire d&#8217;un caillou, un bout de rocher d\u00e9tach\u00e9 d&#8217;une montagne qui vient tomber au pied d&#8217;un jeune sapin. En grandissant, l&#8217;arbre l&#8217;enveloppe, le recouvre. L&#8217;\u00e9corce le fait sien. D\u00e9sormais, il va entendre tous les bruits qui l&#8217;entourent : le vent, la pluie, les \u00ab tintins, dong-dongs, bongbongs, torrom-borroms \u00bb qui montent chaque printemps, les b\u00eates contentes de revenir, les histoires port\u00e9es par les voix des berg\u00e8res et des bergers&#8230; Les saisons, les ann\u00e9es, le temps qui passe. Il n&#8217;est pas long le temps pour un caillou. Et puis un jour, crrrrac !<\/p>\n<p>Un album b\u00e2ti \u00e0 la fa\u00e7on d&#8217;un carnet de voyage, un voyage \u00e0 travers le monde et le temps.<\/p>\n<p>Cycles 3-4<br \/>\nLecture de Patrick Ratineaud disponible sur <a href=\"http:\/\/www.capoc.fr\/\">http:\/\/www.capoc.fr\/<\/a><\/p>\n","protected":false},"excerpt":{"rendered":"<p>Conte de cr\u00e9ation de Serge Mauhourat, illustr\u00e9 par Philippe Bichon. Le voyage d&#8217;un caillou de la montagne \u00e0 l&#8217;oc\u00e9an&#8230; aux mers du monde, un carnet de voyage&#8230; \u00c0 cette femme qu&#8217;ils avaient vu marcher le long du gave, qui ramassait un caillou, le mettait \u00e0 son oreille, le reposait, en ramassait un autre&#8230; C&#8217;est l&#8217;histoire [&hellip;]<\/p>\n","protected":false},"featured_media":58636,"template":"","meta":{"_acf_changed":false,"_genesis_hide_title":false,"_genesis_hide_breadcrumbs":false,"_genesis_hide_singular_image":false,"_genesis_hide_footer_widgets":false,"_genesis_custom_body_class":"","_genesis_custom_post_class":"","_genesis_layout":""},"product_brand":[],"product_cat":[7132,7170,7164],"product_tag":[],"class_list":{"0":"post-58633","1":"product","2":"type-product","3":"status-publish","4":"has-post-thumbnail","6":"product_cat-books","7":"product_cat-juvenile-en","8":"product_cat-juvenile-and-teen-comics-humour-en","9":"pa_auteur-bichon-philippe-en","10":"pa_auteur-mauhorat-sergi-en","11":"pa_editeur-canope-editions-en","12":"pa_illustrateur-eyssalet-josiane-en","13":"pa_langue-occitan-en","14":"pa_langue-occitan-lemosin-en","15":"entry","17":"first","18":"instock","19":"shipping-taxable","20":"purchasable","21":"product-type-simple"},"acf":[],"_links":{"self":[{"href":"https:\/\/www.libraria-occitana.org\/en\/wp-json\/wp\/v2\/product\/58633","targetHints":{"allow":["GET"]}}],"collection":[{"href":"https:\/\/www.libraria-occitana.org\/en\/wp-json\/wp\/v2\/product"}],"about":[{"href":"https:\/\/www.libraria-occitana.org\/en\/wp-json\/wp\/v2\/types\/product"}],"wp:featuredmedia":[{"embeddable":true,"href":"https:\/\/www.libraria-occitana.org\/en\/wp-json\/wp\/v2\/media\/58636"}],"wp:attachment":[{"href":"https:\/\/www.libraria-occitana.org\/en\/wp-json\/wp\/v2\/media?parent=58633"}],"wp:term":[{"taxonomy":"product_brand","embeddable":true,"href":"https:\/\/www.libraria-occitana.org\/en\/wp-json\/wp\/v2\/product_brand?post=58633"},{"taxonomy":"product_cat","embeddable":true,"href":"https:\/\/www.libraria-occitana.org\/en\/wp-json\/wp\/v2\/product_cat?post=58633"},{"taxonomy":"product_tag","embeddable":true,"href":"https:\/\/www.libraria-occitana.org\/en\/wp-json\/wp\/v2\/product_tag?post=58633"}],"curies":[{"name":"wp","href":"https:\/\/api.w.org\/{rel}","templated":true}]}}