{"id":58654,"date":"2023-10-31T18:53:31","date_gmt":"2023-10-31T17:53:31","guid":{"rendered":"http:\/\/www.libraria-occitana.org\/?post_type=product&#038;p=58654"},"modified":"2026-04-25T07:31:06","modified_gmt":"2026-04-25T05:31:06","slug":"maisons-terres-et-familles-perpezac-le-noir-une-commune-en-limousin-1815-1945","status":"publish","type":"product","link":"https:\/\/www.libraria-occitana.org\/en\/product\/maisons-terres-et-familles-perpezac-le-noir-une-commune-en-limousin-1815-1945\/","title":{"rendered":"Maisons, terres et familles : Perpezac-le-Noir, une commune en Limousin (1815-1945)"},"content":{"rendered":"<p>C&#8217;est un tr\u00e8s rare travail que nous livre l\u00e0 Dani\u00e8le Delord. Il aurait pu s&#8217;intituler <strong><em>Perpezac-le Noir, une commune en Limousin<\/em><\/strong>, car elle a m\u00e9ticuleusement \u00e9pluch\u00e9 des centaines de documents d&#8217;\u00c9tat-civil, de d\u00e9lib\u00e9rations de conseil municipal, d&#8217;archives notari\u00e9es\u2026, pour en dresser une sorte de g\u00e9n\u00e9alogie collective.<\/p>\n<p>Mais, riche de cet \u00e9crit consignant le pass\u00e9, elle a \u00e9cout\u00e9 le \u00ab non \u00e9crit \u00bb trop souvent n\u00e9glig\u00e9, elle est all\u00e9e pousser la porte de chacune des maisons, elle a \u00e9cout\u00e9 ses habitants, \u00e9voquer leurs anc\u00eatres, la constitution de leur famille, les alliances entre villages, leurs conditions de vie\u2026 Elle a compris leur attachement si fort \u00e0 cette terre \u00e0 seigle et \u00e0 ch\u00e2taigniers durement conquise sur les seigneurs du lieu. Oui, si fort, et c&#8217;est tout le m\u00e9rite de ce travail de nous l&#8217;avoir r\u00e9v\u00e9l\u00e9, que, dans ce pays o\u00f9 la terre ne se partage pas, on n&#8217;h\u00e9sitait pas l\u00e9guer les biens familiaux \u00e0 sa fille. Cela se savait \u00e0 des lieux \u00e0 la ronde et les gendres accouraient ! \u00c9tonnants gendres qui, par leur travail, leur apport financier et leur dynamisme, ont permis la permanence et la vitalit\u00e9 des familles.<\/p>\n<p>Alors au sous-titre, elle a pu ajouter un titre : <em><strong>Maisons, terres et familles<\/strong><\/em>.<\/p>\n<p>Postface et accompagnement : Marie-France Houdart.<\/p>\n","protected":false},"excerpt":{"rendered":"<p>C&#8217;est un tr\u00e8s rare travail que nous livre l\u00e0 Dani\u00e8le Delord. Il aurait pu s&#8217;intituler Perpezac-le Noir, une commune en Limousin, car elle a m\u00e9ticuleusement \u00e9pluch\u00e9 des centaines de documents d&#8217;\u00c9tat-civil, de d\u00e9lib\u00e9rations de conseil municipal, d&#8217;archives notari\u00e9es\u2026, pour en dresser une sorte de g\u00e9n\u00e9alogie collective. Mais, riche de cet \u00e9crit consignant le pass\u00e9, elle [&hellip;]<\/p>\n","protected":false},"featured_media":58657,"template":"","meta":{"_acf_changed":false,"_genesis_hide_title":false,"_genesis_hide_breadcrumbs":false,"_genesis_hide_singular_image":false,"_genesis_hide_footer_widgets":false,"_genesis_custom_body_class":"","_genesis_custom_post_class":"","_genesis_layout":""},"product_brand":[],"product_cat":[7132,7148,7158],"product_tag":[],"class_list":{"0":"post-58654","1":"product","2":"type-product","3":"status-publish","4":"has-post-thumbnail","6":"product_cat-books","7":"product_cat-history-geography-en","8":"product_cat-modern-and-contemporary-history-en","9":"pa_auteur-delord-daniele-en","10":"pa_editeur-maiade-en","11":"pa_langue-francais-en","12":"entry","14":"first","15":"instock","16":"shipping-taxable","17":"purchasable","18":"product-type-simple"},"acf":[],"_links":{"self":[{"href":"https:\/\/www.libraria-occitana.org\/en\/wp-json\/wp\/v2\/product\/58654","targetHints":{"allow":["GET"]}}],"collection":[{"href":"https:\/\/www.libraria-occitana.org\/en\/wp-json\/wp\/v2\/product"}],"about":[{"href":"https:\/\/www.libraria-occitana.org\/en\/wp-json\/wp\/v2\/types\/product"}],"wp:featuredmedia":[{"embeddable":true,"href":"https:\/\/www.libraria-occitana.org\/en\/wp-json\/wp\/v2\/media\/58657"}],"wp:attachment":[{"href":"https:\/\/www.libraria-occitana.org\/en\/wp-json\/wp\/v2\/media?parent=58654"}],"wp:term":[{"taxonomy":"product_brand","embeddable":true,"href":"https:\/\/www.libraria-occitana.org\/en\/wp-json\/wp\/v2\/product_brand?post=58654"},{"taxonomy":"product_cat","embeddable":true,"href":"https:\/\/www.libraria-occitana.org\/en\/wp-json\/wp\/v2\/product_cat?post=58654"},{"taxonomy":"product_tag","embeddable":true,"href":"https:\/\/www.libraria-occitana.org\/en\/wp-json\/wp\/v2\/product_tag?post=58654"}],"curies":[{"name":"wp","href":"https:\/\/api.w.org\/{rel}","templated":true}]}}