{"id":58668,"date":"2023-10-31T19:34:00","date_gmt":"2023-10-31T18:34:00","guid":{"rendered":"http:\/\/www.libraria-occitana.org\/?post_type=product&#038;p=58668"},"modified":"2026-04-25T07:36:30","modified_gmt":"2026-04-25T05:36:30","slug":"vieux-chants-quercinois-recueillis-et-notes-vers-1900-tomes-3-4","status":"publish","type":"product","link":"https:\/\/www.libraria-occitana.org\/en\/product\/vieux-chants-quercinois-recueillis-et-notes-vers-1900-tomes-3-4\/","title":{"rendered":"Vieux chants quercinois recueillis et not\u00e9s vers 1900 Tomes 3 &#038; 4"},"content":{"rendered":"<p>Il \u00e9tait fils de paysans, pr\u00eatre, \u00e9rudit, s&#8217;int\u00e9ressant \u00e0 tous les sujets qui pouvaient toucher son Quercy natal, qu&#8217;ils soient li\u00e9s au pass\u00e9 ou \u00e0 l&#8217;actualit\u00e9 la plus br\u00fblante. Parmi toutes ses productions, l\u2019Abb\u00e9 Lacoste (1851-1924) a recueilli entre la fin du 19\u00e8me si\u00e8cle et le d\u00e9but du 20\u00e8me plus de 340 chansons et airs divers, qu&#8217;il a soigneusement consign\u00e9s dans un manuscrit qu&#8217;il esp\u00e9rait bien voir publi\u00e9 un jour. Mais les circonstances ont fait que ce manuscrit est rest\u00e9 dormir de longues ann\u00e9es, avant d&#8217;\u00eatre red\u00e9couvert vers les ann\u00e9es 1980 par des passionn\u00e9s de musiques traditionnelles. Les chants li\u00e9s \u00e0 la danse ont \u00e9t\u00e9 exploit\u00e9s en priorit\u00e9, permettant un v\u00e9ritable renouveau du chant, de la danse et de la musique traditionnelle occitane en Quercy. Mais les \u00ab Vieux chants quercinois \u00bb vont bien au-del\u00e0, car l&#8217;abb\u00e9 s&#8217;est int\u00e9ress\u00e9 \u00e0 tous les domaines : chants du monde rural, de la bourgeoisie urbaine, chants de marins, de soldats, chants de l&#8217;enfance, chants d&#8217;\u00e9glise, airs de danse, etc. C&#8217;est ainsi que presque cent ans apr\u00e8s sa mort, nous nous sommes d\u00e9cid\u00e9s \u00e0 publier ce manuscrit dans son int\u00e9gralit\u00e9, en quatre tomes, en esp\u00e9rant que sa lecture satisfera tous ceux qui s&#8217;int\u00e9ressent \u00e0 la culture et au patrimoine du Quercy. Car ce sont bien davantage que de simples chansons : \u00e0 travers elles, c&#8217;est toute une soci\u00e9t\u00e9, avec ses croyances, ses traditions, sa culture, qui ressurgit devant nous.<\/p>\n<p>Les tomes 3 &amp; 4 propos\u00e9s ici contiennent respectivement 92 et 95 chants.<\/p>\n<p><strong>Sommaire<\/strong><br \/>\n<strong>Tome 3 :<\/strong><br \/>\n&#8211; Vieux chants quercinois : tome 3<br \/>\n&#8211; Sommaire<br \/>\n&#8211; Vieux chants quercinois : du manuscrit \u00e0 l&#8217;\u00e9dition<br \/>\n&#8211; L&#8217;Abb\u00e9 Lacoste<br \/>\n&#8211; Le Quercy<br \/>\n&#8211; Chapitres de l&#8217;ouvrage complet<br \/>\n&#8211; Petit guide pour aider \u00e0 lire et \u00e0 parler la langue d&#8217;Oc<br \/>\n&#8211; Origine des chants<br \/>\n&#8211; Le d\u00e9partement du Lot au temps de l&#8217;Abb\u00e9 Lacoste<br \/>\n&#8211; Table analytique des mati\u00e8res<br \/>\n&#8211; Chapitre 13 : Chants divers<br \/>\n&#8211; Chapitre 14 : Danses<br \/>\n&#8211; Table alphab\u00e9tique des mati\u00e8res<\/p>\n<p><strong>Tome 4 :<\/strong><br \/>\n&#8211; Vieux chants quercinois : tome 4<br \/>\n&#8211; Sommaire<br \/>\n&#8211; Chapitres de l&#8217;ouvrage complet<br \/>\n&#8211; Vieux chants quercinois : du manuscrit \u00e0 l&#8217;\u00e9dition<br \/>\n&#8211; Lacoste : et apr\u00e8s ? D&#8217;hier \u00e0 aujourd&#8217;hui<br \/>\n&#8211; Table analytique des mati\u00e8res<br \/>\n&#8211; Petit guide pour aider \u00e0 lire et \u00e0 parler la langue d&#8217;Oc<br \/>\n&#8211; Chapitre 15 : Rondes et farandoles<br \/>\n&#8211; Chapitre 16 : Chants de l&#8217;enfance<br \/>\n&#8211; Chapitre 17 : Chants religieux<br \/>\n&#8211; Une bibliographie s\u00e9lective<br \/>\n&#8211; Table alphab\u00e9tique des mati\u00e8res<\/p>\n<p><a href=\"http:\/\/www.libraria-occitana.org\/produit\/vieux-chants-quercynois-recueillis-et-notes-vers-1900-tomes-1-2\/\"><em>Vieux chants quercinois recueillis et not\u00e9s vers 1900<\/em> Tomes 1 &amp; 2<\/a><\/p>\n","protected":false},"excerpt":{"rendered":"<p>Il \u00e9tait fils de paysans, pr\u00eatre, \u00e9rudit, s&#8217;int\u00e9ressant \u00e0 tous les sujets qui pouvaient toucher son Quercy natal, qu&#8217;ils soient li\u00e9s au pass\u00e9 ou \u00e0 l&#8217;actualit\u00e9 la plus br\u00fblante. Parmi toutes ses productions, l\u2019Abb\u00e9 Lacoste (1851-1924) a recueilli entre la fin du 19\u00e8me si\u00e8cle et le d\u00e9but du 20\u00e8me plus de 340 chansons et airs [&hellip;]<\/p>\n","protected":false},"featured_media":58671,"template":"","meta":{"_acf_changed":false,"_genesis_hide_title":false,"_genesis_hide_breadcrumbs":false,"_genesis_hide_singular_image":false,"_genesis_hide_footer_widgets":false,"_genesis_custom_body_class":"","_genesis_custom_post_class":"","_genesis_layout":""},"product_brand":[],"product_cat":[7132,7190,7192],"product_tag":[],"class_list":{"0":"post-58668","1":"product","2":"type-product","3":"status-publish","4":"has-post-thumbnail","6":"product_cat-books","7":"product_cat-music-dances-en","8":"product_cat-scores-lyrics-en","9":"pa_auteur-lacoste-francois-maurice-en","10":"pa_editeur-edicausse-en","11":"pa_langue-francais-en","12":"pa_langue-occitan-en","13":"pa_langue-occitan-lengadocian-en","14":"entry","16":"first","17":"instock","18":"shipping-taxable","19":"purchasable","20":"product-type-simple"},"acf":[],"_links":{"self":[{"href":"https:\/\/www.libraria-occitana.org\/en\/wp-json\/wp\/v2\/product\/58668","targetHints":{"allow":["GET"]}}],"collection":[{"href":"https:\/\/www.libraria-occitana.org\/en\/wp-json\/wp\/v2\/product"}],"about":[{"href":"https:\/\/www.libraria-occitana.org\/en\/wp-json\/wp\/v2\/types\/product"}],"wp:featuredmedia":[{"embeddable":true,"href":"https:\/\/www.libraria-occitana.org\/en\/wp-json\/wp\/v2\/media\/58671"}],"wp:attachment":[{"href":"https:\/\/www.libraria-occitana.org\/en\/wp-json\/wp\/v2\/media?parent=58668"}],"wp:term":[{"taxonomy":"product_brand","embeddable":true,"href":"https:\/\/www.libraria-occitana.org\/en\/wp-json\/wp\/v2\/product_brand?post=58668"},{"taxonomy":"product_cat","embeddable":true,"href":"https:\/\/www.libraria-occitana.org\/en\/wp-json\/wp\/v2\/product_cat?post=58668"},{"taxonomy":"product_tag","embeddable":true,"href":"https:\/\/www.libraria-occitana.org\/en\/wp-json\/wp\/v2\/product_tag?post=58668"}],"curies":[{"name":"wp","href":"https:\/\/api.w.org\/{rel}","templated":true}]}}