{"id":58734,"date":"2023-11-20T16:39:22","date_gmt":"2023-11-20T15:39:22","guid":{"rendered":"http:\/\/www.libraria-occitana.org\/?post_type=product&#038;p=58734"},"modified":"2026-04-29T01:31:23","modified_gmt":"2026-04-28T23:31:23","slug":"de-las-nhorlas-de-panazo-libre-cd","status":"publish","type":"product","link":"https:\/\/www.libraria-occitana.org\/en\/product\/de-las-nhorlas-de-panazo-libre-cd\/","title":{"rendered":"De las nh\u00f2rlas de Panaz\u00f4 (libre + CD)"},"content":{"rendered":"<p>Il fut un temps o\u00f9, \u00e0 Limoges comme aux quatre coins du Limousin, tout s\u2019arr\u00eatait quand Panaz\u00f4 parlait dans le \u00ab\u00a0poste\u00a0\u00bb.<br \/>\nAu del\u00e0 de ses talents de conteur de <strong>nh\u00f2rlas<\/strong> et de conteur tout court, Panaz\u00f4, alias Andr\u00e9 Dexet (1921-1997) savait aussi se faire \u00e9crivain, journaliste, ethnographe, pour d\u00e9cliner, en une infinit\u00e9 de tons, son amour du Limousin et des Limousins.<br \/>\n<strong>Mas la r\u00f2da a virat e ne\u2019n a passat de l\u2019aiga sos los ponts<\/strong>\u2026 Aussi, comme le temps a fait son \u0153uvre, avons-nous pens\u00e9, en nous appuyant sur le travail r\u00e9alis\u00e9 par Monique Sarazy pour son m\u00e9moire de Ma\u00eetrise, qu\u2019un floril\u00e8ge de \u00ab\u00a0gnorles\u00a0\u00bb de Panaz\u00f4 s\u2019imposait. Histoire de rappeler de bonnes tranches de rigolade aux anciens, histoire aussi <strong>de far descubrir lo monde de Panas\u00f2u aus pus j\u00f2unes<\/strong>, et de permettre \u00e0 d\u2019autres de s\u2019ouvrir \u00e0 cet univers culturel du Limousin rural que Panaz\u00f4 savait si bien mettre en sc\u00e8ne.<br \/>\nAlors plongez-vous sans plus tarder dans ce bain de jouvence, \u00e0 moins que vous ne pr\u00e9f\u00e9riez fermer les yeux en \u00e9coutant le CD, et\u2026 <strong>ardich que te desboire !<\/strong><\/p>\n<h3>La \u00ab\u00a0gnorle\u00a0\u00bb ou \u00ab\u00a0nhorle\u00a0\u00bb<\/h3>\n<p>C\u2019est une histoire dr\u00f4le, une blague \u00e0 la mode limousine, dont on ne peut pas vraiment transposer la saveur dans une autre langue. C\u2019est surtout un petit moment de vie clos o\u00f9 les attitudes, les expressions \u2013 et surtout une bonne dose d\u2019autod\u00e9rision \u2013 font que toutes celles et ceux qui ont c\u00f4toy\u00e9 le Limousin rural se reconna\u00eetront avec d\u00e9lectation.<\/p>\n<p>Dans cet ouvrage, \u00e0 la suite de la biographie de l\u2019auteur et d\u2019une \u00e9tude critique de l\u2019univers de ses histoires, on pourra lire 116 \u00ab\u00a0gnorles\u00a0\u00bb en occitan suivies de leur r\u00e9sum\u00e9 en fran\u00e7ais.<br \/>\nEt, pour le plaisir des oreilles, on trouvera sur un CD accompagnant le livre 35 gnorles racont\u00e9es par cinq conteuses et conteurs de la r\u00e9gion, avec, en bonus, une histoire dite per Panas\u00f2u se mesma !<\/p>\n<h3>Andr\u00e9 Dexet, dit \u00ab Panas\u00f2u \u00bb<\/h3>\n<p>N\u00e9 \u00e0 Limoges (Haute-Vienne), le 24 novembre 1921, dans une famille d\u2019ouvrier de la porcelaine. Ses parents retourneront vivre \u00e0 Panazol o\u00f9 ils \u00e9taient m\u00e9tayers. Apr\u00e8s une adolescence de paysan, il fut un temps ouvrier du b\u00e2timent, et entrera dans la r\u00e9sistance pendant la seconde guerre mondiale. Apr\u00e8s guerre, il d\u00e9butera une carri\u00e8re de journaliste \u00e0 \u00ab L\u2019\u00c9cho du Centre \u00bb en tenant les chroniques Lu bou\u00e9radour din lu toupi sous le pseudonyme de Panaz\u00f4 \u2013 du nom de son bourg de Panazol. Chroniques tr\u00e8s populaires qu\u2019il racontera sur les ondes de Radio Limoges.<br \/>\nHomme de sc\u00e8ne, Panaz\u00f4 fut aussi homme de t\u00e9l\u00e9vision. Auteur d\u2019une douzaine d\u2019ouvrages en fran\u00e7ais et en occitan, il reste encore tr\u00e8s populaire en Limousin. Mort au Palais-sur-Vienne le 17 juillet 1997.<\/p>\n<p><strong>Bibliographie :<\/strong> <em>Panaz\u00f4 conteur occitan<\/em>, Fayard, 1978 ; <em>En Limousin<\/em>, Gruber ; <em>Le petit monde de Panaz\u00f2u<\/em>, Souny ; <em>Un chemin malais\u00e9<\/em>, Souny ; <em>L\u2019enfant de Hautelande<\/em>, Souny ; <em>L\u2019argent du ciel<\/em>, Souny ; <em>Le secret du puits<\/em>, Souny ; <em>L\u2019honneur de la Janille<\/em>, Souny ; <em>Les Ombres du Presbyt\u00e8re<\/em>, Souny ; <em>Le trainard<\/em>, La Veytisou ; <em>Le cafirou<\/em>, La Veytisou ; <em>La Fran\u00e7oise<\/em>, La Veytisou\u2026<\/p>\n","protected":false},"excerpt":{"rendered":"<p>Il fut un temps o\u00f9, \u00e0 Limoges comme aux quatre coins du Limousin, tout s\u2019arr\u00eatait quand Panaz\u00f4 parlait dans le \u00ab\u00a0poste\u00a0\u00bb. Au del\u00e0 de ses talents de conteur de nh\u00f2rlas et de conteur tout court, Panaz\u00f4, alias Andr\u00e9 Dexet (1921-1997) savait aussi se faire \u00e9crivain, journaliste, ethnographe, pour d\u00e9cliner, en une infinit\u00e9 de tons, son [&hellip;]<\/p>\n","protected":false},"featured_media":58737,"template":"","meta":{"_acf_changed":false,"_genesis_hide_title":false,"_genesis_hide_breadcrumbs":false,"_genesis_hide_singular_image":false,"_genesis_hide_footer_widgets":false,"_genesis_custom_body_class":"","_genesis_custom_post_class":"","_genesis_layout":""},"product_brand":[],"product_cat":[7132,7174,7186],"product_tag":[],"class_list":{"0":"post-58734","1":"product","2":"type-product","3":"status-publish","4":"has-post-thumbnail","6":"product_cat-books","7":"product_cat-literature-en","8":"product_cat-personal-narratives-memoirs-en","9":"pa_auteur-dexet-andre-panazo-en","10":"pa_editeur-ieo-lemosin-en-2","11":"pa_langue-francais-en","12":"pa_langue-occitan-en","13":"pa_langue-occitan-lemosin-en","14":"entry","16":"first","17":"instock","18":"shipping-taxable","19":"purchasable","20":"product-type-simple"},"acf":[],"_links":{"self":[{"href":"https:\/\/www.libraria-occitana.org\/en\/wp-json\/wp\/v2\/product\/58734","targetHints":{"allow":["GET"]}}],"collection":[{"href":"https:\/\/www.libraria-occitana.org\/en\/wp-json\/wp\/v2\/product"}],"about":[{"href":"https:\/\/www.libraria-occitana.org\/en\/wp-json\/wp\/v2\/types\/product"}],"wp:featuredmedia":[{"embeddable":true,"href":"https:\/\/www.libraria-occitana.org\/en\/wp-json\/wp\/v2\/media\/58737"}],"wp:attachment":[{"href":"https:\/\/www.libraria-occitana.org\/en\/wp-json\/wp\/v2\/media?parent=58734"}],"wp:term":[{"taxonomy":"product_brand","embeddable":true,"href":"https:\/\/www.libraria-occitana.org\/en\/wp-json\/wp\/v2\/product_brand?post=58734"},{"taxonomy":"product_cat","embeddable":true,"href":"https:\/\/www.libraria-occitana.org\/en\/wp-json\/wp\/v2\/product_cat?post=58734"},{"taxonomy":"product_tag","embeddable":true,"href":"https:\/\/www.libraria-occitana.org\/en\/wp-json\/wp\/v2\/product_tag?post=58734"}],"curies":[{"name":"wp","href":"https:\/\/api.w.org\/{rel}","templated":true}]}}