{"id":58762,"date":"2023-11-22T16:26:55","date_gmt":"2023-11-22T15:26:55","guid":{"rendered":"http:\/\/www.libraria-occitana.org\/?post_type=product&#038;p=58762"},"modified":"2026-04-29T07:06:17","modified_gmt":"2026-04-29T05:06:17","slug":"travaux-darcheologie-limousine-tome-43","status":"publish","type":"product","link":"https:\/\/www.libraria-occitana.org\/en\/product\/travaux-darcheologie-limousine-tome-43\/","title":{"rendered":"Travaux d&#8217;arch\u00e9ologie limousine Tome 43"},"content":{"rendered":"<p><strong>Pr\u00e9histoire et protohistoire<\/strong><\/p>\n<ul>\n<li>Marc Murat, Roche de Vic &#8211; Corr\u00e8ze (pal\u00e9olithique)<\/li>\n<li>Marie-H\u00e9l\u00e8ne Jamois, Traces d&#8217;occupation et pratiques cyn\u00e9g\u00e9tiques au N\u00e9olithique dans l&#8217;est corr\u00e9zien : les exemples de Gros-Chastang et Rosiers d&#8217;\u00c9gletons. Plaidoyer en faveur de la recherche sur le N\u00e9olithique limousin<\/li>\n<li>Marc Parv\u00e9rie, Les petites monnaies gauloises en argent sur le territoire de la Corr\u00e8ze<\/li>\n<\/ul>\n<p>&nbsp;<\/p>\n<p><strong>Antiquit\u00e9<\/strong><\/p>\n<ul>\n<li>Jean-Pierre Bost, Les \u00ab agglom\u00e9rations secondaires \u00bb de la cit\u00e9 des L\u00e9movices : plaidoyer pour l&#8217;\u00e9pigraphie<\/li>\n<li>Jean-Pierre Loustaud, Un s\u00e9isme a-t-il frapp\u00e9 <em>Augustoritum <\/em>\/ Limoges dans la premi\u00e8re moiti\u00e9 du second si\u00e8cle<\/li>\n<li>Rapha\u00ebl Macario, Nouvelles donn\u00e9es sur les <em>insulae<\/em> IV-3 et IV-4 d&#8217;<em>Augustoritum<\/em> : les fouilles r\u00e9centes sur l&#8217;ancien site de la clinique Ch\u00e9nieux<\/li>\n<li>Erwan Nivez, Les espaces fun\u00e9raires au Haut-Empire \u00e0 Limoges \/ <em>Augustoritum<\/em>, approche spatiale et hypoth\u00e8ses de nouvelles localisations<\/li>\n<li>Morgane Andrieu, Guillaume Florent, No\u00e9mie Moncunill Marti, Coline Ruiz Darasse, Un graffite ib\u00e9rique \u00e0 Limoges<\/li>\n<li>Lo\u00efc Androuin, Jacques Roger, Une V\u00e9nus \u00e0 gaine de l&#8217;atelier de REXTVGENOS trouv\u00e9e \u00e0 Issoudun-L\u00e9trieix (Creuse)<\/li>\n<li>Paul Facq, Jean-Pierre Floc&#8217;h, S\u00e9bastien Viala, Sauvegarde num\u00e9rique tridimensionnelle d&#8217;un vestige de borne routi\u00e8re romaine : le fragment d&#8217;\u00c9curat (Commune de Saint-Pardoux-les-Cards, Creuse)<\/li>\n<\/ul>\n<p>&nbsp;<\/p>\n<p><strong>P\u00e9riodes m\u00e9di\u00e9vale et moderne<\/strong><\/p>\n<ul>\n<li>Nicole Raynaud, \u00c0 la recherche de t\u00e9moignages de la deuxi\u00e8me pand\u00e9mie de peste : l&#8217;exemple du Limousin nord-occidental<\/li>\n<\/ul>\n","protected":false},"excerpt":{"rendered":"<p>Pr\u00e9histoire et protohistoire Marc Murat, Roche de Vic &#8211; Corr\u00e8ze (pal\u00e9olithique) Marie-H\u00e9l\u00e8ne Jamois, Traces d&#8217;occupation et pratiques cyn\u00e9g\u00e9tiques au N\u00e9olithique dans l&#8217;est corr\u00e9zien : les exemples de Gros-Chastang et Rosiers d&#8217;\u00c9gletons. Plaidoyer en faveur de la recherche sur le N\u00e9olithique limousin Marc Parv\u00e9rie, Les petites monnaies gauloises en argent sur le territoire de la Corr\u00e8ze [&hellip;]<\/p>\n","protected":false},"featured_media":58768,"template":"","meta":{"_acf_changed":false,"_genesis_hide_title":false,"_genesis_hide_breadcrumbs":false,"_genesis_hide_singular_image":false,"_genesis_hide_footer_widgets":false,"_genesis_custom_body_class":"","_genesis_custom_post_class":"","_genesis_layout":""},"product_brand":[],"product_cat":[7154,7132,7148,7160,7158],"product_tag":[],"class_list":{"0":"post-58762","1":"product","2":"type-product","3":"status-publish","4":"has-post-thumbnail","6":"product_cat-ancient-history-en","7":"product_cat-books","8":"product_cat-history-geography-en","9":"product_cat-medieval-history-en","10":"product_cat-modern-and-contemporary-history-en","11":"pa_auteur-collectiu-en-2","12":"pa_editeur-archeologie-en-limousin-en","13":"pa_langue-francais-en","14":"entry","16":"first","17":"instock","18":"shipping-taxable","19":"purchasable","20":"product-type-simple"},"acf":[],"_links":{"self":[{"href":"https:\/\/www.libraria-occitana.org\/en\/wp-json\/wp\/v2\/product\/58762","targetHints":{"allow":["GET"]}}],"collection":[{"href":"https:\/\/www.libraria-occitana.org\/en\/wp-json\/wp\/v2\/product"}],"about":[{"href":"https:\/\/www.libraria-occitana.org\/en\/wp-json\/wp\/v2\/types\/product"}],"wp:featuredmedia":[{"embeddable":true,"href":"https:\/\/www.libraria-occitana.org\/en\/wp-json\/wp\/v2\/media\/58768"}],"wp:attachment":[{"href":"https:\/\/www.libraria-occitana.org\/en\/wp-json\/wp\/v2\/media?parent=58762"}],"wp:term":[{"taxonomy":"product_brand","embeddable":true,"href":"https:\/\/www.libraria-occitana.org\/en\/wp-json\/wp\/v2\/product_brand?post=58762"},{"taxonomy":"product_cat","embeddable":true,"href":"https:\/\/www.libraria-occitana.org\/en\/wp-json\/wp\/v2\/product_cat?post=58762"},{"taxonomy":"product_tag","embeddable":true,"href":"https:\/\/www.libraria-occitana.org\/en\/wp-json\/wp\/v2\/product_tag?post=58762"}],"curies":[{"name":"wp","href":"https:\/\/api.w.org\/{rel}","templated":true}]}}