{"id":58812,"date":"2023-11-29T19:43:24","date_gmt":"2023-11-29T18:43:24","guid":{"rendered":"http:\/\/www.libraria-occitana.org\/?post_type=product&#038;p=58812"},"modified":"2026-04-20T00:11:20","modified_gmt":"2026-04-19T22:11:20","slug":"cherche-monde-chansons-de-cercamon","status":"publish","type":"product","link":"https:\/\/www.libraria-occitana.org\/en\/product\/cherche-monde-chansons-de-cercamon\/","title":{"rendered":"Cherche monde : Chansons de Cercamon"},"content":{"rendered":"<p>Cercamon, troubadour, serait n\u00e9 dans les ann\u00e9es 1110-1115, aurait compos\u00e9 ces huit po\u00e8mes entre 1135 et 1152, et v\u00e9cut peut-\u00eatre jusqu\u2019\u00e0 cette date. Si ce po\u00e8te appara\u00eet comme l\u2019inventeur en langue moderne du \u00ab po\u00e8me d\u00e9bat \u00bb et de la complainte, ce troubadour peut \u00eatre aussi consid\u00e9r\u00e9, apr\u00e8s Guillaume VII du Poitou, dit plus souvent Guillaume IX d\u2019Aquitaine (1071-1126), comme l\u2019un des tout premiers cr\u00e9ateurs de chansons d\u2019amour, avec notamment Jaufre Rudel. Ce po\u00e8te du d\u00e9but du XIIe si\u00e8cle est l\u2019une des toutes premi\u00e8res voix de notre patrimoine lyrique. Le pseudonyme \u00ab Cercamon \u00bb avec lequel le troubadour-jongleur se d\u00e9signe, peut donner une id\u00e9e de sa sublime qu\u00eate : il serait celui qui \u00ab cherche monde \u00bb, \u00ab cherche l\u2019amont \u00bb, \u00ab cherche le haut \u00bb.<\/p>\n<p style=\"text-align: right;\">Yves Leclair<\/p>\n<p>Apr\u00e8s sa \u00ab transposition \u00bb des <a href=\"http:\/\/www.libraria-occitana.org\/produit\/chansons-pour-un-amour-lointain\/\"><em>Chansons pour un amour lointain<\/em><\/a> de Jaufre Rudel, puis des <a href=\"http:\/\/www.libraria-occitana.org\/produit\/dans-la-nef-des-fous-chansons-et-sirventes-de-peire-cardenal\/\">po\u00e8mes satiriques de Peire Cardenal<\/a>, Yves Leclair nous fait la surprise de red\u00e9couvrir \u00ab une \u0153uvre qui a travers\u00e9 quelque mille ans d\u2019histoire, venue, et d\u2019autant plus enlumin\u00e9e, de ses mille et une nuits \u00bb. Sa voix de po\u00e8te contemporain nous offre \u00ab la joie de boire \u00e0 l\u2019amont de notre po\u00e9sie (celle qui nourrira un Ronsard ou un Aragon) \u00bb, ce plaisir d\u2019en savourer \u00ab toute la fra\u00eecheur \u00bb et \u00ab la gr\u00e2ce \u00bb, \u00ab cette chance d\u2019entendre la bonne chanson d\u2019un homme \u00e0 la recherche d\u2019un monde dont le r\u00eave d\u2019humanit\u00e9, toujours d\u2019actualit\u00e9, rime avec Beaut\u00e9 \u00bb.<\/p>\n<p>Cr\u00e9\u00e9e en 2010 par Bernadette Paringaux et Jean-Paul Blot, alors dirigeants des <a href=\"http:\/\/www.libraria-occitana.org\/editeur\/federop\/\">\u00e9ditions F\u00e9d\u00e9rop<\/a>, la \u00ab collection Troubadours \u00bb est, depuis 2023, commercialis\u00e9e et \u00e9dit\u00e9e par Pierre Mainard \u00e9diteur, sous la direction de Katy Bernard.<\/p>\n","protected":false},"excerpt":{"rendered":"<p>Cercamon, troubadour, serait n\u00e9 dans les ann\u00e9es 1110-1115, aurait compos\u00e9 ces huit po\u00e8mes entre 1135 et 1152, et v\u00e9cut peut-\u00eatre jusqu\u2019\u00e0 cette date. Si ce po\u00e8te appara\u00eet comme l\u2019inventeur en langue moderne du \u00ab po\u00e8me d\u00e9bat \u00bb et de la complainte, ce troubadour peut \u00eatre aussi consid\u00e9r\u00e9, apr\u00e8s Guillaume VII du Poitou, dit plus souvent [&hellip;]<\/p>\n","protected":false},"featured_media":58815,"template":"","meta":{"_acf_changed":false,"_genesis_hide_title":false,"_genesis_hide_breadcrumbs":false,"_genesis_hide_singular_image":false,"_genesis_hide_footer_widgets":false,"_genesis_custom_body_class":"","_genesis_custom_post_class":"","_genesis_layout":""},"product_brand":[],"product_cat":[7132,7174,7180],"product_tag":[],"class_list":{"0":"post-58812","1":"product","2":"type-product","3":"status-publish","4":"has-post-thumbnail","6":"product_cat-books","7":"product_cat-literature-en","8":"product_cat-poetry-en","9":"pa_auteur-cercamon-en","10":"pa_editeur-pierre-mainard-editeur-en","11":"pa_illustrateur-leclair-yves-en","12":"pa_langue-occitan-medievau-en","13":"pa_langue-occitan-francais-en","14":"entry","16":"first","17":"instock","18":"shipping-taxable","19":"purchasable","20":"product-type-simple"},"acf":[],"_links":{"self":[{"href":"https:\/\/www.libraria-occitana.org\/en\/wp-json\/wp\/v2\/product\/58812","targetHints":{"allow":["GET"]}}],"collection":[{"href":"https:\/\/www.libraria-occitana.org\/en\/wp-json\/wp\/v2\/product"}],"about":[{"href":"https:\/\/www.libraria-occitana.org\/en\/wp-json\/wp\/v2\/types\/product"}],"wp:featuredmedia":[{"embeddable":true,"href":"https:\/\/www.libraria-occitana.org\/en\/wp-json\/wp\/v2\/media\/58815"}],"wp:attachment":[{"href":"https:\/\/www.libraria-occitana.org\/en\/wp-json\/wp\/v2\/media?parent=58812"}],"wp:term":[{"taxonomy":"product_brand","embeddable":true,"href":"https:\/\/www.libraria-occitana.org\/en\/wp-json\/wp\/v2\/product_brand?post=58812"},{"taxonomy":"product_cat","embeddable":true,"href":"https:\/\/www.libraria-occitana.org\/en\/wp-json\/wp\/v2\/product_cat?post=58812"},{"taxonomy":"product_tag","embeddable":true,"href":"https:\/\/www.libraria-occitana.org\/en\/wp-json\/wp\/v2\/product_tag?post=58812"}],"curies":[{"name":"wp","href":"https:\/\/api.w.org\/{rel}","templated":true}]}}