{"id":58892,"date":"2022-03-12T11:02:25","date_gmt":"2022-03-12T10:02:25","guid":{"rendered":"http:\/\/www.libraria-occitana.org\/?post_type=product&#038;p=58892"},"modified":"2026-04-19T23:27:04","modified_gmt":"2026-04-19T21:27:04","slug":"aux-sources-de-notre-nourriture","status":"publish","type":"product","link":"https:\/\/www.libraria-occitana.org\/en\/product\/aux-sources-de-notre-nourriture\/","title":{"rendered":"Aux sources de notre nourriture"},"content":{"rendered":"<p><strong>Les fabuleux voyages de Nikola\u00ef Vavilov en qu\u00eate des origines de notre biodiversit\u00e9 alimentaire.<\/strong><\/p>\n<p>Sibe\u0301rie, hiver 1943. Le grand botaniste russe Nikolai\u0308 Vavilov meurt de faim au goulag, victime des purges de Staline. Tragique destin pour cet e\u0301minent scientifique qui a consacre\u0301 sa vie a\u0300 lutter contre la famine\u2026<\/p>\n<p>Au cours de ses nombreuses expe\u0301ditions, Vavilov a recueilli d\u2019innombrables varie\u0301te\u0301s de semences pour les mettre a\u0300 l\u2019abri des destructions et de l\u2019oubli. Aujourd\u2019hui, ces tre\u0301sors inestimables dorment en se\u0301curite\u0301 dans la prestigieuse banque de semences qu\u2019il a fonde\u0301e a\u0300 Saint-Pe\u0301tersbourg.<\/p>\n<p>En retrac\u0327ant les voyages du savant russe, Gary Paul Nabhan mesure le recul de la biodiversite\u0301 alimentaire depuis un sie\u0300cle. Et le constat est se\u0301ve\u0300re : la fabuleuse varie\u0301te\u0301 des semences des champs et vergers du monde est en pe\u0301ril. C\u2019est pourtant d\u2019elle que de\u0301pend notre survie alimentaire.<\/p>\n<p>Ce livre est un message d\u2019espoir pour nous souvenir que la sauvegarde de la biodiversite\u0301 est entre nos mains.<\/p>\n","protected":false},"excerpt":{"rendered":"<p>Les fabuleux voyages de Nikola\u00ef Vavilov en qu\u00eate des origines de notre biodiversit\u00e9 alimentaire. Sibe\u0301rie, hiver 1943. Le grand botaniste russe Nikolai\u0308 Vavilov meurt de faim au goulag, victime des purges de Staline. Tragique destin pour cet e\u0301minent scientifique qui a consacre\u0301 sa vie a\u0300 lutter contre la famine\u2026 Au cours de ses nombreuses expe\u0301ditions, [&hellip;]<\/p>\n","protected":false},"featured_media":58886,"template":"","meta":{"_acf_changed":false,"_genesis_hide_title":false,"_genesis_hide_breadcrumbs":false,"_genesis_hide_singular_image":false,"_genesis_hide_footer_widgets":false,"_genesis_custom_body_class":"","_genesis_custom_post_class":"","_genesis_layout":""},"product_brand":[],"product_cat":[7132,7202],"product_tag":[],"class_list":{"0":"post-58892","1":"product","2":"type-product","3":"status-publish","4":"has-post-thumbnail","6":"product_cat-books","7":"product_cat-politics-sociology-current-affairs-en","8":"pa_auteur-nabhan-gary-paul-en","9":"pa_editeur-editions-nevicata-en","10":"pa_illustrateur-villeneuve-guillaume-en","11":"pa_langue-francais-en","12":"entry","14":"first","15":"instock","16":"shipping-taxable","17":"purchasable","18":"product-type-simple"},"acf":[],"_links":{"self":[{"href":"https:\/\/www.libraria-occitana.org\/en\/wp-json\/wp\/v2\/product\/58892","targetHints":{"allow":["GET"]}}],"collection":[{"href":"https:\/\/www.libraria-occitana.org\/en\/wp-json\/wp\/v2\/product"}],"about":[{"href":"https:\/\/www.libraria-occitana.org\/en\/wp-json\/wp\/v2\/types\/product"}],"wp:featuredmedia":[{"embeddable":true,"href":"https:\/\/www.libraria-occitana.org\/en\/wp-json\/wp\/v2\/media\/58886"}],"wp:attachment":[{"href":"https:\/\/www.libraria-occitana.org\/en\/wp-json\/wp\/v2\/media?parent=58892"}],"wp:term":[{"taxonomy":"product_brand","embeddable":true,"href":"https:\/\/www.libraria-occitana.org\/en\/wp-json\/wp\/v2\/product_brand?post=58892"},{"taxonomy":"product_cat","embeddable":true,"href":"https:\/\/www.libraria-occitana.org\/en\/wp-json\/wp\/v2\/product_cat?post=58892"},{"taxonomy":"product_tag","embeddable":true,"href":"https:\/\/www.libraria-occitana.org\/en\/wp-json\/wp\/v2\/product_tag?post=58892"}],"curies":[{"name":"wp","href":"https:\/\/api.w.org\/{rel}","templated":true}]}}