{"id":58905,"date":"2019-11-12T12:31:37","date_gmt":"2019-11-12T11:31:37","guid":{"rendered":"http:\/\/www.libraria-occitana.org\/product\/portrait-dune-riviere-sauvage-la-haute-dronne\/"},"modified":"2026-04-25T22:21:07","modified_gmt":"2026-04-25T20:21:07","slug":"portrait-dune-riviere-sauvage-la-haute-dronne","status":"publish","type":"product","link":"https:\/\/www.libraria-occitana.org\/en\/product\/portrait-dune-riviere-sauvage-la-haute-dronne\/","title":{"rendered":"Portrait d&#8217;une rivi\u00e8re sauvage : La Haute-Dronne"},"content":{"rendered":"<p>Plongez au c\u0153ur du Parc naturel r\u00e9gional P\u00e9rigord-Limousin, dans les bouillons de la Dronne sauvage, torrentielle et discr\u00e8te qui, de sa source \u00e0 Saint-Pardoux-la-Rivi\u00e8re, rafra\u00eechit chaque page de son parcours aux multiples reflets.<\/p>\n<p>Ce livre aborde l&#8217;histoire de la Haute-Dronne, ses lieux embl\u00e9matiques, ses activit\u00e9s pr\u00e9sentes et pass\u00e9es, ses richesses naturelles, ses l\u00e9gendes. Il montre les enjeux \u00e9cologiques actuels, il donne la parole \u00e0 ses habitants. Des photographies, des dessins, des documents anciens r\u00e9v\u00e8lent son patrimoine et ses paysages.<\/p>\n","protected":false},"excerpt":{"rendered":"<p>Plongez au c\u0153ur du Parc naturel r\u00e9gional P\u00e9rigord-Limousin, dans les bouillons de la Dronne sauvage, torrentielle et discr\u00e8te qui, de sa source \u00e0 Saint-Pardoux-la-Rivi\u00e8re, rafra\u00eechit chaque page de son parcours aux multiples reflets. Ce livre aborde l&#8217;histoire de la Haute-Dronne, ses lieux embl\u00e9matiques, ses activit\u00e9s pr\u00e9sentes et pass\u00e9es, ses richesses naturelles, ses l\u00e9gendes. Il montre [&hellip;]<\/p>\n","protected":false},"featured_media":58903,"template":"","meta":{"_acf_changed":false,"_genesis_hide_title":false,"_genesis_hide_breadcrumbs":false,"_genesis_hide_singular_image":false,"_genesis_hide_footer_widgets":false,"_genesis_custom_body_class":"","_genesis_custom_post_class":"","_genesis_layout":""},"product_brand":[],"product_cat":[7132,7200,7196,7238],"product_tag":[],"class_list":{"0":"post-58905","1":"product","2":"type-product","3":"status-publish","4":"has-post-thumbnail","6":"product_cat-books","7":"product_cat-nature-gardening-en","8":"product_cat-nature-tourism-en","9":"product_cat-promotions-en","10":"pa_auteur-dupuy-frederic-en","11":"pa_auteur-grollimund-florian-en","12":"pa_auteur-labrousse-fanny-en","13":"pa_editeur-sud-ouest-en","14":"pa_langue-francais-en","15":"entry","17":"first","18":"instock","19":"shipping-taxable","20":"purchasable","21":"product-type-simple"},"acf":[],"_links":{"self":[{"href":"https:\/\/www.libraria-occitana.org\/en\/wp-json\/wp\/v2\/product\/58905","targetHints":{"allow":["GET"]}}],"collection":[{"href":"https:\/\/www.libraria-occitana.org\/en\/wp-json\/wp\/v2\/product"}],"about":[{"href":"https:\/\/www.libraria-occitana.org\/en\/wp-json\/wp\/v2\/types\/product"}],"wp:featuredmedia":[{"embeddable":true,"href":"https:\/\/www.libraria-occitana.org\/en\/wp-json\/wp\/v2\/media\/58903"}],"wp:attachment":[{"href":"https:\/\/www.libraria-occitana.org\/en\/wp-json\/wp\/v2\/media?parent=58905"}],"wp:term":[{"taxonomy":"product_brand","embeddable":true,"href":"https:\/\/www.libraria-occitana.org\/en\/wp-json\/wp\/v2\/product_brand?post=58905"},{"taxonomy":"product_cat","embeddable":true,"href":"https:\/\/www.libraria-occitana.org\/en\/wp-json\/wp\/v2\/product_cat?post=58905"},{"taxonomy":"product_tag","embeddable":true,"href":"https:\/\/www.libraria-occitana.org\/en\/wp-json\/wp\/v2\/product_tag?post=58905"}],"curies":[{"name":"wp","href":"https:\/\/api.w.org\/{rel}","templated":true}]}}