{"id":58909,"date":"2023-12-12T13:35:44","date_gmt":"2023-12-12T12:35:44","guid":{"rendered":"http:\/\/www.libraria-occitana.org\/?post_type=product&#038;p=58909"},"modified":"2026-04-29T10:08:42","modified_gmt":"2026-04-29T08:08:42","slug":"de-vie-a-trepas-presence-de-la-mort-dans-les-noms-de-lieux","status":"publish","type":"product","link":"https:\/\/www.libraria-occitana.org\/en\/product\/de-vie-a-trepas-presence-de-la-mort-dans-les-noms-de-lieux\/","title":{"rendered":"De vie \u00e0 tr\u00e9pas : Pr\u00e9sence de la mort dans les noms de lieux"},"content":{"rendered":"<p>Le langage pour \u00e9voquer la mort sous toutes ses formes est d\u2019une tr\u00e8s grande richesse. C\u2019est sans doute l\u2019un des domaines qui a suscit\u00e9 le plus de cr\u00e9ativit\u00e9. Mais qu\u2019en est-il de la toponymie ? Dans quelle mesure les noms de lieux qui nous entourent sont-ils li\u00e9s \u00e0 cette pr\u00e9occupation fondamentale qu\u2019est la mort ?<\/p>\n","protected":false},"excerpt":{"rendered":"<p>Le langage pour \u00e9voquer la mort sous toutes ses formes est d\u2019une tr\u00e8s grande richesse. C\u2019est sans doute l\u2019un des domaines qui a suscit\u00e9 le plus de cr\u00e9ativit\u00e9. Mais qu\u2019en est-il de la toponymie ? Dans quelle mesure les noms de lieux qui nous entourent sont-ils li\u00e9s \u00e0 cette pr\u00e9occupation fondamentale qu\u2019est la mort ?<\/p>\n","protected":false},"featured_media":58912,"template":"","meta":{"_acf_changed":false,"_genesis_hide_title":false,"_genesis_hide_breadcrumbs":false,"_genesis_hide_singular_image":false,"_genesis_hide_footer_widgets":false,"_genesis_custom_body_class":"","_genesis_custom_post_class":"","_genesis_layout":""},"product_brand":[],"product_cat":[7132,7148,7162],"product_tag":[],"class_list":{"0":"post-58909","1":"product","2":"type-product","3":"status-publish","4":"has-post-thumbnail","6":"product_cat-books","7":"product_cat-history-geography-en","8":"product_cat-place-names-peoples-names-en","9":"pa_auteur-gendron-stephane-en","10":"pa_editeur-actes-sud-en","11":"pa_langue-francais-en","12":"entry","14":"first","15":"instock","16":"shipping-taxable","17":"purchasable","18":"product-type-simple"},"acf":[],"_links":{"self":[{"href":"https:\/\/www.libraria-occitana.org\/en\/wp-json\/wp\/v2\/product\/58909","targetHints":{"allow":["GET"]}}],"collection":[{"href":"https:\/\/www.libraria-occitana.org\/en\/wp-json\/wp\/v2\/product"}],"about":[{"href":"https:\/\/www.libraria-occitana.org\/en\/wp-json\/wp\/v2\/types\/product"}],"wp:featuredmedia":[{"embeddable":true,"href":"https:\/\/www.libraria-occitana.org\/en\/wp-json\/wp\/v2\/media\/58912"}],"wp:attachment":[{"href":"https:\/\/www.libraria-occitana.org\/en\/wp-json\/wp\/v2\/media?parent=58909"}],"wp:term":[{"taxonomy":"product_brand","embeddable":true,"href":"https:\/\/www.libraria-occitana.org\/en\/wp-json\/wp\/v2\/product_brand?post=58909"},{"taxonomy":"product_cat","embeddable":true,"href":"https:\/\/www.libraria-occitana.org\/en\/wp-json\/wp\/v2\/product_cat?post=58909"},{"taxonomy":"product_tag","embeddable":true,"href":"https:\/\/www.libraria-occitana.org\/en\/wp-json\/wp\/v2\/product_tag?post=58909"}],"curies":[{"name":"wp","href":"https:\/\/api.w.org\/{rel}","templated":true}]}}