{"id":59006,"date":"2023-10-22T11:27:25","date_gmt":"2023-10-22T09:27:25","guid":{"rendered":"http:\/\/www.libraria-occitana.org\/?post_type=product&#038;p=59006"},"modified":"2026-04-11T21:06:17","modified_gmt":"2026-04-11T19:06:17","slug":"savoureux-perigord-un-terroir-une-histoire-des-cuisines","status":"publish","type":"product","link":"https:\/\/www.libraria-occitana.org\/en\/product\/savoureux-perigord-un-terroir-une-histoire-des-cuisines\/","title":{"rendered":"Savoureux P\u00e9rigord : Un terroir, une histoire, des cuisines"},"content":{"rendered":"<p>Unanimement identifi\u00e9 comme un terroir du bien-manger, le P\u00e9rigord a vu cette r\u00e9putation se construire au fil des si\u00e8cles. Dans cet ouvrage richement illustr\u00e9, les auteurs, une g\u00e9ographe et deux historiens, offrent une vision renouvel\u00e9e et foisonnante de la cuisine p\u00e9rigourdine.<\/p>\n<p>Loin de la compilation de recettes plus ou moins traditionnelles, les auteurs montrent que le P\u00e9rigord culinaire est aussi bien \u00e9labor\u00e9 dans les auberges que dans les fermes et les ch\u00e2teaux gr\u00e2ce \u00e0 la diversit\u00e9 des saveurs des produits de ses terroirs. Des mets emplis de ses truffes, c\u00e9l\u00e9br\u00e9es depuis le XVIIe si\u00e8cle, au sublime li\u00e8vre \u00e0 la royale \u2013 dans une adaptation toute p\u00e9rigourdine au foie gras \u2013, des g\u00e9n\u00e9reux confits aux charcuteries de cochon en passant par les champignons, l\u2019image du P\u00e9rigord, terre de gastronomie, s\u2019est forg\u00e9e au fil d\u2019une histoire multiple, tant sur les tables locales qu\u2019\u00e0 Paris et dans le monde entier.<\/p>\n<p>Cette aventure faite de plats et de saveurs est aussi une histoire d\u2019hommes et de femmes, o\u00f9 anonymes et gloires de la gastronomie se c\u00f4toient. Malgr\u00e9 le risque d\u2019uniformisation culinaire provoqu\u00e9e par un tourisme de masse, la gastronomie p\u00e9rigourdine se revendique provinciale, authentique, g\u00e9n\u00e9reuse et conviviale.<\/p>\n<p>Dans la lign\u00e9e de <a href=\"http:\/\/www.libraria-occitana.org\/produit\/sublime-perigord-la-fabrique-dun-territoire-dexception\/\"><em>Sublime P\u00e9rigord<\/em><\/a>, les auteurs nous invitent ainsi \u00e0 explorer la fabrique d\u2019un territoire gastronomique d\u2019exception.<\/p>\n","protected":false},"excerpt":{"rendered":"<p>Unanimement identifi\u00e9 comme un terroir du bien-manger, le P\u00e9rigord a vu cette r\u00e9putation se construire au fil des si\u00e8cles. Dans cet ouvrage richement illustr\u00e9, les auteurs, une g\u00e9ographe et deux historiens, offrent une vision renouvel\u00e9e et foisonnante de la cuisine p\u00e9rigourdine. Loin de la compilation de recettes plus ou moins traditionnelles, les auteurs montrent que [&hellip;]<\/p>\n","protected":false},"featured_media":59009,"template":"","meta":{"_acf_changed":false,"_genesis_hide_title":false,"_genesis_hide_breadcrumbs":false,"_genesis_hide_singular_image":false,"_genesis_hide_footer_widgets":false,"_genesis_custom_body_class":"","_genesis_custom_post_class":"","_genesis_layout":""},"product_brand":[],"product_cat":[7132,7210,7206],"product_tag":[],"class_list":{"0":"post-59006","1":"product","2":"type-product","3":"status-publish","4":"has-post-thumbnail","6":"product_cat-books","7":"product_cat-cooking-cuisine-en","8":"product_cat-traditions-heritage-en","9":"pa_auteur-ferrer-jean-marc-en","10":"pa_auteur-grandcoing-philippe-en","11":"pa_auteur-lafaye-fouhety-helene-en","12":"pa_editeur-les-ardents-editeurs-en","13":"pa_langue-francais-en","14":"entry","16":"first","17":"instock","18":"shipping-taxable","19":"purchasable","20":"product-type-simple"},"acf":[],"_links":{"self":[{"href":"https:\/\/www.libraria-occitana.org\/en\/wp-json\/wp\/v2\/product\/59006","targetHints":{"allow":["GET"]}}],"collection":[{"href":"https:\/\/www.libraria-occitana.org\/en\/wp-json\/wp\/v2\/product"}],"about":[{"href":"https:\/\/www.libraria-occitana.org\/en\/wp-json\/wp\/v2\/types\/product"}],"wp:featuredmedia":[{"embeddable":true,"href":"https:\/\/www.libraria-occitana.org\/en\/wp-json\/wp\/v2\/media\/59009"}],"wp:attachment":[{"href":"https:\/\/www.libraria-occitana.org\/en\/wp-json\/wp\/v2\/media?parent=59006"}],"wp:term":[{"taxonomy":"product_brand","embeddable":true,"href":"https:\/\/www.libraria-occitana.org\/en\/wp-json\/wp\/v2\/product_brand?post=59006"},{"taxonomy":"product_cat","embeddable":true,"href":"https:\/\/www.libraria-occitana.org\/en\/wp-json\/wp\/v2\/product_cat?post=59006"},{"taxonomy":"product_tag","embeddable":true,"href":"https:\/\/www.libraria-occitana.org\/en\/wp-json\/wp\/v2\/product_tag?post=59006"}],"curies":[{"name":"wp","href":"https:\/\/api.w.org\/{rel}","templated":true}]}}