{"id":59088,"date":"2023-02-11T14:22:42","date_gmt":"2023-02-11T13:22:42","guid":{"rendered":"http:\/\/www.libraria-occitana.org\/?post_type=product&#038;p=59088"},"modified":"2026-04-02T19:36:58","modified_gmt":"2026-04-02T17:36:58","slug":"le-corbeau-une-histoire-culturelle","status":"publish","type":"product","link":"https:\/\/www.libraria-occitana.org\/en\/product\/le-corbeau-une-histoire-culturelle\/","title":{"rendered":"Le corbeau : Une histoire culturelle"},"content":{"rendered":"<p>Il s\u2019agit du troisi\u00e8me volume de la s\u00e9rie \u00e0 succ\u00e8s consacr\u00e9e \u00e0 l&#8217;histoire culturelle des animaux, dans lequel, \u00e0 travers 80 illustrations et un plan la fois chronologique et th\u00e9matique, Michel Pastoureau retrace l\u2019histoire symbolique, litt\u00e9raire, lexicale et artistique d\u2019un animal, en l\u2019occurrence ici celle du corbeau, qui tout \u00e0 la fois intrigue, fascine ou terrifie. Oiseau noir, c\u00e9l\u00e9br\u00e9 par toutes les mythologies, le corbeau europ\u00e9en ne cesse de se d\u00e9valoriser au fil des si\u00e8cles. Si l\u2019Antiquit\u00e9 gr\u00e9co-romaine loue sa sagesse, son intelligence, sa m\u00e9moire, le christianisme m\u00e9di\u00e9val \u00e0 sa suite le rejette violemment : c\u2019est un oiseau impie qui occupe une place de choix dans le bestiaire du Diable, symbolisant l\u2019incarnation du d\u00e9mon et de toutes les forces du mal.<\/p>\n<p>\u00c0 l\u2019\u00e9poque moderne, la symbolique du corbeau continue de se d\u00e9valoriser, comme l\u2019attestent les fables, les proverbes, les faits de langue et de lexique. Il reste un animal au cri lugubre, un oiseau noir de mauvais augure et devient m\u00eame, dans un sens figur\u00e9, un d\u00e9nonciateur, un auteur de lettres anonymes. On en a peur car il a partie li\u00e9e avec l\u2019hiver, la d\u00e9solation et la mort. De nos jours, cependant, le corbeau semble prendre sa revanche : les enqu\u00eates les plus r\u00e9centes sur l\u2019intelligence animale montrent que non seulement il est le plus sagace de tous les oiseaux mais qu\u2019il est probablement aussi le plus intelligent de tous.<\/p>\n","protected":false},"excerpt":{"rendered":"<p>Il s\u2019agit du troisi\u00e8me volume de la s\u00e9rie \u00e0 succ\u00e8s consacr\u00e9e \u00e0 l&#8217;histoire culturelle des animaux, dans lequel, \u00e0 travers 80 illustrations et un plan la fois chronologique et th\u00e9matique, Michel Pastoureau retrace l\u2019histoire symbolique, litt\u00e9raire, lexicale et artistique d\u2019un animal, en l\u2019occurrence ici celle du corbeau, qui tout \u00e0 la fois intrigue, fascine ou [&hellip;]<\/p>\n","protected":false},"featured_media":59091,"template":"","meta":{"_acf_changed":false,"_genesis_hide_title":false,"_genesis_hide_breadcrumbs":false,"_genesis_hide_singular_image":false,"_genesis_hide_footer_widgets":false,"_genesis_custom_body_class":"","_genesis_custom_post_class":"","_genesis_layout":""},"product_brand":[],"product_cat":[7132,7148,7156,7206,7208,7196,7200],"product_tag":[],"class_list":{"0":"post-59088","1":"product","2":"type-product","3":"status-publish","4":"has-post-thumbnail","6":"product_cat-books","7":"product_cat-history-geography-en","8":"product_cat-general-history-en","9":"product_cat-traditions-heritage-en","10":"product_cat-customs-rites-and-beliefs-en","11":"product_cat-nature-tourism-en","12":"product_cat-nature-gardening-en","13":"pa_auteur-pastoureau-michel-en","14":"pa_editeur-seuil-en","15":"pa_langue-francais-en","16":"entry","18":"first","19":"instock","20":"shipping-taxable","21":"purchasable","22":"product-type-simple"},"acf":[],"_links":{"self":[{"href":"https:\/\/www.libraria-occitana.org\/en\/wp-json\/wp\/v2\/product\/59088","targetHints":{"allow":["GET"]}}],"collection":[{"href":"https:\/\/www.libraria-occitana.org\/en\/wp-json\/wp\/v2\/product"}],"about":[{"href":"https:\/\/www.libraria-occitana.org\/en\/wp-json\/wp\/v2\/types\/product"}],"wp:featuredmedia":[{"embeddable":true,"href":"https:\/\/www.libraria-occitana.org\/en\/wp-json\/wp\/v2\/media\/59091"}],"wp:attachment":[{"href":"https:\/\/www.libraria-occitana.org\/en\/wp-json\/wp\/v2\/media?parent=59088"}],"wp:term":[{"taxonomy":"product_brand","embeddable":true,"href":"https:\/\/www.libraria-occitana.org\/en\/wp-json\/wp\/v2\/product_brand?post=59088"},{"taxonomy":"product_cat","embeddable":true,"href":"https:\/\/www.libraria-occitana.org\/en\/wp-json\/wp\/v2\/product_cat?post=59088"},{"taxonomy":"product_tag","embeddable":true,"href":"https:\/\/www.libraria-occitana.org\/en\/wp-json\/wp\/v2\/product_tag?post=59088"}],"curies":[{"name":"wp","href":"https:\/\/api.w.org\/{rel}","templated":true}]}}