{"id":59098,"date":"2024-01-11T15:28:33","date_gmt":"2024-01-11T14:28:33","guid":{"rendered":"http:\/\/www.libraria-occitana.org\/product\/filer-les-fibres-naturelles-chanvre-laine-ortie\/"},"modified":"2026-04-16T21:11:29","modified_gmt":"2026-04-16T19:11:29","slug":"filer-les-fibres-naturelles-chanvre-laine-ortie","status":"publish","type":"product","link":"https:\/\/www.libraria-occitana.org\/en\/product\/filer-les-fibres-naturelles-chanvre-laine-ortie\/","title":{"rendered":"Filer les fibres naturelles : Chanvre, laine, ortie&#8230;"},"content":{"rendered":"<p>Convaincues de l&#8217;importance de raviver les traditions ancestrales et de valoriser les ressources locales, Camille Brabant &amp; Naomi Rossignol transmettent le plaisir de faire du fil \u00e0 partir de mati\u00e8res premi\u00e8res naturelles v\u00e9g\u00e9tales (lin, chanvre ou ortie), et animales (laine, crin). Elles expliquent toutes les techniques de base (bains et fermentations, peignage et cardage, filage au rouet et fuseau&#8230;) pour filer les fibres naturelles. De quoi donner un nouvel attrait aux orties ou \u00e0 la laine des moutons, bien loin de la fast-fashion !<\/p>\n<p><strong>Sommaire :<\/strong><br \/>\n&#8211; Le travail des fibres, une porte vers l&#8217;autonomie<br \/>\n&#8211; Les fibres v\u00e9g\u00e9tales<br \/>\n&#8211; Les fibres animales<br \/>\n&#8211; Les outils \u00e0 filer<br \/>\n&#8211; Le filage au fuseau<br \/>\n&#8211; Les retors<\/p>\n<p>Annexes<br \/>\nLexique<br \/>\nR\u00e9capitulatif des diff\u00e9rentes fibres<br \/>\nRessources &amp; adresses utiles<\/p>\n","protected":false},"excerpt":{"rendered":"<p>Convaincues de l&#8217;importance de raviver les traditions ancestrales et de valoriser les ressources locales, Camille Brabant &amp; Naomi Rossignol transmettent le plaisir de faire du fil \u00e0 partir de mati\u00e8res premi\u00e8res naturelles v\u00e9g\u00e9tales (lin, chanvre ou ortie), et animales (laine, crin). Elles expliquent toutes les techniques de base (bains et fermentations, peignage et cardage, filage [&hellip;]<\/p>\n","protected":false},"featured_media":59096,"template":"","meta":{"_acf_changed":false,"_genesis_hide_title":false,"_genesis_hide_breadcrumbs":false,"_genesis_hide_singular_image":false,"_genesis_hide_footer_widgets":false,"_genesis_custom_body_class":"","_genesis_custom_post_class":"","_genesis_layout":""},"product_brand":[],"product_cat":[7132,7212,7206],"product_tag":[],"class_list":{"0":"post-59098","1":"product","2":"type-product","3":"status-publish","4":"has-post-thumbnail","6":"product_cat-books","7":"product_cat-traditional-skills-savoirs-faire-en","8":"product_cat-traditions-heritage-en","9":"pa_auteur-brabant-camille-en","10":"pa_auteur-rossignol-naomi-en","11":"pa_editeur-editions-ulmer-en","12":"pa_langue-francais-en","13":"entry","15":"first","16":"instock","17":"shipping-taxable","18":"purchasable","19":"product-type-simple"},"acf":[],"_links":{"self":[{"href":"https:\/\/www.libraria-occitana.org\/en\/wp-json\/wp\/v2\/product\/59098","targetHints":{"allow":["GET"]}}],"collection":[{"href":"https:\/\/www.libraria-occitana.org\/en\/wp-json\/wp\/v2\/product"}],"about":[{"href":"https:\/\/www.libraria-occitana.org\/en\/wp-json\/wp\/v2\/types\/product"}],"wp:featuredmedia":[{"embeddable":true,"href":"https:\/\/www.libraria-occitana.org\/en\/wp-json\/wp\/v2\/media\/59096"}],"wp:attachment":[{"href":"https:\/\/www.libraria-occitana.org\/en\/wp-json\/wp\/v2\/media?parent=59098"}],"wp:term":[{"taxonomy":"product_brand","embeddable":true,"href":"https:\/\/www.libraria-occitana.org\/en\/wp-json\/wp\/v2\/product_brand?post=59098"},{"taxonomy":"product_cat","embeddable":true,"href":"https:\/\/www.libraria-occitana.org\/en\/wp-json\/wp\/v2\/product_cat?post=59098"},{"taxonomy":"product_tag","embeddable":true,"href":"https:\/\/www.libraria-occitana.org\/en\/wp-json\/wp\/v2\/product_tag?post=59098"}],"curies":[{"name":"wp","href":"https:\/\/api.w.org\/{rel}","templated":true}]}}