{"id":59163,"date":"2021-02-01T11:44:16","date_gmt":"2021-02-01T10:44:16","guid":{"rendered":"http:\/\/www.libraria-occitana.org\/?post_type=product&#038;p=59163"},"modified":"2026-04-25T05:26:50","modified_gmt":"2026-04-25T03:26:50","slug":"des-fetes-et-des-traditions-lou-gerbassou-en-video","status":"publish","type":"product","link":"https:\/\/www.libraria-occitana.org\/en\/product\/des-fetes-et-des-traditions-lou-gerbassou-en-video\/","title":{"rendered":"Des f\u00eates et des traditions : Lou Gerbassou en vid\u00e9o"},"content":{"rendered":"<p>Ambassadeur d\u2019Ambazac depuis 1962, Lou Gerbassou valorise la langue limousine et perp\u00e9tue les traditions par les chants, la musique et les danses au cours de ses spectacles \u00e0 travers la France et l\u2019Europe.<\/p>\n<p><strong>Titres :<br \/>\n<\/strong>1. Lo Janoto<br \/>\n2. La moisson au Mas du Puy<br \/>\n3. La l\u00e9gende de l&#8217;\u00e9tang<br \/>\n4. La veill\u00e9e<br \/>\n5. La messe de No\u00ebl<\/p>\n<p>&nbsp;<\/p>\n","protected":false},"excerpt":{"rendered":"<p>Ambassadeur d\u2019Ambazac depuis 1962, Lou Gerbassou valorise la langue limousine et perp\u00e9tue les traditions par les chants, la musique et les danses au cours de ses spectacles \u00e0 travers la France et l\u2019Europe. Titres : 1. Lo Janoto 2. La moisson au Mas du Puy 3. La l\u00e9gende de l&#8217;\u00e9tang 4. La veill\u00e9e 5. La [&hellip;]<\/p>\n","protected":false},"featured_media":59166,"template":"","meta":{"_acf_changed":false,"_genesis_hide_title":false,"_genesis_hide_breadcrumbs":false,"_genesis_hide_singular_image":false,"_genesis_hide_footer_widgets":false,"_genesis_custom_body_class":"","_genesis_custom_post_class":"","_genesis_layout":""},"product_brand":[],"product_cat":[7247,7249],"product_tag":[],"class_list":{"0":"post-59163","1":"product","2":"type-product","3":"status-publish","4":"has-post-thumbnail","6":"product_cat-music-literature-en","7":"product_cat-videos-3-en","8":"pa_auteur-lou-gerbassou-en","9":"pa_editeur-lou-gerbassou-fr-en","10":"pa_langue-francais-en","11":"pa_langue-occitan-en","12":"pa_langue-occitan-lemosin-en","13":"entry","15":"first","16":"instock","17":"shipping-taxable","18":"purchasable","19":"product-type-simple"},"acf":[],"_links":{"self":[{"href":"https:\/\/www.libraria-occitana.org\/en\/wp-json\/wp\/v2\/product\/59163","targetHints":{"allow":["GET"]}}],"collection":[{"href":"https:\/\/www.libraria-occitana.org\/en\/wp-json\/wp\/v2\/product"}],"about":[{"href":"https:\/\/www.libraria-occitana.org\/en\/wp-json\/wp\/v2\/types\/product"}],"wp:featuredmedia":[{"embeddable":true,"href":"https:\/\/www.libraria-occitana.org\/en\/wp-json\/wp\/v2\/media\/59166"}],"wp:attachment":[{"href":"https:\/\/www.libraria-occitana.org\/en\/wp-json\/wp\/v2\/media?parent=59163"}],"wp:term":[{"taxonomy":"product_brand","embeddable":true,"href":"https:\/\/www.libraria-occitana.org\/en\/wp-json\/wp\/v2\/product_brand?post=59163"},{"taxonomy":"product_cat","embeddable":true,"href":"https:\/\/www.libraria-occitana.org\/en\/wp-json\/wp\/v2\/product_cat?post=59163"},{"taxonomy":"product_tag","embeddable":true,"href":"https:\/\/www.libraria-occitana.org\/en\/wp-json\/wp\/v2\/product_tag?post=59163"}],"curies":[{"name":"wp","href":"https:\/\/api.w.org\/{rel}","templated":true}]}}