{"id":59191,"date":"2021-06-02T14:51:33","date_gmt":"2021-06-02T12:51:33","guid":{"rendered":"http:\/\/www.libraria-occitana.org\/?post_type=product&#038;p=59191"},"modified":"2026-04-20T06:01:24","modified_gmt":"2026-04-20T04:01:24","slug":"sale-caractere-vinyle","status":"publish","type":"product","link":"https:\/\/www.libraria-occitana.org\/en\/product\/sale-caractere-vinyle\/","title":{"rendered":"Sale caract\u00e8re (Vinyle \u00e9dition limit\u00e9e)"},"content":{"rendered":"<p>L\u2019album \u00ab Sale caract\u00e8re \u00bb le confirme : rub a dub classique, acc\u00e9l\u00e9rations drum and bass, effluves orientales, autotune de la musique urbaine contemporaine, c\u2019est toujours Massilia Sound System, voisin du monde entier et fi\u00e8rement enracin\u00e9\u2026<\/p>\n<p>Toi qui veux retrouver la joie, la bonne humeur, tout ce dont tu as besoin Massilia peut te le donner !<\/p>\n<p>Un album pour te redonner la niaque et faire le plein d\u2019\u00e9nergie positive !<\/p>\n<p><strong>Titres :<\/strong><br \/>\n<strong>Face A\u00efoli<\/strong><br \/>\nA Caval\u00f2t 4&#8217;08<br \/>\nCasa Massilia 3&#8217;52<br \/>\nNine 3&#8217;35<br \/>\nSale Caract\u00e8re 4&#8217;28<br \/>\nDans l&#8217;Oreillette 3&#8217;57<\/p>\n<p><strong>Face Boulegan<\/strong><br \/>\nLo Mercat 3&#8217;32<br \/>\nLa Mouche 3&#8217;48<br \/>\nVive la Solidarit\u00e9 3&#8217;44<br \/>\nB\u00f2na Adrei\u00e7a 3&#8217;32<br \/>\nT\u00f4t ou Tard 2&#8217;55<\/p>\n","protected":false},"excerpt":{"rendered":"<p>L\u2019album \u00ab Sale caract\u00e8re \u00bb le confirme : rub a dub classique, acc\u00e9l\u00e9rations drum and bass, effluves orientales, autotune de la musique urbaine contemporaine, c\u2019est toujours Massilia Sound System, voisin du monde entier et fi\u00e8rement enracin\u00e9\u2026 Toi qui veux retrouver la joie, la bonne humeur, tout ce dont tu as besoin Massilia peut te le [&hellip;]<\/p>\n","protected":false},"featured_media":54528,"template":"","meta":{"_acf_changed":false,"_genesis_hide_title":false,"_genesis_hide_breadcrumbs":false,"_genesis_hide_singular_image":false,"_genesis_hide_footer_widgets":false,"_genesis_custom_body_class":"","_genesis_custom_post_class":"","_genesis_layout":""},"product_brand":[],"product_cat":[7216,7234],"product_tag":[],"class_list":{"0":"post-59191","1":"product","2":"type-product","3":"status-publish","4":"has-post-thumbnail","6":"product_cat-music-en","7":"product_cat-ska-reggae-dub-en","8":"pa_auteur-massilia-sound-system-en","9":"pa_editeur-manivette-records-en","10":"pa_langue-francais-en","11":"pa_langue-occitan-en","12":"pa_langue-occitan-provencau-en","13":"entry","15":"first","16":"instock","17":"shipping-taxable","18":"purchasable","19":"product-type-simple"},"acf":[],"_links":{"self":[{"href":"https:\/\/www.libraria-occitana.org\/en\/wp-json\/wp\/v2\/product\/59191","targetHints":{"allow":["GET"]}}],"collection":[{"href":"https:\/\/www.libraria-occitana.org\/en\/wp-json\/wp\/v2\/product"}],"about":[{"href":"https:\/\/www.libraria-occitana.org\/en\/wp-json\/wp\/v2\/types\/product"}],"wp:featuredmedia":[{"embeddable":true,"href":"https:\/\/www.libraria-occitana.org\/en\/wp-json\/wp\/v2\/media\/54528"}],"wp:attachment":[{"href":"https:\/\/www.libraria-occitana.org\/en\/wp-json\/wp\/v2\/media?parent=59191"}],"wp:term":[{"taxonomy":"product_brand","embeddable":true,"href":"https:\/\/www.libraria-occitana.org\/en\/wp-json\/wp\/v2\/product_brand?post=59191"},{"taxonomy":"product_cat","embeddable":true,"href":"https:\/\/www.libraria-occitana.org\/en\/wp-json\/wp\/v2\/product_cat?post=59191"},{"taxonomy":"product_tag","embeddable":true,"href":"https:\/\/www.libraria-occitana.org\/en\/wp-json\/wp\/v2\/product_tag?post=59191"}],"curies":[{"name":"wp","href":"https:\/\/api.w.org\/{rel}","templated":true}]}}