{"id":59226,"date":"2024-02-05T16:07:12","date_gmt":"2024-02-05T15:07:12","guid":{"rendered":"http:\/\/www.libraria-occitana.org\/?post_type=product&#038;p=59226"},"modified":"2026-04-16T04:31:55","modified_gmt":"2026-04-16T02:31:55","slug":"au-vargier-de-la-mainin-libre-audio","status":"publish","type":"product","link":"https:\/\/www.libraria-occitana.org\/en\/product\/au-vargier-de-la-mainin-libre-audio\/","title":{"rendered":"Au vargier de la Mainin (libre + audi\u00f2)"},"content":{"rendered":"<p>Conte de cr\u00e9ation du CAP&#8217;\u00d2C, illustr\u00e9 par C\u00e9cile Serres.<\/p>\n<p>Un h\u00e9risson tr\u00e8s curieux cherche le jardin de Grand-m\u00e8re, car il en a entendu parler par toutes les petites b\u00eates qui y demeurent ou qui connaissent quelqu&#8217;un qui y demeure.<\/p>\n<p>Un album pour discuter autour du jardin, de ses diff\u00e9rents acteurs, des l\u00e9gumes et des animaux qui aident. L&#8217;occasion de comprendre les relations \u00e9cologiques qui existent dans ce jardin.<\/p>\n<p>Cycles 2-3<br \/>\nLecture de Josiane Eyssalet disponible sur http:\/\/www.capoc.fr\/ (Accueil &gt; Ressources num\u00e9riques : \u00c0 partir de A1-A2)<\/p>\n","protected":false},"excerpt":{"rendered":"<p>Conte de cr\u00e9ation du CAP&#8217;\u00d2C, illustr\u00e9 par C\u00e9cile Serres. Un h\u00e9risson tr\u00e8s curieux cherche le jardin de Grand-m\u00e8re, car il en a entendu parler par toutes les petites b\u00eates qui y demeurent ou qui connaissent quelqu&#8217;un qui y demeure. Un album pour discuter autour du jardin, de ses diff\u00e9rents acteurs, des l\u00e9gumes et des animaux [&hellip;]<\/p>\n","protected":false},"featured_media":59230,"template":"","meta":{"_acf_changed":false,"_genesis_hide_title":false,"_genesis_hide_breadcrumbs":false,"_genesis_hide_singular_image":false,"_genesis_hide_footer_widgets":false,"_genesis_custom_body_class":"","_genesis_custom_post_class":"","_genesis_layout":""},"product_brand":[],"product_cat":[7132,7170,7164],"product_tag":[],"class_list":{"0":"post-59226","1":"product","2":"type-product","3":"status-publish","4":"has-post-thumbnail","6":"product_cat-books","7":"product_cat-juvenile-en","8":"product_cat-juvenile-and-teen-comics-humour-en","9":"pa_auteur-capoc-en","10":"pa_auteur-serres-cecile-1-en","11":"pa_editeur-canope-editions-en","12":"pa_illustrateur-ratinaud-patrick-ratineaud-patrick-en","13":"pa_langue-occitan-en","14":"pa_langue-occitan-lemosin-en","15":"entry","17":"first","18":"instock","19":"shipping-taxable","20":"purchasable","21":"product-type-simple"},"acf":[],"_links":{"self":[{"href":"https:\/\/www.libraria-occitana.org\/en\/wp-json\/wp\/v2\/product\/59226","targetHints":{"allow":["GET"]}}],"collection":[{"href":"https:\/\/www.libraria-occitana.org\/en\/wp-json\/wp\/v2\/product"}],"about":[{"href":"https:\/\/www.libraria-occitana.org\/en\/wp-json\/wp\/v2\/types\/product"}],"wp:featuredmedia":[{"embeddable":true,"href":"https:\/\/www.libraria-occitana.org\/en\/wp-json\/wp\/v2\/media\/59230"}],"wp:attachment":[{"href":"https:\/\/www.libraria-occitana.org\/en\/wp-json\/wp\/v2\/media?parent=59226"}],"wp:term":[{"taxonomy":"product_brand","embeddable":true,"href":"https:\/\/www.libraria-occitana.org\/en\/wp-json\/wp\/v2\/product_brand?post=59226"},{"taxonomy":"product_cat","embeddable":true,"href":"https:\/\/www.libraria-occitana.org\/en\/wp-json\/wp\/v2\/product_cat?post=59226"},{"taxonomy":"product_tag","embeddable":true,"href":"https:\/\/www.libraria-occitana.org\/en\/wp-json\/wp\/v2\/product_tag?post=59226"}],"curies":[{"name":"wp","href":"https:\/\/api.w.org\/{rel}","templated":true}]}}