{"id":59237,"date":"2023-09-05T16:37:29","date_gmt":"2023-09-05T14:37:29","guid":{"rendered":"http:\/\/www.libraria-occitana.org\/?post_type=product&#038;p=59237"},"modified":"2026-04-25T07:36:20","modified_gmt":"2026-04-25T05:36:20","slug":"nisals-en-folia-boulins-en-folie","status":"publish","type":"product","link":"https:\/\/www.libraria-occitana.org\/en\/product\/nisals-en-folia-boulins-en-folie\/","title":{"rendered":"Nisals en folia &#8211; Boulins en folie"},"content":{"rendered":"<p>Dans ce livre de r\u00e9cits qui para\u00eet aujourd\u2019hui, l\u2019auteur nous invite \u00e0 une promenade dans le temps, en donnant libre cours \u00e0 son imagination, tout en se fondant parfois sur des faits r\u00e9els du pass\u00e9 ou du pr\u00e9sent. Dans un style aux facettes multiples, il manie l\u2019humour, l\u2019ironie mais aussi le s\u00e9rieux quand il \u00e9voque des \u00e9v\u00e9nements historiques. Les gravures d\u2019Andr\u00e9 Bonhomme nous offrent un point de vue en totale harmonie avec les r\u00e9cits.<\/p>\n<p>Ces histoires de pigeons, situ\u00e9es pour une grande part en P\u00e9rigord, l\u2019auteur, tout naturellement, a souhait\u00e9 qu\u2019elles soient traduites en occitan. Jean- Claude Dugros l\u2019a aid\u00e9 dans ce projet.<\/p>\n<p>N\u00e9 \u00e0 Cuzorn (Lot-et-Garonne), Jean-Paul Blot, qui vit en P\u00e9rigord, a \u00e9crit des recueils de po\u00e9sie, et traduit de l\u2019anglais divers ouvrages.<\/p>\n","protected":false},"excerpt":{"rendered":"<p>Dans ce livre de r\u00e9cits qui para\u00eet aujourd\u2019hui, l\u2019auteur nous invite \u00e0 une promenade dans le temps, en donnant libre cours \u00e0 son imagination, tout en se fondant parfois sur des faits r\u00e9els du pass\u00e9 ou du pr\u00e9sent. Dans un style aux facettes multiples, il manie l\u2019humour, l\u2019ironie mais aussi le s\u00e9rieux quand il \u00e9voque [&hellip;]<\/p>\n","protected":false},"featured_media":59240,"template":"","meta":{"_acf_changed":false,"_genesis_hide_title":false,"_genesis_hide_breadcrumbs":false,"_genesis_hide_singular_image":false,"_genesis_hide_footer_widgets":false,"_genesis_custom_body_class":"","_genesis_custom_post_class":"","_genesis_layout":""},"product_brand":[],"product_cat":[7132,7174,7182],"product_tag":[],"class_list":{"0":"post-59237","1":"product","2":"type-product","3":"status-publish","4":"has-post-thumbnail","6":"product_cat-books","7":"product_cat-literature-en","8":"product_cat-novels-short-stories-en","9":"pa_auteur-blot-joan-pau-blot-jean-paul-en","10":"pa_editeur-ieo-perigord-novelum-en","11":"pa_illustrateur-dugros-joan-claudi-dugros-jean-claude-en","12":"pa_langue-occitan-lengadocian-en","13":"pa_langue-occitan-francais-en","14":"entry","16":"first","17":"instock","18":"shipping-taxable","19":"purchasable","20":"product-type-simple"},"acf":[],"_links":{"self":[{"href":"https:\/\/www.libraria-occitana.org\/en\/wp-json\/wp\/v2\/product\/59237","targetHints":{"allow":["GET"]}}],"collection":[{"href":"https:\/\/www.libraria-occitana.org\/en\/wp-json\/wp\/v2\/product"}],"about":[{"href":"https:\/\/www.libraria-occitana.org\/en\/wp-json\/wp\/v2\/types\/product"}],"wp:featuredmedia":[{"embeddable":true,"href":"https:\/\/www.libraria-occitana.org\/en\/wp-json\/wp\/v2\/media\/59240"}],"wp:attachment":[{"href":"https:\/\/www.libraria-occitana.org\/en\/wp-json\/wp\/v2\/media?parent=59237"}],"wp:term":[{"taxonomy":"product_brand","embeddable":true,"href":"https:\/\/www.libraria-occitana.org\/en\/wp-json\/wp\/v2\/product_brand?post=59237"},{"taxonomy":"product_cat","embeddable":true,"href":"https:\/\/www.libraria-occitana.org\/en\/wp-json\/wp\/v2\/product_cat?post=59237"},{"taxonomy":"product_tag","embeddable":true,"href":"https:\/\/www.libraria-occitana.org\/en\/wp-json\/wp\/v2\/product_tag?post=59237"}],"curies":[{"name":"wp","href":"https:\/\/api.w.org\/{rel}","templated":true}]}}