{"id":59264,"date":"2022-07-07T18:00:06","date_gmt":"2022-07-07T16:00:06","guid":{"rendered":"http:\/\/www.libraria-occitana.org\/?post_type=product&#038;p=59264"},"modified":"2026-04-29T02:01:24","modified_gmt":"2026-04-29T00:01:24","slug":"accordeon-chromatique-musique-dauvergne","status":"publish","type":"product","link":"https:\/\/www.libraria-occitana.org\/en\/product\/accordeon-chromatique-musique-dauvergne\/","title":{"rendered":"Accord\u00e9on chromatique : Musique d&#8217;Auvergne"},"content":{"rendered":"<p><strong>Claude Quintard :<\/strong> Accord\u00e9on chromatique<\/p>\n<p>Fils de cafetiers auvergnats qui tenaient \u00e0 Montmartre le caf\u00e9 Au bon coin, Claude, n\u00e9 au d\u00e9but des ann\u00e9es 50, y a rencontr\u00e9, enfant, le grand accord\u00e9oniste Joseph Aigueperse. L&#8217;\u00e9t\u00e9, il allait au pays, chez ses grands-parents, qui tenaient une auberge \u00e0 La Barge d\u2019Alleuze dans le Cantal. Il y retrouvait ses oncles, cabretaires et accord\u00e9onistes. Ici, et l\u00e0, il a connu, tr\u00e8s jeune, Ren\u00e9 R\u00e9gis, Pierre Ladonne, Jean Malbert, Marcel Bernard, Jean Bergheaud. C&#8217;est peu dire qu&#8217;il a baign\u00e9 tout petit dans la musique d&#8217;Auvergne !<br \/>\nIl a anim\u00e9 son premier bal \u00e0 12 ans, et a commenc\u00e9 \u00e0 enregistrer dans les ann\u00e9es 1970. Apr\u00e8s une longue interruption, il a repris ses activit\u00e9s musicales au d\u00e9but des ann\u00e9es 2000, multipliant bals et ateliers de danse.<br \/>\nC&#8217;est cette somme de savoir et d&#8217;exp\u00e9rience que ce grand ma\u00eetre de l&#8217;accord\u00e9on chromatique nous offre aujourd&#8217;hui, dans un CD qui lui ressemble tant, m\u00ealant amour profond des musiques d&#8217;Auvergne, cadence impeccable, virtuosit\u00e9, et modestie.<\/p>\n<p>Traditionnel : Auvergne-Rouergue (15 titres).<br \/>\nCompositions : Antoine Bouscatel (1 titre), Dominique Borel (1 titre), Georges Cantournet (3 titres), Martin Cayla (1 titre), Adolphe Deprince (1 titre), Michel Esbelin (2 titres), Pierre Ladonne (1 titre), Marcel Pelat (1 titre), Claude Quintard (1 titre), Josette Quintard (2 titres), Louis Rispal (1 titre), Daniel Vidalenc (1 titre), Jean Vaissade (1 titre).<br \/>\nLivret 12 pages, indication des sources.<\/p>\n<p><strong>Titres :<\/strong><br \/>\n1. Trois bourr\u00e9es selon Jean-Marie Tournadre 3&#8217;18<br \/>\n2. Marche de noce \/ Bourr\u00e9e de Chabaud \/ Bourr\u00e9e du grand-p\u00e8re Ythier 4&#8217;52<br \/>\n3. Polka et mazurka selon Alexandre Savignat 4&#8217;16<br \/>\n4. &#8216;Qu\u00f2 es los gar\u00e7ons de vers Jornhac \/ Lo paure Pi\u00e8re plora \/ E lo papeta trepa 3&#8217;00<br \/>\n5. La Cornadela 1&#8217;25<br \/>\n6. Marche selon Camille Beaufort \/ Mazurka et bourr\u00e9e selon Antonin Chabrier 5&#8217;59<br \/>\n7. Polka piqu\u00e9e et bourr\u00e9e selon Jean-Marie Tournadre 2&#8217;42<br \/>\n8. Mazurka de l&#8217;Anglars \/ Deux mazurkas selon L\u00e9on Peyrat 2&#8217;58<br \/>\n9. Bourr\u00e9e de Gimel \/ Bourr\u00e9e pour r\u00e9veiller les danseurs 2&#8217;30<br \/>\n10. Marche des vachers \/ R\u00e9veillez-vous les gens 5&#8217;22<br \/>\n11. Valse \u00e0 la chabrette \/ &#8216;Qu\u00f2 es ton dedau 4&#8217;14<\/p>\n","protected":false},"excerpt":{"rendered":"<p>Claude Quintard : Accord\u00e9on chromatique Fils de cafetiers auvergnats qui tenaient \u00e0 Montmartre le caf\u00e9 Au bon coin, Claude, n\u00e9 au d\u00e9but des ann\u00e9es 50, y a rencontr\u00e9, enfant, le grand accord\u00e9oniste Joseph Aigueperse. L&#8217;\u00e9t\u00e9, il allait au pays, chez ses grands-parents, qui tenaient une auberge \u00e0 La Barge d\u2019Alleuze dans le Cantal. Il y [&hellip;]<\/p>\n","protected":false},"featured_media":59267,"template":"","meta":{"_acf_changed":false,"_genesis_hide_title":false,"_genesis_hide_breadcrumbs":false,"_genesis_hide_singular_image":false,"_genesis_hide_footer_widgets":false,"_genesis_custom_body_class":"","_genesis_custom_post_class":"","_genesis_layout":""},"product_brand":[],"product_cat":[7228,7216],"product_tag":[],"class_list":{"0":"post-59264","1":"product","2":"type-product","3":"status-publish","4":"has-post-thumbnail","6":"product_cat-modern-folk-en","7":"product_cat-music-en","8":"pa_auteur-quintard-claude-en","9":"pa_editeur-aepem-en","10":"pa_langue-francais-en","11":"entry","13":"first","14":"instock","15":"shipping-taxable","16":"purchasable","17":"product-type-simple"},"acf":[],"_links":{"self":[{"href":"https:\/\/www.libraria-occitana.org\/en\/wp-json\/wp\/v2\/product\/59264","targetHints":{"allow":["GET"]}}],"collection":[{"href":"https:\/\/www.libraria-occitana.org\/en\/wp-json\/wp\/v2\/product"}],"about":[{"href":"https:\/\/www.libraria-occitana.org\/en\/wp-json\/wp\/v2\/types\/product"}],"wp:featuredmedia":[{"embeddable":true,"href":"https:\/\/www.libraria-occitana.org\/en\/wp-json\/wp\/v2\/media\/59267"}],"wp:attachment":[{"href":"https:\/\/www.libraria-occitana.org\/en\/wp-json\/wp\/v2\/media?parent=59264"}],"wp:term":[{"taxonomy":"product_brand","embeddable":true,"href":"https:\/\/www.libraria-occitana.org\/en\/wp-json\/wp\/v2\/product_brand?post=59264"},{"taxonomy":"product_cat","embeddable":true,"href":"https:\/\/www.libraria-occitana.org\/en\/wp-json\/wp\/v2\/product_cat?post=59264"},{"taxonomy":"product_tag","embeddable":true,"href":"https:\/\/www.libraria-occitana.org\/en\/wp-json\/wp\/v2\/product_tag?post=59264"}],"curies":[{"name":"wp","href":"https:\/\/api.w.org\/{rel}","templated":true}]}}