{"id":59364,"date":"2024-03-04T15:36:03","date_gmt":"2024-03-04T14:36:03","guid":{"rendered":"http:\/\/www.libraria-occitana.org\/?post_type=product&#038;p=59364"},"modified":"2026-04-25T21:41:09","modified_gmt":"2026-04-25T19:41:09","slug":"le-tresor-des-mots","status":"publish","type":"product","link":"https:\/\/www.libraria-occitana.org\/en\/product\/le-tresor-des-mots\/","title":{"rendered":"Le tr\u00e9sor des mots"},"content":{"rendered":"<p>Par la richesse de son vocabulaire, le recueil de tr\u00e8s nombreuses locutions occitanes, de tournures populaires, d\u2019expressions prises sur le vif, de proverbes et de dictons, ce dictionnaire occitan-fran\u00e7ais porte bien son nom de Tr\u00e9sor des mots.<br \/>\nFruit d\u2019une qu\u00eate r\u00e9alis\u00e9e au long de dizaines d\u2019ann\u00e9es, il se veut pour Andr\u00e9 Lagarde le reflet fid\u00e8le de la parole d\u2019Oc.<br \/>\nBien au del\u00e0 du simple terroir audois de Rivel, il pourra \u00eatre utilis\u00e9 avec fruit par tous ceux qui ont l\u2019envie d\u2019approfondir leur connaissance de l\u2019occitan. C\u2019est toute la vari\u00e9t\u00e9, la force et le suc d\u2019un langage qui sont ici r\u00e9v\u00e9l\u00e9s et mis \u00e0 la disposition de tous les lecteurs.<\/p>\n<p>Andr\u00e9 Lagarde a consacr\u00e9 sa vie \u00e0 l\u2019\u00e9tude et \u00e0 l\u2019enseignement de la langue occitane, avec foi et pers\u00e9v\u00e9rance.<br \/>\nIl est l\u2019auteur d\u2019une \u0153uvre occitane abondante et de grande qualit\u00e9 : ouvrages de lexicographie, chroniques, contes pour enfants, \u00e9crits biographiques, recueils de proverbes, de devinettes, de noms de lieux et de personnes, traductions, collecteur et \u00e9diteur d\u2019un des plus beaux recueil de contes populaires occitans\u2026<\/p>\n","protected":false},"excerpt":{"rendered":"<p>Par la richesse de son vocabulaire, le recueil de tr\u00e8s nombreuses locutions occitanes, de tournures populaires, d\u2019expressions prises sur le vif, de proverbes et de dictons, ce dictionnaire occitan-fran\u00e7ais porte bien son nom de Tr\u00e9sor des mots. Fruit d\u2019une qu\u00eate r\u00e9alis\u00e9e au long de dizaines d\u2019ann\u00e9es, il se veut pour Andr\u00e9 Lagarde le reflet fid\u00e8le [&hellip;]<\/p>\n","protected":false},"featured_media":59367,"template":"","meta":{"_acf_changed":false,"_genesis_hide_title":false,"_genesis_hide_breadcrumbs":false,"_genesis_hide_singular_image":false,"_genesis_hide_footer_widgets":false,"_genesis_custom_body_class":"","_genesis_custom_post_class":"","_genesis_layout":""},"product_brand":[],"product_cat":[7132,7138,7136],"product_tag":[],"class_list":{"0":"post-59364","1":"product","2":"type-product","3":"status-publish","4":"has-post-thumbnail","6":"product_cat-books","7":"product_cat-dictionaries-grammars-en","8":"product_cat-dictionaries-language-educational-en","9":"pa_auteur-lagarda-andrieu-en","10":"pa_editeur-letras-doc-en","11":"pa_langue-occitan-lengadocian-en","12":"pa_langue-occitan-francais-en","13":"entry","15":"first","16":"instock","17":"shipping-taxable","18":"purchasable","19":"product-type-simple"},"acf":[],"_links":{"self":[{"href":"https:\/\/www.libraria-occitana.org\/en\/wp-json\/wp\/v2\/product\/59364","targetHints":{"allow":["GET"]}}],"collection":[{"href":"https:\/\/www.libraria-occitana.org\/en\/wp-json\/wp\/v2\/product"}],"about":[{"href":"https:\/\/www.libraria-occitana.org\/en\/wp-json\/wp\/v2\/types\/product"}],"wp:featuredmedia":[{"embeddable":true,"href":"https:\/\/www.libraria-occitana.org\/en\/wp-json\/wp\/v2\/media\/59367"}],"wp:attachment":[{"href":"https:\/\/www.libraria-occitana.org\/en\/wp-json\/wp\/v2\/media?parent=59364"}],"wp:term":[{"taxonomy":"product_brand","embeddable":true,"href":"https:\/\/www.libraria-occitana.org\/en\/wp-json\/wp\/v2\/product_brand?post=59364"},{"taxonomy":"product_cat","embeddable":true,"href":"https:\/\/www.libraria-occitana.org\/en\/wp-json\/wp\/v2\/product_cat?post=59364"},{"taxonomy":"product_tag","embeddable":true,"href":"https:\/\/www.libraria-occitana.org\/en\/wp-json\/wp\/v2\/product_tag?post=59364"}],"curies":[{"name":"wp","href":"https:\/\/api.w.org\/{rel}","templated":true}]}}