{"id":59377,"date":"2017-02-04T15:50:36","date_gmt":"2017-02-04T14:50:36","guid":{"rendered":"http:\/\/www.libraria-occitana.org\/?post_type=product&#038;p=59377"},"modified":"2026-04-29T02:31:51","modified_gmt":"2026-04-29T00:31:51","slug":"craba","status":"publish","type":"product","link":"https:\/\/www.libraria-occitana.org\/en\/product\/craba\/","title":{"rendered":"Craba"},"content":{"rendered":"<p>L\u2019album \u201cCRABA\u201d est le deuxi\u00e8me cd de cette s\u00e9rie consacr\u00e9e aux cornemuses occitanes.<\/p>\n<p>La craba ou boudegue est la plus grande des cornemuses occitanes. Son volume sonore et ses qualit\u00e9s acoustiques en font une cornemuse \u00e0 part dans le monde des instruments \u00e0 poche. Aid\u00e9e pour l\u2019occasion par des instruments \u00e0 vent, la craba vous fera d\u00e9couvrir son univers et son r\u00e9pertoire exceptionnels.<\/p>\n<p><iframe loading=\"lazy\" src=\"https:\/\/w.soundcloud.com\/player\/?url=https%3A\/\/api.soundcloud.com\/tracks\/270689279&amp;color=%23ff5500&amp;auto_play=false&amp;hide_related=false&amp;show_comments=true&amp;show_user=true&amp;show_reposts=false&amp;show_teaser=true&amp;visual=true\" width=\"100%\" height=\"300\" frameborder=\"no\" scrolling=\"no\"><\/iframe><\/p>\n<div style=\"font-size: 10px; color: #cccccc; line-break: anywhere; word-break: normal; overflow: hidden; white-space: nowrap; text-overflow: ellipsis; font-family: Interstate,Lucida Grande,Lucida Sans Unicode,Lucida Sans,Garuda,Verdana,Tahoma,sans-serif; font-weight: 100;\"><a style=\"color: #cccccc; text-decoration: none;\" title=\"cornemusesoccitanes\" href=\"https:\/\/soundcloud.com\/cornemusesoccitanes\" target=\"_blank\" rel=\"noopener\">cornemusesoccitanes<\/a> \u00b7 <a style=\"color: #cccccc; text-decoration: none;\" title=\"La Font De Bertomieu\" href=\"https:\/\/soundcloud.com\/cornemusesoccitanes\/la-font-de-bertomieu\" target=\"_blank\" rel=\"noopener\">La Font De Bertomieu<\/a><\/div>\n<p><strong>Titres :<\/strong><br \/>\n1. Lo cod\u00e8rc (Robert Matta, marche suivie d&#8217;une valse) 3&#8217;59<br \/>\n2. Pica p\u00e8 (Fabrice Rougier, brise pied) 2&#8217;50<br \/>\n3. La font de sant Bortomieu (Traditionnel, mazurka) &#8211; Tres per una (Robert Matta, mazurka) 3&#8217;26<br \/>\n4. Fra diavolo (Traditionnel, fecas de Limoux) 2&#8217;39<br \/>\n5. Magnete (Traditionnel, foxtrot \/ Castilla) 3&#8217;34<br \/>\n6. L&#8217;And\u00f2lfi (Alain Floutard, scottish chant\u00e9e) 3&#8217;22<br \/>\n7. Anatole (Alain Floutard, scottish) &#8211; Il gatto (Sergio Berardo, scottish) 2&#8217;07<br \/>\n8. La Mari\u00f2ta &#8211; Branlons (Traditionnel, branlons de Montr\u00f2c-Salvetat-Tr\u00f2ta Topin) 4&#8217;10<br \/>\n9. Herrikoia (Traditionnel basque) 4&#8217;21<br \/>\n10. Air de noce d&#8217;Italie &#8211; La vielha (Traditionnel, polkas) 3&#8217;12<br \/>\n11. La cuga (Traditionnel, fecas de Limoux) 2&#8217;24<br \/>\n12. Pasavillas &#8211; El tatero (Traditionnel, passe-rues populaires \/ Huesca-Arag\u00f3n) 2&#8217;37<br \/>\n13. Al solelh levant &#8211; Aqui Carnaval (JP. Leriche &#8211; Alain Floutard, scottishs) 4&#8217;24<br \/>\n14. O buta vam (Traditionnel, buta-vam) 1&#8217;47<br \/>\n15. Branles d&#8217;Aguts (Traditionnel, branles du Lauragais) 5&#8217;13<\/p>\n<p><strong>Les autres albums :<br \/>\n<\/strong><a href=\"http:\/\/www.libraria-occitana.org\/produit\/boha\/\"><em>Boha<\/em><\/a><br \/>\n<a href=\"http:\/\/www.libraria-occitana.org\/produit\/samponha\/\"><em>Samponha<\/em><\/a><br \/>\n<a href=\"http:\/\/www.libraria-occitana.org\/produit\/chabreta\/\"><em>Chabreta<\/em><\/a><\/p>\n","protected":false},"excerpt":{"rendered":"<p>L\u2019album \u201cCRABA\u201d est le deuxi\u00e8me cd de cette s\u00e9rie consacr\u00e9e aux cornemuses occitanes. La craba ou boudegue est la plus grande des cornemuses occitanes. Son volume sonore et ses qualit\u00e9s acoustiques en font une cornemuse \u00e0 part dans le monde des instruments \u00e0 poche. Aid\u00e9e pour l\u2019occasion par des instruments \u00e0 vent, la craba vous [&hellip;]<\/p>\n","protected":false},"featured_media":59356,"template":"","meta":{"_acf_changed":false,"_genesis_hide_title":false,"_genesis_hide_breadcrumbs":false,"_genesis_hide_singular_image":false,"_genesis_hide_footer_widgets":false,"_genesis_custom_body_class":"","_genesis_custom_post_class":"","_genesis_layout":""},"product_brand":[],"product_cat":[7228,7216],"product_tag":[],"class_list":{"0":"post-59377","1":"product","2":"type-product","3":"status-publish","4":"has-post-thumbnail","6":"product_cat-modern-folk-en","7":"product_cat-music-en","8":"pa_auteur-collectiu-en-2","9":"pa_auteur-matta-robert-en","10":"pa_editeur-la-confrerie-des-souffleurs-en","11":"pa_langue-occitan-en","12":"entry","14":"first","15":"instock","16":"shipping-taxable","17":"purchasable","18":"product-type-simple"},"acf":[],"_links":{"self":[{"href":"https:\/\/www.libraria-occitana.org\/en\/wp-json\/wp\/v2\/product\/59377","targetHints":{"allow":["GET"]}}],"collection":[{"href":"https:\/\/www.libraria-occitana.org\/en\/wp-json\/wp\/v2\/product"}],"about":[{"href":"https:\/\/www.libraria-occitana.org\/en\/wp-json\/wp\/v2\/types\/product"}],"wp:featuredmedia":[{"embeddable":true,"href":"https:\/\/www.libraria-occitana.org\/en\/wp-json\/wp\/v2\/media\/59356"}],"wp:attachment":[{"href":"https:\/\/www.libraria-occitana.org\/en\/wp-json\/wp\/v2\/media?parent=59377"}],"wp:term":[{"taxonomy":"product_brand","embeddable":true,"href":"https:\/\/www.libraria-occitana.org\/en\/wp-json\/wp\/v2\/product_brand?post=59377"},{"taxonomy":"product_cat","embeddable":true,"href":"https:\/\/www.libraria-occitana.org\/en\/wp-json\/wp\/v2\/product_cat?post=59377"},{"taxonomy":"product_tag","embeddable":true,"href":"https:\/\/www.libraria-occitana.org\/en\/wp-json\/wp\/v2\/product_tag?post=59377"}],"curies":[{"name":"wp","href":"https:\/\/api.w.org\/{rel}","templated":true}]}}