{"id":59381,"date":"2017-02-04T15:58:57","date_gmt":"2017-02-04T14:58:57","guid":{"rendered":"http:\/\/www.libraria-occitana.org\/?post_type=product&#038;p=59381"},"modified":"2026-04-17T01:41:18","modified_gmt":"2026-04-16T23:41:18","slug":"boha","status":"publish","type":"product","link":"https:\/\/www.libraria-occitana.org\/en\/product\/boha\/","title":{"rendered":"Boha"},"content":{"rendered":"<p>Premier opus de cette collection, l\u2019album \u201cBOHA\u201d para\u00eet en juin 2016 et regroupe une s\u00e9lection d\u2019airs et de chansons inspir\u00e9s du r\u00e9pertoire traditionnel et \u00e9galement de compositions r\u00e9centes. Certains textes sont sign\u00e9s d\u2019Alain Floutard disparu trop t\u00f4t et qui nous laisse \u00e0 travers ses chansons un go\u00fbt unique de la po\u00e9sie occitane.<\/p>\n<p><iframe loading=\"lazy\" src=\"https:\/\/w.soundcloud.com\/player\/?url=https%3A\/\/api.soundcloud.com\/tracks\/270689136&amp;color=%23ff5500&amp;auto_play=false&amp;hide_related=false&amp;show_comments=true&amp;show_user=true&amp;show_reposts=false&amp;show_teaser=true&amp;visual=true\" width=\"100%\" height=\"300\" frameborder=\"no\" scrolling=\"no\"><\/iframe><\/p>\n<div style=\"font-size: 10px; color: #cccccc; line-break: anywhere; word-break: normal; overflow: hidden; white-space: nowrap; text-overflow: ellipsis; font-family: Interstate,Lucida Grande,Lucida Sans Unicode,Lucida Sans,Garuda,Verdana,Tahoma,sans-serif; font-weight: 100;\"><a style=\"color: #cccccc; text-decoration: none;\" title=\"cornemusesoccitanes\" href=\"https:\/\/soundcloud.com\/cornemusesoccitanes\" target=\"_blank\" rel=\"noopener\">cornemusesoccitanes<\/a> \u00b7 <a style=\"color: #cccccc; text-decoration: none;\" title=\"Polca\u0300s Corre\u0301zienne Et Morvandelle\" href=\"https:\/\/soundcloud.com\/cornemusesoccitanes\/polcas-correzienne-et-morvandelle\" target=\"_blank\" rel=\"noopener\">Polca\u0300s Corre\u0301zienne Et Morvandelle<\/a><\/div>\n<p><iframe loading=\"lazy\" src=\"https:\/\/w.soundcloud.com\/player\/?url=https%3A\/\/api.soundcloud.com\/tracks\/270688668&amp;color=%23ff5500&amp;auto_play=false&amp;hide_related=false&amp;show_comments=true&amp;show_user=true&amp;show_reposts=false&amp;show_teaser=true&amp;visual=true\" width=\"100%\" height=\"300\" frameborder=\"no\" scrolling=\"no\"><\/iframe><\/p>\n<div style=\"font-size: 10px; color: #cccccc; line-break: anywhere; word-break: normal; overflow: hidden; white-space: nowrap; text-overflow: ellipsis; font-family: Interstate,Lucida Grande,Lucida Sans Unicode,Lucida Sans,Garuda,Verdana,Tahoma,sans-serif; font-weight: 100;\"><a style=\"color: #cccccc; text-decoration: none;\" title=\"cornemusesoccitanes\" href=\"https:\/\/soundcloud.com\/cornemusesoccitanes\" target=\"_blank\" rel=\"noopener\">cornemusesoccitanes<\/a> \u00b7 <a style=\"color: #cccccc; text-decoration: none;\" title=\"Al Pradie\u0300r\" href=\"https:\/\/soundcloud.com\/cornemusesoccitanes\/al-pradier\" target=\"_blank\" rel=\"noopener\">Al Pradie\u0300r<\/a><\/div>\n<p><strong>Titres :<\/strong><br \/>\n1. Abrial (Robert Matta) 2&#8217;42<br \/>\n2. Al pradi\u00e8r (Alain Floutard &#8211; Robert Matta) 2&#8217;57<br \/>\n3. Rondeau improbable (R\u00e9my Pal\u00e9zis) 3&#8217;08<br \/>\n4. Devath la huelha &#8211; L&#8217;aute jorn (Traditionnel) 3&#8217;54<br \/>\n5. Scottishs a pi\u00e8las (R\u00e9my Pal\u00e9zis) 3&#8217;25<br \/>\n6. La vie dure (S\u00e9bastien Lagrange) 3&#8217;35<br \/>\n7. Polkas corr\u00e9zienne et morvandelle (Traditionnel) 2&#8217;51<br \/>\n8. La Floreta (Alain Floutard &#8211; Robert Matta) 4&#8217;22<br \/>\n9. Open tempo (R\u00e9my Pal\u00e9zis) 2&#8217;34<br \/>\n10. Mazurka di Ivano (Traditionnel) 2&#8217;34<br \/>\n11. Vanessa (R\u00e9my Pal\u00e9zis) 2&#8217;34<br \/>\n12. Al b\u00f2sc del bois (Robert Matta) 3&#8217;21<br \/>\n13. Parla-me (Bernard Connac) 3&#8217;00<br \/>\n14. Carnaval de Lanz (Traditionnel) 3&#8217;28<br \/>\n15. Suite de rondeaux (Traditionnel) 2&#8217;38<br \/>\n16. Mazouk (Traditionnel antillais) 2&#8217;25<br \/>\n17. Rondeau des Landes &amp; Au n\u00f2ste parquilhot (Traditionnel) 4&#8217;46<\/p>\n<p><strong>Les autres albums :<br \/>\n<\/strong><a href=\"http:\/\/www.libraria-occitana.org\/produit\/craba\/\"><em>Craba<\/em><\/a><br \/>\n<a href=\"http:\/\/www.libraria-occitana.org\/produit\/samponha\/\"><em>Samponha<\/em><\/a><br \/>\n<a href=\"http:\/\/www.libraria-occitana.org\/produit\/chabreta\/\"><em>Chabreta<\/em><\/a><\/p>\n","protected":false},"excerpt":{"rendered":"<p>Premier opus de cette collection, l\u2019album \u201cBOHA\u201d para\u00eet en juin 2016 et regroupe une s\u00e9lection d\u2019airs et de chansons inspir\u00e9s du r\u00e9pertoire traditionnel et \u00e9galement de compositions r\u00e9centes. Certains textes sont sign\u00e9s d\u2019Alain Floutard disparu trop t\u00f4t et qui nous laisse \u00e0 travers ses chansons un go\u00fbt unique de la po\u00e9sie occitane. cornemusesoccitanes \u00b7 Polca\u0300s [&hellip;]<\/p>\n","protected":false},"featured_media":59347,"template":"","meta":{"_acf_changed":false,"_genesis_hide_title":false,"_genesis_hide_breadcrumbs":false,"_genesis_hide_singular_image":false,"_genesis_hide_footer_widgets":false,"_genesis_custom_body_class":"","_genesis_custom_post_class":"","_genesis_layout":""},"product_brand":[],"product_cat":[7228,7216],"product_tag":[],"class_list":{"0":"post-59381","1":"product","2":"type-product","3":"status-publish","4":"has-post-thumbnail","6":"product_cat-modern-folk-en","7":"product_cat-music-en","8":"pa_auteur-matta-robert-en","9":"pa_auteur-palezis-remy-en","10":"pa_editeur-la-confrerie-des-souffleurs-en","11":"pa_langue-occitan-en","12":"entry","14":"first","15":"instock","16":"shipping-taxable","17":"purchasable","18":"product-type-simple"},"acf":[],"_links":{"self":[{"href":"https:\/\/www.libraria-occitana.org\/en\/wp-json\/wp\/v2\/product\/59381","targetHints":{"allow":["GET"]}}],"collection":[{"href":"https:\/\/www.libraria-occitana.org\/en\/wp-json\/wp\/v2\/product"}],"about":[{"href":"https:\/\/www.libraria-occitana.org\/en\/wp-json\/wp\/v2\/types\/product"}],"wp:featuredmedia":[{"embeddable":true,"href":"https:\/\/www.libraria-occitana.org\/en\/wp-json\/wp\/v2\/media\/59347"}],"wp:attachment":[{"href":"https:\/\/www.libraria-occitana.org\/en\/wp-json\/wp\/v2\/media?parent=59381"}],"wp:term":[{"taxonomy":"product_brand","embeddable":true,"href":"https:\/\/www.libraria-occitana.org\/en\/wp-json\/wp\/v2\/product_brand?post=59381"},{"taxonomy":"product_cat","embeddable":true,"href":"https:\/\/www.libraria-occitana.org\/en\/wp-json\/wp\/v2\/product_cat?post=59381"},{"taxonomy":"product_tag","embeddable":true,"href":"https:\/\/www.libraria-occitana.org\/en\/wp-json\/wp\/v2\/product_tag?post=59381"}],"curies":[{"name":"wp","href":"https:\/\/api.w.org\/{rel}","templated":true}]}}