{"id":59395,"date":"2024-03-04T18:28:34","date_gmt":"2024-03-04T17:28:34","guid":{"rendered":"http:\/\/www.libraria-occitana.org\/product\/rodeo-preistoric\/"},"modified":"2026-04-15T23:01:34","modified_gmt":"2026-04-15T21:01:34","slug":"rodeo-preistoric","status":"publish","type":"product","link":"https:\/\/www.libraria-occitana.org\/en\/product\/rodeo-preistoric\/","title":{"rendered":"Rodeo pre\u00efstoric"},"content":{"rendered":"<p>Aure S\u00e9guier nous propose un livre jeunesse de science fiction qui enchantera le lecteur et la lectrice. Des dinosaures, une faille spatiotemporelle, la Soci\u00e9t\u00e9 des Gardiens Temporels (SGT) et deux lyc\u00e9ens sont les ingr\u00e9dients de cette histoire qui se d\u00e9roule \u00e0 tambour battant.<\/p>\n<blockquote>\n<p>Comen\u00e7ava la setmana amb doas oras de franc\u00e9s. La votz soporifica de D\u00f2na Grandet ajudava pas a se botar al tribalh. Au cap d\u2019un quart d\u2019ora, Mat\u00e8u \u00e8ra a mitat endormit. Gaitava per la fen\u00e8stra amb d&#8217;u\u00e8lhs vitroses. Un tricerat\u00f2ps passava dins la cort.<\/p>\n<\/blockquote>\n","protected":false},"excerpt":{"rendered":"<p>Aure S\u00e9guier nous propose un livre jeunesse de science fiction qui enchantera le lecteur et la lectrice. Des dinosaures, une faille spatiotemporelle, la Soci\u00e9t\u00e9 des Gardiens Temporels (SGT) et deux lyc\u00e9ens sont les ingr\u00e9dients de cette histoire qui se d\u00e9roule \u00e0 tambour battant. Comen\u00e7ava la setmana amb doas oras de franc\u00e9s. La votz soporifica de [&hellip;]<\/p>\n","protected":false},"featured_media":59393,"template":"","meta":{"_acf_changed":false,"_genesis_hide_title":false,"_genesis_hide_breadcrumbs":false,"_genesis_hide_singular_image":false,"_genesis_hide_footer_widgets":false,"_genesis_custom_body_class":"","_genesis_custom_post_class":"","_genesis_layout":""},"product_brand":[],"product_cat":[7132,7164,7166],"product_tag":[],"class_list":{"0":"post-59395","1":"product","2":"type-product","3":"status-publish","4":"has-post-thumbnail","6":"product_cat-books","7":"product_cat-juvenile-and-teen-comics-humour-en","8":"product_cat-teen-en","9":"pa_auteur-seguier-aure-en","10":"pa_editeur-reclams-en","11":"pa_langue-occitan-en","12":"pa_langue-occitan-lengadocian-en","13":"entry","15":"first","16":"instock","17":"shipping-taxable","18":"purchasable","19":"product-type-simple"},"acf":[],"_links":{"self":[{"href":"https:\/\/www.libraria-occitana.org\/en\/wp-json\/wp\/v2\/product\/59395","targetHints":{"allow":["GET"]}}],"collection":[{"href":"https:\/\/www.libraria-occitana.org\/en\/wp-json\/wp\/v2\/product"}],"about":[{"href":"https:\/\/www.libraria-occitana.org\/en\/wp-json\/wp\/v2\/types\/product"}],"wp:featuredmedia":[{"embeddable":true,"href":"https:\/\/www.libraria-occitana.org\/en\/wp-json\/wp\/v2\/media\/59393"}],"wp:attachment":[{"href":"https:\/\/www.libraria-occitana.org\/en\/wp-json\/wp\/v2\/media?parent=59395"}],"wp:term":[{"taxonomy":"product_brand","embeddable":true,"href":"https:\/\/www.libraria-occitana.org\/en\/wp-json\/wp\/v2\/product_brand?post=59395"},{"taxonomy":"product_cat","embeddable":true,"href":"https:\/\/www.libraria-occitana.org\/en\/wp-json\/wp\/v2\/product_cat?post=59395"},{"taxonomy":"product_tag","embeddable":true,"href":"https:\/\/www.libraria-occitana.org\/en\/wp-json\/wp\/v2\/product_tag?post=59395"}],"curies":[{"name":"wp","href":"https:\/\/api.w.org\/{rel}","templated":true}]}}