{"id":59495,"date":"2022-03-21T22:03:52","date_gmt":"2022-03-21T21:03:52","guid":{"rendered":"http:\/\/www.libraria-occitana.org\/?post_type=product&#038;p=59495"},"modified":"2026-04-16T20:46:08","modified_gmt":"2026-04-16T18:46:08","slug":"le-chataignier-un-arbre-genereux","status":"publish","type":"product","link":"https:\/\/www.libraria-occitana.org\/en\/product\/le-chataignier-un-arbre-genereux\/","title":{"rendered":"Le Ch\u00e2taignier : Un arbre g\u00e9n\u00e9reux"},"content":{"rendered":"<p><strong>L\u2019arbre \u00e0 pain a nourri les hommes pendant plusieurs g\u00e9n\u00e9rations<\/strong>, en Corse, dans les C\u00e9vennes, en Ard\u00e8che, dans le Limousin. Mais il a \u00e9galement \u00e9t\u00e9 une <strong>ressource pr\u00e9cieuse<\/strong> dans de nombreuses autres r\u00e9gions ! Vous d\u00e9couvrirez dans ce livre <strong>le portrait et l\u2019histoire<\/strong> du ch\u00e2taignier, dont la culture a \u00e9t\u00e9 r\u00e9pandue en Gaule pendant l\u2019Antiquit\u00e9.<\/p>\n<p>La ch\u00e2taigne est un <strong>fruit merveilleux<\/strong>. Le bois, gorg\u00e9 de tanins, n\u2019a pas besoin de traitements pour \u00eatre utilis\u00e9 \u00e0 l\u2019ext\u00e9rieur. Saviez vous que c\u2019est le feuillu de nos for\u00eats dont le bois a le plus d\u2019usages ? On l\u2019emploie en <strong>agriculture, viticulture, ostr\u00e9iculture, construction<\/strong>\u2026<\/p>\n<p>Les <strong>propri\u00e9t\u00e9s m\u00e9dicinales<\/strong> du ch\u00e2taignier ne sont pas oubli\u00e9es, ni ses utilisations au fil des saisons, en <strong>teinture, apiculture, vannerie<\/strong> et bien s\u00fbr en cuisine\u2026<\/p>\n<p>Autant de qualit\u00e9s qui justifient qu\u2019on l\u2019appelle l\u2019\u00ab <strong>arbre \u00e0 tout faire<\/strong> \u00bb !<\/p>\n","protected":false},"excerpt":{"rendered":"<p>L\u2019arbre \u00e0 pain a nourri les hommes pendant plusieurs g\u00e9n\u00e9rations, en Corse, dans les C\u00e9vennes, en Ard\u00e8che, dans le Limousin. Mais il a \u00e9galement \u00e9t\u00e9 une ressource pr\u00e9cieuse dans de nombreuses autres r\u00e9gions ! Vous d\u00e9couvrirez dans ce livre le portrait et l\u2019histoire du ch\u00e2taignier, dont la culture a \u00e9t\u00e9 r\u00e9pandue en Gaule pendant l\u2019Antiquit\u00e9. [&hellip;]<\/p>\n","protected":false},"featured_media":59498,"template":"","meta":{"_acf_changed":false,"_genesis_hide_title":false,"_genesis_hide_breadcrumbs":false,"_genesis_hide_singular_image":false,"_genesis_hide_footer_widgets":false,"_genesis_custom_body_class":"","_genesis_custom_post_class":"","_genesis_layout":""},"product_brand":[],"product_cat":[7132,7200,7196,7212,7206],"product_tag":[],"class_list":{"0":"post-59495","1":"product","2":"type-product","3":"status-publish","4":"has-post-thumbnail","6":"product_cat-books","7":"product_cat-nature-gardening-en","8":"product_cat-nature-tourism-en","9":"product_cat-traditional-skills-savoirs-faire-en","10":"product_cat-traditions-heritage-en","11":"pa_auteur-astier-eliane-en","12":"pa_auteur-bertrand-bernard-en","13":"pa_editeur-editions-de-terran-en","14":"pa_langue-francais-en","15":"entry","17":"first","18":"instock","19":"shipping-taxable","20":"purchasable","21":"product-type-simple"},"acf":[],"_links":{"self":[{"href":"https:\/\/www.libraria-occitana.org\/en\/wp-json\/wp\/v2\/product\/59495","targetHints":{"allow":["GET"]}}],"collection":[{"href":"https:\/\/www.libraria-occitana.org\/en\/wp-json\/wp\/v2\/product"}],"about":[{"href":"https:\/\/www.libraria-occitana.org\/en\/wp-json\/wp\/v2\/types\/product"}],"wp:featuredmedia":[{"embeddable":true,"href":"https:\/\/www.libraria-occitana.org\/en\/wp-json\/wp\/v2\/media\/59498"}],"wp:attachment":[{"href":"https:\/\/www.libraria-occitana.org\/en\/wp-json\/wp\/v2\/media?parent=59495"}],"wp:term":[{"taxonomy":"product_brand","embeddable":true,"href":"https:\/\/www.libraria-occitana.org\/en\/wp-json\/wp\/v2\/product_brand?post=59495"},{"taxonomy":"product_cat","embeddable":true,"href":"https:\/\/www.libraria-occitana.org\/en\/wp-json\/wp\/v2\/product_cat?post=59495"},{"taxonomy":"product_tag","embeddable":true,"href":"https:\/\/www.libraria-occitana.org\/en\/wp-json\/wp\/v2\/product_tag?post=59495"}],"curies":[{"name":"wp","href":"https:\/\/api.w.org\/{rel}","templated":true}]}}