{"id":59510,"date":"2024-03-21T22:13:27","date_gmt":"2024-03-21T21:13:27","guid":{"rendered":"http:\/\/www.libraria-occitana.org\/?post_type=product&#038;p=59510"},"modified":"2026-04-17T20:51:17","modified_gmt":"2026-04-17T18:51:17","slug":"cultiver-dans-le-monde-de-demain-manifeste-pour-une-agriculture-de-cueillette","status":"publish","type":"product","link":"https:\/\/www.libraria-occitana.org\/en\/product\/cultiver-dans-le-monde-de-demain-manifeste-pour-une-agriculture-de-cueillette\/","title":{"rendered":"Cultiver dans le monde de demain : Manifeste pour une agriculture de cueillette"},"content":{"rendered":"<p>Sols agricoles en bout de course, hausse du co\u00fbt de l\u2019\u00e9nergie, extinction de masse des esp\u00e8ces, pollution g\u00e9n\u00e9ralis\u00e9e\u2026 Comment continuer \u00e0 <strong>se nourrir dans un monde qui change<\/strong> (et vite) ? Est-ce possible sans d\u00e9truire syst\u00e9matiquement la plan\u00e8te \u2013 peut-\u00eatre m\u00eame en la \u00ab r\u00e9parant \u00bb ? Et si les solutions se trouvaient devant nos yeux\u2026 depuis bien longtemps ?<\/p>\n<p>Mathieu Foudral remet en question les syst\u00e8mes \u00e9tablis et propose un pont entre l\u2019agriculture et la cueillette, une <strong>transition agricole<\/strong> reposant non plus sur les c\u00e9r\u00e9ales mais sur<strong> l\u2019arbre et les plantes p\u00e9rennes<\/strong>.<\/p>\n<p>S\u2019appuyant sur une exp\u00e9rience concr\u00e8te de plus de 10 ans, il nous pr\u00e9sente une <strong>nouvelle m\u00e9thode de conception d\u2019\u00e9cosyst\u00e8mes comestibles<\/strong>. Sobre et r\u00e9siliente, celle-ci r\u00e9pond \u00e0 tous nos enjeux actuels : <strong>alimentation locale et diversifi\u00e9e, adaptation au changement climatique, cr\u00e9ation de refuges pour la biodiversit\u00e9, durabilit\u00e9<\/strong> et\u2026 <strong>production<\/strong> !<\/p>\n<p>\u00c0 la crois\u00e9e entre l\u2019agroforesterie, l\u2019horticulture, la permaculture et la cueillette sauvage, ce syst\u00e8me permet de concevoir de v\u00e9ritables <strong>paysages nourriciers autonomes semi-sauvages<\/strong>, sources d\u2019abondance et de r\u00e9silience pour tous.<\/p>\n","protected":false},"excerpt":{"rendered":"<p>Sols agricoles en bout de course, hausse du co\u00fbt de l\u2019\u00e9nergie, extinction de masse des esp\u00e8ces, pollution g\u00e9n\u00e9ralis\u00e9e\u2026 Comment continuer \u00e0 se nourrir dans un monde qui change (et vite) ? Est-ce possible sans d\u00e9truire syst\u00e9matiquement la plan\u00e8te \u2013 peut-\u00eatre m\u00eame en la \u00ab r\u00e9parant \u00bb ? Et si les solutions se trouvaient devant nos [&hellip;]<\/p>\n","protected":false},"featured_media":59507,"template":"","meta":{"_acf_changed":false,"_genesis_hide_title":false,"_genesis_hide_breadcrumbs":false,"_genesis_hide_singular_image":false,"_genesis_hide_footer_widgets":false,"_genesis_custom_body_class":"","_genesis_custom_post_class":"","_genesis_layout":""},"product_brand":[],"product_cat":[7132,7200,7196,7212,7206],"product_tag":[],"class_list":{"0":"post-59510","1":"product","2":"type-product","3":"status-publish","4":"has-post-thumbnail","6":"product_cat-books","7":"product_cat-nature-gardening-en","8":"product_cat-nature-tourism-en","9":"product_cat-traditional-skills-savoirs-faire-en","10":"product_cat-traditions-heritage-en","11":"pa_auteur-foudral-mathieu-en","12":"pa_editeur-editions-de-terran-en","13":"pa_langue-francais-en","14":"entry","16":"first","17":"instock","18":"shipping-taxable","19":"purchasable","20":"product-type-simple"},"acf":[],"_links":{"self":[{"href":"https:\/\/www.libraria-occitana.org\/en\/wp-json\/wp\/v2\/product\/59510","targetHints":{"allow":["GET"]}}],"collection":[{"href":"https:\/\/www.libraria-occitana.org\/en\/wp-json\/wp\/v2\/product"}],"about":[{"href":"https:\/\/www.libraria-occitana.org\/en\/wp-json\/wp\/v2\/types\/product"}],"wp:featuredmedia":[{"embeddable":true,"href":"https:\/\/www.libraria-occitana.org\/en\/wp-json\/wp\/v2\/media\/59507"}],"wp:attachment":[{"href":"https:\/\/www.libraria-occitana.org\/en\/wp-json\/wp\/v2\/media?parent=59510"}],"wp:term":[{"taxonomy":"product_brand","embeddable":true,"href":"https:\/\/www.libraria-occitana.org\/en\/wp-json\/wp\/v2\/product_brand?post=59510"},{"taxonomy":"product_cat","embeddable":true,"href":"https:\/\/www.libraria-occitana.org\/en\/wp-json\/wp\/v2\/product_cat?post=59510"},{"taxonomy":"product_tag","embeddable":true,"href":"https:\/\/www.libraria-occitana.org\/en\/wp-json\/wp\/v2\/product_tag?post=59510"}],"curies":[{"name":"wp","href":"https:\/\/api.w.org\/{rel}","templated":true}]}}