{"id":59558,"date":"2024-04-15T15:13:23","date_gmt":"2024-04-15T13:13:23","guid":{"rendered":"http:\/\/www.libraria-occitana.org\/?post_type=product&#038;p=59558"},"modified":"2026-04-15T20:11:24","modified_gmt":"2026-04-15T18:11:24","slug":"larzac-histoire-dune-resistance-paysanne","status":"publish","type":"product","link":"https:\/\/www.libraria-occitana.org\/en\/product\/larzac-histoire-dune-resistance-paysanne\/","title":{"rendered":"Larzac : Histoire d&#8217;une r\u00e9sistance paysanne"},"content":{"rendered":"<p>Le plateau du Larzac a \u00e9t\u00e9 au c\u0153ur d&#8217;une lutte qui a mobilis\u00e9 des centaines de milliers de personnes \u00e0 partir de 1971. Tout a d\u00e9but\u00e9 lors de l&#8217;annonce de l&#8217;extension du camp militaire situ\u00e9 sur le plateau. Menac\u00e9s d&#8217;expropriation, les agriculteurs s&#8217;engag\u00e8rent dans un combat qui, durant une d\u00e9cennie, mobilisa autour d&#8217;eux un large et h\u00e9t\u00e9roclite mouvement, dynamis\u00e9 par les comit\u00e9s sur tout le territoire.<\/p>\n<p>\u00c0 travers cette lutte paysanne, le Larzac reste encore aujourd&#8217;hui un symbole de r\u00e9sistance, de mobilisation pour la d\u00e9fense de l&#8217;environnement, de l&#8217;am\u00e9nagement du territoire et tout simplement du monde rural.<\/p>\n","protected":false},"excerpt":{"rendered":"<p>Le plateau du Larzac a \u00e9t\u00e9 au c\u0153ur d&#8217;une lutte qui a mobilis\u00e9 des centaines de milliers de personnes \u00e0 partir de 1971. Tout a d\u00e9but\u00e9 lors de l&#8217;annonce de l&#8217;extension du camp militaire situ\u00e9 sur le plateau. Menac\u00e9s d&#8217;expropriation, les agriculteurs s&#8217;engag\u00e8rent dans un combat qui, durant une d\u00e9cennie, mobilisa autour d&#8217;eux un large [&hellip;]<\/p>\n","protected":false},"featured_media":59561,"template":"","meta":{"_acf_changed":false,"_genesis_hide_title":false,"_genesis_hide_breadcrumbs":false,"_genesis_hide_singular_image":false,"_genesis_hide_footer_widgets":false,"_genesis_custom_body_class":"","_genesis_custom_post_class":"","_genesis_layout":""},"product_brand":[],"product_cat":[7132,7168,7164,7202],"product_tag":[],"class_list":{"0":"post-59558","1":"product","2":"type-product","3":"status-publish","4":"has-post-thumbnail","6":"product_cat-books","7":"product_cat-comics-en","8":"product_cat-juvenile-and-teen-comics-humour-en","9":"product_cat-politics-sociology-current-affairs-en","10":"pa_auteur-terral-pierre-marie-en","11":"pa_auteur-verdier-sebastien-en","12":"pa_editeur-dargaud-en","13":"pa_langue-francais-en","14":"entry","16":"first","17":"instock","18":"shipping-taxable","19":"purchasable","20":"product-type-simple"},"acf":[],"_links":{"self":[{"href":"https:\/\/www.libraria-occitana.org\/en\/wp-json\/wp\/v2\/product\/59558","targetHints":{"allow":["GET"]}}],"collection":[{"href":"https:\/\/www.libraria-occitana.org\/en\/wp-json\/wp\/v2\/product"}],"about":[{"href":"https:\/\/www.libraria-occitana.org\/en\/wp-json\/wp\/v2\/types\/product"}],"wp:featuredmedia":[{"embeddable":true,"href":"https:\/\/www.libraria-occitana.org\/en\/wp-json\/wp\/v2\/media\/59561"}],"wp:attachment":[{"href":"https:\/\/www.libraria-occitana.org\/en\/wp-json\/wp\/v2\/media?parent=59558"}],"wp:term":[{"taxonomy":"product_brand","embeddable":true,"href":"https:\/\/www.libraria-occitana.org\/en\/wp-json\/wp\/v2\/product_brand?post=59558"},{"taxonomy":"product_cat","embeddable":true,"href":"https:\/\/www.libraria-occitana.org\/en\/wp-json\/wp\/v2\/product_cat?post=59558"},{"taxonomy":"product_tag","embeddable":true,"href":"https:\/\/www.libraria-occitana.org\/en\/wp-json\/wp\/v2\/product_tag?post=59558"}],"curies":[{"name":"wp","href":"https:\/\/api.w.org\/{rel}","templated":true}]}}