{"id":59634,"date":"2019-05-03T14:52:33","date_gmt":"2019-05-03T12:52:33","guid":{"rendered":"http:\/\/www.libraria-occitana.org\/?post_type=product&#038;p=59634"},"modified":"2026-04-19T20:06:06","modified_gmt":"2026-04-19T18:06:06","slug":"humus-machine","status":"publish","type":"product","link":"https:\/\/www.libraria-occitana.org\/en\/product\/humus-machine\/","title":{"rendered":"Humus Machine"},"content":{"rendered":"<p>Musicien et com\u00e9dien, Guilhem Surpas est co-fondateur des groupes Almacita et Mena Bruch avec lesquels il joue et chante depuis plus de 10 ans.<br \/>\nHumus machine est son premier album solo.<br \/>\nEn juin 2017, sa rencontre avec Guy Bervin, bassiste travaillant notamment avec Billy Obam ou Princess Erika, lance le d\u00e9marrage du projet.<br \/>\nIl s&#8217;entoure ensuite d&#8217;autres musiciens aux horizons tr\u00e8s diff\u00e9rents : Pascal Sauli\u00e8re \u00e0 la trompette (il collabore en live et en studio avec Stef T\u00e9j et les Eject\u00e9s), Beno\u00eet Sauli\u00e8re \u00e0 la batterie, Pierre Bellouard \u00e0 la guitare et C\u00e9cile Douchet au saxophone.<br \/>\nLes 10 titres m\u00e9langent des influences \u00e0 la fois reggae, chanson fran\u00e7aise ou rock.<br \/>\nLes textes \u00e9crits et chant\u00e9s en fran\u00e7ais et occitan, parsem\u00e9s d&#8217;anglais et d&#8217;espagnol, traitent de th\u00e8mes d&#8217;actualit\u00e9 comme les d\u00e9rives de la rentabilit\u00e9 au travail dans <em>Camina<\/em> ou l&#8217;accueil des r\u00e9fugi\u00e9s dans <em>No tenemos tiempo<\/em>. Ils racontent aussi les r\u00eaves, l&#8217;amour et la libert\u00e9.<br \/>\nLe titre <em>La vie est belle<\/em> est chant\u00e9 en duo avec Fran\u00e7oise Chapuis des Femmouzes T.<\/p>\n<p><iframe loading=\"lazy\" title=\"YouTube video player\" src=\"https:\/\/www.youtube.com\/embed\/u1JPD2k8x7Y?si=Qt2ueB-UxFGnOA20\" width=\"560\" height=\"315\" frameborder=\"0\" allowfullscreen=\"allowfullscreen\"><\/iframe><\/p>\n<p><strong>Titres :<\/strong><br \/>\n1. Los \u00f2mes 3&#8217;06<br \/>\n2. Ce feu 4&#8217;54<br \/>\n3. Luna bela 4&#8217;00<br \/>\n4. Laeti 3&#8217;25<br \/>\n5. No tenemos tiempo 3&#8217;56<br \/>\n6. Lo vargier 4&#8217;35<br \/>\n7. La vie est belle (avec Fran\u00e7oise Chapuis) 3&#8217;49<br \/>\n8. Bouge 4&#8217;27<br \/>\n9. V\u00e9nus 4&#8217;06<br \/>\n10. Camina 4&#8217;03<\/p>\n","protected":false},"excerpt":{"rendered":"<p>Musicien et com\u00e9dien, Guilhem Surpas est co-fondateur des groupes Almacita et Mena Bruch avec lesquels il joue et chante depuis plus de 10 ans. Humus machine est son premier album solo. En juin 2017, sa rencontre avec Guy Bervin, bassiste travaillant notamment avec Billy Obam ou Princess Erika, lance le d\u00e9marrage du projet. Il s&#8217;entoure [&hellip;]<\/p>\n","protected":false},"featured_media":59637,"template":"","meta":{"_acf_changed":false,"_genesis_hide_title":false,"_genesis_hide_breadcrumbs":false,"_genesis_hide_singular_image":false,"_genesis_hide_footer_widgets":false,"_genesis_custom_body_class":"","_genesis_custom_post_class":"","_genesis_layout":""},"product_brand":[],"product_cat":[7216,7234],"product_tag":[],"class_list":{"0":"post-59634","1":"product","2":"type-product","3":"status-publish","4":"has-post-thumbnail","6":"product_cat-music-en","7":"product_cat-ska-reggae-dub-en","8":"pa_auteur-surpas-guilhem-en","9":"pa_editeur-la-compagnie-du-chien-rouge-en","10":"pa_langue-francais-en","11":"pa_langue-occitan-en","12":"pa_langue-occitan-lemosin-en","13":"entry","15":"first","16":"instock","17":"shipping-taxable","18":"purchasable","19":"product-type-simple"},"acf":[],"_links":{"self":[{"href":"https:\/\/www.libraria-occitana.org\/en\/wp-json\/wp\/v2\/product\/59634","targetHints":{"allow":["GET"]}}],"collection":[{"href":"https:\/\/www.libraria-occitana.org\/en\/wp-json\/wp\/v2\/product"}],"about":[{"href":"https:\/\/www.libraria-occitana.org\/en\/wp-json\/wp\/v2\/types\/product"}],"wp:featuredmedia":[{"embeddable":true,"href":"https:\/\/www.libraria-occitana.org\/en\/wp-json\/wp\/v2\/media\/59637"}],"wp:attachment":[{"href":"https:\/\/www.libraria-occitana.org\/en\/wp-json\/wp\/v2\/media?parent=59634"}],"wp:term":[{"taxonomy":"product_brand","embeddable":true,"href":"https:\/\/www.libraria-occitana.org\/en\/wp-json\/wp\/v2\/product_brand?post=59634"},{"taxonomy":"product_cat","embeddable":true,"href":"https:\/\/www.libraria-occitana.org\/en\/wp-json\/wp\/v2\/product_cat?post=59634"},{"taxonomy":"product_tag","embeddable":true,"href":"https:\/\/www.libraria-occitana.org\/en\/wp-json\/wp\/v2\/product_tag?post=59634"}],"curies":[{"name":"wp","href":"https:\/\/api.w.org\/{rel}","templated":true}]}}