{"id":59640,"date":"2024-05-03T14:57:10","date_gmt":"2024-05-03T12:57:10","guid":{"rendered":"http:\/\/www.libraria-occitana.org\/?post_type=product&#038;p=59640"},"modified":"2026-04-24T20:16:38","modified_gmt":"2026-04-24T18:16:38","slug":"esperanca","status":"publish","type":"product","link":"https:\/\/www.libraria-occitana.org\/en\/product\/esperanca\/","title":{"rendered":"Esperan\u00e7a"},"content":{"rendered":"<p><em>Esperan\u00e7a<\/em> est le deuxi\u00e8me album du groupe Humus Machine et du chanteur Guilhem Surpas. Les textes en occitan et en fran\u00e7ais sont \u00e9pic\u00e9s d&#8217;espagnol ou d&#8217;anglais. <em>Esperan\u00e7a<\/em> est un cri, une incantation : Esp\u00e9rance je veux ta chaleur, esp\u00e9rance je veux ta chanson, esp\u00e9rance quand le monde est fou, esp\u00e9rance je veux ton amour. <em>Esperan\u00e7a<\/em>, c&#8217;est un r\u00e9pertoire de cr\u00e9ations engag\u00e9es, que le groupe distille avec une v\u00e9ritable \u00e9nergie de partage. Sur une rythmique \u00e9nergique, soutenue par une section cuivre percutante, laissez-vous emporter dans cet univers. Un seul mot d&#8217;ordre : LIBERTAT !<\/p>\n<p><iframe loading=\"lazy\" title=\"YouTube video player\" src=\"https:\/\/www.youtube.com\/embed\/WsnJmqeIp6U?si=nvd70zWdqvxOslM7\" width=\"560\" height=\"315\" frameborder=\"0\" allowfullscreen=\"allowfullscreen\"><\/iframe><\/p>\n<p><strong>Titres :<\/strong><br \/>\n1. Benleu<br \/>\n2. Mobylette<br \/>\n3. Liure<br \/>\n4. Esperan\u00e7a<br \/>\n5. Balha me<br \/>\n6. Machines<br \/>\n7. Chaba d&#8217;entrar<br \/>\n8. Pas de hasard<br \/>\n9. \u00d4 malheur des riches<br \/>\n10. Sophie dans les foins<\/p>\n","protected":false},"excerpt":{"rendered":"<p>Esperan\u00e7a est le deuxi\u00e8me album du groupe Humus Machine et du chanteur Guilhem Surpas. Les textes en occitan et en fran\u00e7ais sont \u00e9pic\u00e9s d&#8217;espagnol ou d&#8217;anglais. Esperan\u00e7a est un cri, une incantation : Esp\u00e9rance je veux ta chaleur, esp\u00e9rance je veux ta chanson, esp\u00e9rance quand le monde est fou, esp\u00e9rance je veux ton amour. Esperan\u00e7a, [&hellip;]<\/p>\n","protected":false},"featured_media":59643,"template":"","meta":{"_acf_changed":false,"_genesis_hide_title":false,"_genesis_hide_breadcrumbs":false,"_genesis_hide_singular_image":false,"_genesis_hide_footer_widgets":false,"_genesis_custom_body_class":"","_genesis_custom_post_class":"","_genesis_layout":""},"product_brand":[],"product_cat":[7216,7234],"product_tag":[],"class_list":{"0":"post-59640","1":"product","2":"type-product","3":"status-publish","4":"has-post-thumbnail","6":"product_cat-music-en","7":"product_cat-ska-reggae-dub-en","8":"pa_auteur-humus-machine-en","9":"pa_auteur-surpas-guilhem-en","10":"pa_editeur-la-compagnie-du-chien-rouge-en","11":"pa_langue-francais-en","12":"pa_langue-occitan-en","13":"pa_langue-occitan-lemosin-en","14":"entry","16":"first","17":"instock","18":"shipping-taxable","19":"purchasable","20":"product-type-simple"},"acf":[],"_links":{"self":[{"href":"https:\/\/www.libraria-occitana.org\/en\/wp-json\/wp\/v2\/product\/59640","targetHints":{"allow":["GET"]}}],"collection":[{"href":"https:\/\/www.libraria-occitana.org\/en\/wp-json\/wp\/v2\/product"}],"about":[{"href":"https:\/\/www.libraria-occitana.org\/en\/wp-json\/wp\/v2\/types\/product"}],"wp:featuredmedia":[{"embeddable":true,"href":"https:\/\/www.libraria-occitana.org\/en\/wp-json\/wp\/v2\/media\/59643"}],"wp:attachment":[{"href":"https:\/\/www.libraria-occitana.org\/en\/wp-json\/wp\/v2\/media?parent=59640"}],"wp:term":[{"taxonomy":"product_brand","embeddable":true,"href":"https:\/\/www.libraria-occitana.org\/en\/wp-json\/wp\/v2\/product_brand?post=59640"},{"taxonomy":"product_cat","embeddable":true,"href":"https:\/\/www.libraria-occitana.org\/en\/wp-json\/wp\/v2\/product_cat?post=59640"},{"taxonomy":"product_tag","embeddable":true,"href":"https:\/\/www.libraria-occitana.org\/en\/wp-json\/wp\/v2\/product_tag?post=59640"}],"curies":[{"name":"wp","href":"https:\/\/api.w.org\/{rel}","templated":true}]}}