{"id":59683,"date":"2024-05-21T20:27:21","date_gmt":"2024-05-21T18:27:21","guid":{"rendered":"http:\/\/www.libraria-occitana.org\/product\/dar\/"},"modified":"2026-04-09T02:11:09","modified_gmt":"2026-04-09T00:11:09","slug":"dar","status":"publish","type":"product","link":"https:\/\/www.libraria-occitana.org\/en\/product\/dar\/","title":{"rendered":"DAR"},"content":{"rendered":"<p><strong>Philippe Ancelin :<\/strong> Violon, violon alto<br \/>\n<strong>Nicolas Rouzier :<\/strong> Cabrettes, musette, voix<\/p>\n<p><strong>Titres :<\/strong><br \/>\n1. Marche \u00e0 la cabrette \/ Virginie \/ Amusons-nous fillettes \/ Anem s&#8217;escodre<br \/>\n2. Scottish \u00e0 Rochon \/ Scottish \u00e0 Solomagne<br \/>\n3. Lo chapel de palha \/ Los gar\u00e7ons d&#8217;a Neuviala<br \/>\n4. Valse des Cascades \/ Marche de noces de Baptiste Porte<br \/>\n5. La gel\u00e9e blanche \/ Tant pire<br \/>\n6. Valse \u00e0 Chabrier<br \/>\n7. &#8220;Le matin quand elle se l\u00e8ve&#8221;<br \/>\n8. Lo temps daus sovenirs \/ Mazurka-Valse du Pair Tiro \/ Mazurka des Grands-m\u00e8res<br \/>\n9. Lo Merle \/ Polka \u00e0 Chaput<br \/>\n10. L&#8217;\u00e2me entendit<br \/>\n11. Bourr\u00e9es \u00e0 Rigal \/ Mouret \/ Rigal<br \/>\n12. Bourr\u00e9e de l&#8217;Arabe \/ Lo cocut chanta mia (avec Bourrasque)<br \/>\n13. Oh, c&#8217;est la fille d&#8217;un boulanger \/ De bon matin ieu me leve<br \/>\n14. La tornijaira \/ Bourr\u00e9e \u00e0 p\u00e9chadre<br \/>\n15. Bourr\u00e9e de l&#8217;h\u00f4pital \/ Los cornards de Tula \/ I eron un<br \/>\n16. Bonus trash !<\/p>\n","protected":false},"excerpt":{"rendered":"<p>Philippe Ancelin : Violon, violon alto Nicolas Rouzier : Cabrettes, musette, voix Titres : 1. Marche \u00e0 la cabrette \/ Virginie \/ Amusons-nous fillettes \/ Anem s&#8217;escodre 2. Scottish \u00e0 Rochon \/ Scottish \u00e0 Solomagne 3. Lo chapel de palha \/ Los gar\u00e7ons d&#8217;a Neuviala 4. Valse des Cascades \/ Marche de noces de Baptiste [&hellip;]<\/p>\n","protected":false},"featured_media":59681,"template":"","meta":{"_acf_changed":false,"_genesis_hide_title":false,"_genesis_hide_breadcrumbs":false,"_genesis_hide_singular_image":false,"_genesis_hide_footer_widgets":false,"_genesis_custom_body_class":"","_genesis_custom_post_class":"","_genesis_layout":""},"product_brand":[],"product_cat":[7228,7216],"product_tag":[],"class_list":{"0":"post-59683","1":"product","2":"type-product","3":"status-publish","4":"has-post-thumbnail","6":"product_cat-modern-folk-en","7":"product_cat-music-en","8":"pa_auteur-duo-ancelin-rouzier-en","9":"pa_editeur-duo-ancelin-rouzier-1-en","10":"pa_langue-francais-en","11":"pa_langue-occitan-en","12":"pa_langue-occitan-lemosin-en","13":"entry","15":"first","16":"instock","17":"shipping-taxable","18":"purchasable","19":"product-type-simple"},"acf":[],"_links":{"self":[{"href":"https:\/\/www.libraria-occitana.org\/en\/wp-json\/wp\/v2\/product\/59683","targetHints":{"allow":["GET"]}}],"collection":[{"href":"https:\/\/www.libraria-occitana.org\/en\/wp-json\/wp\/v2\/product"}],"about":[{"href":"https:\/\/www.libraria-occitana.org\/en\/wp-json\/wp\/v2\/types\/product"}],"wp:featuredmedia":[{"embeddable":true,"href":"https:\/\/www.libraria-occitana.org\/en\/wp-json\/wp\/v2\/media\/59681"}],"wp:attachment":[{"href":"https:\/\/www.libraria-occitana.org\/en\/wp-json\/wp\/v2\/media?parent=59683"}],"wp:term":[{"taxonomy":"product_brand","embeddable":true,"href":"https:\/\/www.libraria-occitana.org\/en\/wp-json\/wp\/v2\/product_brand?post=59683"},{"taxonomy":"product_cat","embeddable":true,"href":"https:\/\/www.libraria-occitana.org\/en\/wp-json\/wp\/v2\/product_cat?post=59683"},{"taxonomy":"product_tag","embeddable":true,"href":"https:\/\/www.libraria-occitana.org\/en\/wp-json\/wp\/v2\/product_tag?post=59683"}],"curies":[{"name":"wp","href":"https:\/\/api.w.org\/{rel}","templated":true}]}}