{"id":59699,"date":"2024-05-28T19:59:09","date_gmt":"2024-05-28T17:59:09","guid":{"rendered":"http:\/\/www.libraria-occitana.org\/product\/du-cote-de-germont\/"},"modified":"2026-04-29T04:36:25","modified_gmt":"2026-04-29T02:36:25","slug":"du-cote-de-germont","status":"publish","type":"product","link":"https:\/\/www.libraria-occitana.org\/en\/product\/du-cote-de-germont\/","title":{"rendered":"Du c\u00f4t\u00e9 de Germont"},"content":{"rendered":"<p>Po\u00e8te et paysanne, Marcelle Delpastre a toujours v\u00e9cu \u00e0 Germont en corr\u00e8ze.<\/p>\n<p>Au moment o\u00f9 sa maison est vendue et va perdre toute trace de sa pr\u00e9sence, nous revenons <em>Du c\u00f4t\u00e9 de Germont<\/em>, lieu de m\u00e9moire et d&#8217;h\u00e9ritage de cette cr\u00e9atrice singuli\u00e8re.<\/p>\n","protected":false},"excerpt":{"rendered":"<p>Po\u00e8te et paysanne, Marcelle Delpastre a toujours v\u00e9cu \u00e0 Germont en corr\u00e8ze. Au moment o\u00f9 sa maison est vendue et va perdre toute trace de sa pr\u00e9sence, nous revenons Du c\u00f4t\u00e9 de Germont, lieu de m\u00e9moire et d&#8217;h\u00e9ritage de cette cr\u00e9atrice singuli\u00e8re.<\/p>\n","protected":false},"featured_media":59697,"template":"","meta":{"_acf_changed":false,"_genesis_hide_title":false,"_genesis_hide_breadcrumbs":false,"_genesis_hide_singular_image":false,"_genesis_hide_footer_widgets":false,"_genesis_custom_body_class":"","_genesis_custom_post_class":"","_genesis_layout":""},"product_brand":[],"product_cat":[7241,7249],"product_tag":[],"class_list":{"0":"post-59699","1":"product","2":"type-product","3":"status-publish","4":"has-post-thumbnail","6":"product_cat-documentary-en","7":"product_cat-videos-3-en","8":"pa_auteur-fely-renaud-en","9":"pa_editeur-pyramide-production-en","10":"pa_langue-francais-en","11":"pa_langue-occitan-lemosin-en","12":"pa_langue-occitan-francais-en","13":"entry","15":"first","16":"instock","17":"shipping-taxable","18":"purchasable","19":"product-type-simple"},"acf":[],"_links":{"self":[{"href":"https:\/\/www.libraria-occitana.org\/en\/wp-json\/wp\/v2\/product\/59699","targetHints":{"allow":["GET"]}}],"collection":[{"href":"https:\/\/www.libraria-occitana.org\/en\/wp-json\/wp\/v2\/product"}],"about":[{"href":"https:\/\/www.libraria-occitana.org\/en\/wp-json\/wp\/v2\/types\/product"}],"wp:featuredmedia":[{"embeddable":true,"href":"https:\/\/www.libraria-occitana.org\/en\/wp-json\/wp\/v2\/media\/59697"}],"wp:attachment":[{"href":"https:\/\/www.libraria-occitana.org\/en\/wp-json\/wp\/v2\/media?parent=59699"}],"wp:term":[{"taxonomy":"product_brand","embeddable":true,"href":"https:\/\/www.libraria-occitana.org\/en\/wp-json\/wp\/v2\/product_brand?post=59699"},{"taxonomy":"product_cat","embeddable":true,"href":"https:\/\/www.libraria-occitana.org\/en\/wp-json\/wp\/v2\/product_cat?post=59699"},{"taxonomy":"product_tag","embeddable":true,"href":"https:\/\/www.libraria-occitana.org\/en\/wp-json\/wp\/v2\/product_tag?post=59699"}],"curies":[{"name":"wp","href":"https:\/\/api.w.org\/{rel}","templated":true}]}}