{"id":59721,"date":"2024-06-04T20:44:42","date_gmt":"2024-06-04T18:44:42","guid":{"rendered":"http:\/\/www.libraria-occitana.org\/?post_type=product&#038;p=59721"},"modified":"2026-04-17T04:11:26","modified_gmt":"2026-04-17T02:11:26","slug":"la-griva-pertot","status":"publish","type":"product","link":"https:\/\/www.libraria-occitana.org\/en\/product\/la-griva-pertot\/","title":{"rendered":"La griva pertot"},"content":{"rendered":"<p><strong>Cl\u00e9mence Cognet :<\/strong> Violon, chant, pieds<br \/>\n<strong>Lucie Dessiaumes :<\/strong> Chant<br \/>\n<strong>Lo\u00efc Etienne :<\/strong> Accord\u00e9ons diatoniques, pieds<\/p>\n<p>\u201cLa Vielha\u201d chante des histoires venues d&#8217;hier qui parlent aux oreilles d&#8217;aujourd&#8217;hui. Ce groupe est issu de l&#8217;association Les Brayauds (CdMDT 63) et du Collectif Les \u00c9bruiteurs.<\/p>\n<p>Ils sont quatre : trois musiciens pour interpr\u00e9ter les m\u00e9lodies et les mots sensibles d&#8217;une po\u00e9sie populaire du Massif Central et d&#8217;ailleurs, une marionnette brodeuse de menteries pour animer le bal. Une musique \u00e0 danser men\u00e9e \u00e0 la voix, cadenc\u00e9e et chaleureuse, nourrie \u00e0 la marmite brayaude.<\/p>\n<p><strong>Titres :<\/strong><br \/>\n1. La fille d\u2019un boulanger \u2013 Scottish (trad)<br \/>\n2. N&#8217;i a mas los \u00f2mes \u2013 Bourr\u00e9e \u00e0 trois temps (trad \/ La Vielha)<br \/>\n3. Qu&#8217;as-tu moine ? \u2013 Polka (trad)<br \/>\n4. Je me suis en all\u00e9e \u2013 Rond d&#8217;Argenton (trad)<br \/>\n5. Ricoucou \u2013 Scottish (trad \/ Cl\u00e9mence Cognet)<br \/>\n6. L&#8217;eau et le vin \u2013 Bourr\u00e9e \u00e0 deux temps (trad)<br \/>\n7. Ap\u00f2rtatz pinta dama \/ Giatte d&#8217;apr\u00e8s Albert Martin \/ Sus le pont de Manzat \u2013 Bourr\u00e9e \u00e0 trois temps (trad \/ La Vielha)<br \/>\n8. L\u00e0-haut sur la montagne \u2013 Valse (trad)<br \/>\n9. Las gents de la montanha \/ Ente eratz-vos \u2013 Bourr\u00e9e \u00e0 trois temps (trad)<br \/>\n10. En tornant de velhar \u2013 Cercle circassien (trad)<br \/>\n11. La serpente verte \u2013 Mazurka (trad)<br \/>\n12. Tirouli d&#8217;apr\u00e8s Alfred Mouret \u2013 Bourr\u00e9e \u00e0 trois temps (trad \/ La Vielha)<\/p>\n","protected":false},"excerpt":{"rendered":"<p>Cl\u00e9mence Cognet : Violon, chant, pieds Lucie Dessiaumes : Chant Lo\u00efc Etienne : Accord\u00e9ons diatoniques, pieds \u201cLa Vielha\u201d chante des histoires venues d&#8217;hier qui parlent aux oreilles d&#8217;aujourd&#8217;hui. Ce groupe est issu de l&#8217;association Les Brayauds (CdMDT 63) et du Collectif Les \u00c9bruiteurs. Ils sont quatre : trois musiciens pour interpr\u00e9ter les m\u00e9lodies et les [&hellip;]<\/p>\n","protected":false},"featured_media":59724,"template":"","meta":{"_acf_changed":false,"_genesis_hide_title":false,"_genesis_hide_breadcrumbs":false,"_genesis_hide_singular_image":false,"_genesis_hide_footer_widgets":false,"_genesis_custom_body_class":"","_genesis_custom_post_class":"","_genesis_layout":""},"product_brand":[],"product_cat":[7228,7216],"product_tag":[],"class_list":{"0":"post-59721","1":"product","2":"type-product","3":"status-publish","4":"has-post-thumbnail","6":"product_cat-modern-folk-en","7":"product_cat-music-en","8":"pa_auteur-la-vielha-en","9":"pa_editeur-cdmdt-63-fr-en","10":"pa_langue-francais-en","11":"pa_langue-occitan-en","12":"pa_langue-occitan-lemosin-en","13":"entry","15":"first","16":"instock","17":"shipping-taxable","18":"purchasable","19":"product-type-simple"},"acf":[],"_links":{"self":[{"href":"https:\/\/www.libraria-occitana.org\/en\/wp-json\/wp\/v2\/product\/59721","targetHints":{"allow":["GET"]}}],"collection":[{"href":"https:\/\/www.libraria-occitana.org\/en\/wp-json\/wp\/v2\/product"}],"about":[{"href":"https:\/\/www.libraria-occitana.org\/en\/wp-json\/wp\/v2\/types\/product"}],"wp:featuredmedia":[{"embeddable":true,"href":"https:\/\/www.libraria-occitana.org\/en\/wp-json\/wp\/v2\/media\/59724"}],"wp:attachment":[{"href":"https:\/\/www.libraria-occitana.org\/en\/wp-json\/wp\/v2\/media?parent=59721"}],"wp:term":[{"taxonomy":"product_brand","embeddable":true,"href":"https:\/\/www.libraria-occitana.org\/en\/wp-json\/wp\/v2\/product_brand?post=59721"},{"taxonomy":"product_cat","embeddable":true,"href":"https:\/\/www.libraria-occitana.org\/en\/wp-json\/wp\/v2\/product_cat?post=59721"},{"taxonomy":"product_tag","embeddable":true,"href":"https:\/\/www.libraria-occitana.org\/en\/wp-json\/wp\/v2\/product_tag?post=59721"}],"curies":[{"name":"wp","href":"https:\/\/api.w.org\/{rel}","templated":true}]}}