{"id":59730,"date":"2024-06-04T21:05:46","date_gmt":"2024-06-04T19:05:46","guid":{"rendered":"http:\/\/www.libraria-occitana.org\/product\/je-netais-pas-a-lecole-ce-jour-la-oradour-sur-glane-10-juin-1944\/"},"modified":"2026-04-09T21:16:57","modified_gmt":"2026-04-09T19:16:57","slug":"je-netais-pas-a-lecole-ce-jour-la-oradour-sur-glane-10-juin-1944","status":"publish","type":"product","link":"https:\/\/www.libraria-occitana.org\/en\/product\/je-netais-pas-a-lecole-ce-jour-la-oradour-sur-glane-10-juin-1944\/","title":{"rendered":"Je n&#8217;\u00e9tais pas \u00e0 l&#8217;\u00e9cole ce jour-l\u00e0 : Oradour-sur-Glane 10 juin 1944"},"content":{"rendered":"<p>Le 10 juin 1944, le village d\u2019Oradour-sur-Glane, localit\u00e9 de Haute-Vienne situ\u00e9e \u00e0 une vingtaine de kilom\u00e8tres de Limoges, devint tristement connu du monde entier pour porter les traces du massacre de sa population par une unit\u00e9 de la Waffen-SS.<br \/>\nQuelques enfants qui, pour une raison ou une autre, n\u2019avaient pas pu se rendre \u00e0 l\u2019\u00e9cole ce jour-l\u00e0 \u00e9chappent \u00e0 la tuerie. Jusqu\u2019\u00e0 pr\u00e9sent, personne ne s\u2019\u00e9tait inqui\u00e9t\u00e9 du ressenti et des traumatismes de ces enfants qui n\u2019ont pu revoir sur les bancs de leur nouvelle \u00e9cole leurs camarades assassin\u00e9s.<br \/>\nPersonne n\u2019avait mesur\u00e9 que leurs vies en seraient profond\u00e9ment boulevers\u00e9es.<\/p>\n<p>Depuis 2016, Franck Hyvernaud, un descendant des familles endeuill\u00e9es, a men\u00e9 une enqu\u00eate minutieuse pour retrouver tous ces enfants, devenus adultes. Il a d\u00e8s lors entrepris une s\u00e9rie d\u2019entretiens avec ces anciens \u00e9coliers et \u00e9coli\u00e8res d\u2019Oradour dont le destin a bascul\u00e9 le 10 juin 1944 contribuant \u00e0 mettre des mots sur des images terribles, sur des souvenirs enfouis qui, souvent, ont \u00e9t\u00e9 tus pendant des d\u00e9cennies par ces t\u00e9moins du drame.<\/p>\n<p>Ce travail de collecte des m\u00e9moires \u00e9tait n\u00e9cessaire.<br \/>\n80 ans apr\u00e8s le massacre d\u2019Oradour, la publication de ces r\u00e9cits de vie souhaite contribuer \u00e0 l\u2019\u00e9dification de la m\u00e9moire collective.<\/p>\n","protected":false},"excerpt":{"rendered":"<p>Le 10 juin 1944, le village d\u2019Oradour-sur-Glane, localit\u00e9 de Haute-Vienne situ\u00e9e \u00e0 une vingtaine de kilom\u00e8tres de Limoges, devint tristement connu du monde entier pour porter les traces du massacre de sa population par une unit\u00e9 de la Waffen-SS. Quelques enfants qui, pour une raison ou une autre, n\u2019avaient pas pu se rendre \u00e0 l\u2019\u00e9cole [&hellip;]<\/p>\n","protected":false},"featured_media":59728,"template":"","meta":{"_acf_changed":false,"_genesis_hide_title":false,"_genesis_hide_breadcrumbs":false,"_genesis_hide_singular_image":false,"_genesis_hide_footer_widgets":false,"_genesis_custom_body_class":"","_genesis_custom_post_class":"","_genesis_layout":""},"product_brand":[],"product_cat":[7132,7148,7158],"product_tag":[],"class_list":{"0":"post-59730","1":"product","2":"type-product","3":"status-publish","4":"has-post-thumbnail","6":"product_cat-books","7":"product_cat-history-geography-en","8":"product_cat-modern-and-contemporary-history-en","9":"pa_auteur-collectiu-en-2","10":"pa_auteur-hyvernaud-franck-en","11":"pa_editeur-les-ardents-editeurs-en","12":"pa_langue-francais-en","13":"entry","15":"first","16":"instock","17":"shipping-taxable","18":"purchasable","19":"product-type-simple"},"acf":[],"_links":{"self":[{"href":"https:\/\/www.libraria-occitana.org\/en\/wp-json\/wp\/v2\/product\/59730","targetHints":{"allow":["GET"]}}],"collection":[{"href":"https:\/\/www.libraria-occitana.org\/en\/wp-json\/wp\/v2\/product"}],"about":[{"href":"https:\/\/www.libraria-occitana.org\/en\/wp-json\/wp\/v2\/types\/product"}],"wp:featuredmedia":[{"embeddable":true,"href":"https:\/\/www.libraria-occitana.org\/en\/wp-json\/wp\/v2\/media\/59728"}],"wp:attachment":[{"href":"https:\/\/www.libraria-occitana.org\/en\/wp-json\/wp\/v2\/media?parent=59730"}],"wp:term":[{"taxonomy":"product_brand","embeddable":true,"href":"https:\/\/www.libraria-occitana.org\/en\/wp-json\/wp\/v2\/product_brand?post=59730"},{"taxonomy":"product_cat","embeddable":true,"href":"https:\/\/www.libraria-occitana.org\/en\/wp-json\/wp\/v2\/product_cat?post=59730"},{"taxonomy":"product_tag","embeddable":true,"href":"https:\/\/www.libraria-occitana.org\/en\/wp-json\/wp\/v2\/product_tag?post=59730"}],"curies":[{"name":"wp","href":"https:\/\/api.w.org\/{rel}","templated":true}]}}