{"id":59736,"date":"2024-06-05T11:26:22","date_gmt":"2024-06-05T09:26:22","guid":{"rendered":"http:\/\/www.libraria-occitana.org\/product\/oradour-sur-glane-10-juin-1944\/"},"modified":"2025-03-12T11:24:16","modified_gmt":"2025-03-12T10:24:16","slug":"oradour-sur-glane-10-juin-1944","status":"publish","type":"product","link":"https:\/\/www.libraria-occitana.org\/en\/product\/oradour-sur-glane-10-juin-1944\/","title":{"rendered":"Oradour-sur-Glane : 10 juin 1944"},"content":{"rendered":"<p>Oradour-sur-Glane, 10 juin 1944. Ce petit village de la Haute-Vienne, situ\u00e9 \u00e0 20 kilom\u00e8tres de Limoges, a connu l\u2019une des journ\u00e9es les plus noires de l\u2019Histoire de la Seconde Guerre Mondiale lorsqu\u2019elle a vu arriver les blind\u00e9s de la Division Das Reich. Les nazis sont entr\u00e9s dans le village et ont ex\u00e9cut\u00e9 sans distinction toutes les personnes qu\u2019ils y ont trouv\u00e9es.<\/p>\n<p>Retrouvez dans ce docu-BD le r\u00e9cit en BD de l\u2019un de plus embl\u00e9matiques crimes de guerre du 20e si\u00e8cle, \u00e0 travers ses diff\u00e9rents protagonistes, enrichi de passionnantes pages documentaires qui vous permettront d\u2019en apprendre plus sur cet \u00e9v\u00e9nement dont la m\u00e9moire se doit d\u2019\u00eatre entretenue.<\/p>\n","protected":false},"excerpt":{"rendered":"<p>Oradour-sur-Glane, 10 juin 1944. Ce petit village de la Haute-Vienne, situ\u00e9 \u00e0 20 kilom\u00e8tres de Limoges, a connu l\u2019une des journ\u00e9es les plus noires de l\u2019Histoire de la Seconde Guerre Mondiale lorsqu\u2019elle a vu arriver les blind\u00e9s de la Division Das Reich. Les nazis sont entr\u00e9s dans le village et ont ex\u00e9cut\u00e9 sans distinction toutes [&hellip;]<\/p>\n","protected":false},"featured_media":59734,"template":"","meta":{"_acf_changed":false,"_genesis_hide_title":false,"_genesis_hide_breadcrumbs":false,"_genesis_hide_singular_image":false,"_genesis_hide_footer_widgets":false,"_genesis_custom_body_class":"","_genesis_custom_post_class":"","_genesis_layout":""},"product_brand":[],"product_cat":[7132,7168,7148,7164,7158],"product_tag":[],"class_list":{"0":"post-59736","1":"product","2":"type-product","3":"status-publish","4":"has-post-thumbnail","6":"product_cat-books","7":"product_cat-comics-en","8":"product_cat-history-geography-en","9":"product_cat-juvenile-and-teen-comics-humour-en","10":"product_cat-modern-and-contemporary-history-en","11":"pa_auteur-collectiu-en-2","12":"pa_auteur-tomblaine-philippe-en","13":"pa_editeur-petit-a-petit-en","14":"pa_langue-francais-en","15":"entry","17":"first","18":"outofstock","19":"shipping-taxable","20":"purchasable","21":"product-type-simple"},"acf":[],"_links":{"self":[{"href":"https:\/\/www.libraria-occitana.org\/en\/wp-json\/wp\/v2\/product\/59736","targetHints":{"allow":["GET"]}}],"collection":[{"href":"https:\/\/www.libraria-occitana.org\/en\/wp-json\/wp\/v2\/product"}],"about":[{"href":"https:\/\/www.libraria-occitana.org\/en\/wp-json\/wp\/v2\/types\/product"}],"wp:featuredmedia":[{"embeddable":true,"href":"https:\/\/www.libraria-occitana.org\/en\/wp-json\/wp\/v2\/media\/59734"}],"wp:attachment":[{"href":"https:\/\/www.libraria-occitana.org\/en\/wp-json\/wp\/v2\/media?parent=59736"}],"wp:term":[{"taxonomy":"product_brand","embeddable":true,"href":"https:\/\/www.libraria-occitana.org\/en\/wp-json\/wp\/v2\/product_brand?post=59736"},{"taxonomy":"product_cat","embeddable":true,"href":"https:\/\/www.libraria-occitana.org\/en\/wp-json\/wp\/v2\/product_cat?post=59736"},{"taxonomy":"product_tag","embeddable":true,"href":"https:\/\/www.libraria-occitana.org\/en\/wp-json\/wp\/v2\/product_tag?post=59736"}],"curies":[{"name":"wp","href":"https:\/\/api.w.org\/{rel}","templated":true}]}}