{"id":59751,"date":"2024-06-05T12:38:31","date_gmt":"2024-06-05T10:38:31","guid":{"rendered":"http:\/\/www.libraria-occitana.org\/product\/la-vesina-musique-traditionnelle-gascogne-quercy-ariege\/"},"modified":"2026-04-16T01:36:32","modified_gmt":"2026-04-15T23:36:32","slug":"la-vesina-musique-traditionnelle-gascogne-quercy-ariege","status":"publish","type":"product","link":"https:\/\/www.libraria-occitana.org\/en\/product\/la-vesina-musique-traditionnelle-gascogne-quercy-ariege\/","title":{"rendered":"La Vesina : Musique traditionnelle Gascogne &#8211; Quercy &#8211; Ari\u00e8ge"},"content":{"rendered":"<p><strong>M\u00e9lanie Brelaud :<\/strong> Violon, chant<br \/>\n<strong>Cl\u00e9ment Rousse :<\/strong> Accord\u00e9on diatonique, boha, violon, pieds<br \/>\n<strong>Adrien Villeneuve :<\/strong> Boha, abo\u00e8s (hautbois du Couseran), tambourin \u00e0 cordes, flabuta, chant<\/p>\n<p><iframe loading=\"lazy\" title=\"YouTube video player\" src=\"https:\/\/www.youtube.com\/embed\/HcW4n15Pu04?si=GTWpgZ07BKJjLq3f\" width=\"560\" height=\"315\" frameborder=\"0\" allowfullscreen=\"allowfullscreen\"><\/iframe><\/p>\n<p><strong>Titres :<\/strong><br \/>\n1. Rondeaux du Sav\u00e8s<br \/>\n2. Scottish &#8220;Lo Rambalh&#8221;<br \/>\n3. Polka du Clitcho<br \/>\n4. Valse &#8220;La berg\u00e8re seulette&#8221;<br \/>\n5. Traversada castilhonesa<br \/>\n6. Congo &#8220;Nuit de Boha&#8221;<br \/>\n7. Rondeaux en cha\u00eene<br \/>\n8. Mazurka &#8220;N&#8217;ai Mas Amors&#8221;<br \/>\n9. Rondes du Quercy<br \/>\n10. Bourr\u00e9es \u00e0 trois temps<br \/>\n11. Scottish Du Leziou<br \/>\n12. Branle d&#8217;Ossau &#8220;B\u00e8ra Vinagr\u00e8ra&#8221;<br \/>\n13. Les Abricots<br \/>\n14. Rondeaux en cha\u00eene<\/p>\n","protected":false},"excerpt":{"rendered":"<p>M\u00e9lanie Brelaud : Violon, chant Cl\u00e9ment Rousse : Accord\u00e9on diatonique, boha, violon, pieds Adrien Villeneuve : Boha, abo\u00e8s (hautbois du Couseran), tambourin \u00e0 cordes, flabuta, chant Titres : 1. Rondeaux du Sav\u00e8s 2. Scottish &#8220;Lo Rambalh&#8221; 3. Polka du Clitcho 4. Valse &#8220;La berg\u00e8re seulette&#8221; 5. Traversada castilhonesa 6. Congo &#8220;Nuit de Boha&#8221; 7. Rondeaux [&hellip;]<\/p>\n","protected":false},"featured_media":59749,"template":"","meta":{"_acf_changed":false,"_genesis_hide_title":false,"_genesis_hide_breadcrumbs":false,"_genesis_hide_singular_image":false,"_genesis_hide_footer_widgets":false,"_genesis_custom_body_class":"","_genesis_custom_post_class":"","_genesis_layout":""},"product_brand":[],"product_cat":[7228,7216],"product_tag":[],"class_list":{"0":"post-59751","1":"product","2":"type-product","3":"status-publish","4":"has-post-thumbnail","6":"product_cat-modern-folk-en","7":"product_cat-music-en","8":"pa_auteur-la-vesina-en","9":"pa_editeur-la-vesina-1-en","10":"pa_langue-occitan-en","11":"pa_langue-occitan-gascon-en","12":"entry","14":"first","15":"outofstock","16":"shipping-taxable","17":"purchasable","18":"product-type-simple"},"acf":[],"_links":{"self":[{"href":"https:\/\/www.libraria-occitana.org\/en\/wp-json\/wp\/v2\/product\/59751","targetHints":{"allow":["GET"]}}],"collection":[{"href":"https:\/\/www.libraria-occitana.org\/en\/wp-json\/wp\/v2\/product"}],"about":[{"href":"https:\/\/www.libraria-occitana.org\/en\/wp-json\/wp\/v2\/types\/product"}],"wp:featuredmedia":[{"embeddable":true,"href":"https:\/\/www.libraria-occitana.org\/en\/wp-json\/wp\/v2\/media\/59749"}],"wp:attachment":[{"href":"https:\/\/www.libraria-occitana.org\/en\/wp-json\/wp\/v2\/media?parent=59751"}],"wp:term":[{"taxonomy":"product_brand","embeddable":true,"href":"https:\/\/www.libraria-occitana.org\/en\/wp-json\/wp\/v2\/product_brand?post=59751"},{"taxonomy":"product_cat","embeddable":true,"href":"https:\/\/www.libraria-occitana.org\/en\/wp-json\/wp\/v2\/product_cat?post=59751"},{"taxonomy":"product_tag","embeddable":true,"href":"https:\/\/www.libraria-occitana.org\/en\/wp-json\/wp\/v2\/product_tag?post=59751"}],"curies":[{"name":"wp","href":"https:\/\/api.w.org\/{rel}","templated":true}]}}