{"id":59758,"date":"2023-07-05T13:20:50","date_gmt":"2023-07-05T11:20:50","guid":{"rendered":"http:\/\/www.libraria-occitana.org\/product\/memoires-sonores-dauvergne-2-cd\/"},"modified":"2026-04-18T05:06:14","modified_gmt":"2026-04-18T03:06:14","slug":"memoires-sonores-dauvergne-2-cd","status":"publish","type":"product","link":"https:\/\/www.libraria-occitana.org\/en\/product\/memoires-sonores-dauvergne-2-cd\/","title":{"rendered":"M\u00e9moires sonores d&#8217;Auvergne (2 CD)"},"content":{"rendered":"<p>Des titres merveilleux qui nous emm\u00e8nent au c\u0153ur de l&#8217;Auvergne d&#8217;antan !<br \/>\nAvec Bouscatel, Cayla, Momboisse, P\u00e9guri, Teissi\u00e9, Sudre, Bonal, Halet, Bras, Pradal, Roux, Th\u00e9rizol&#8230;<\/p>\n<p><strong>Titres :<\/strong><br \/>\n<strong>CD1 :<\/strong><br \/>\n1. Lo tricoutad (bourr\u00e9e), La tricotada<br \/>\n2. Tchoul pont de Mirabel (m\u00e9lodie), Jol pont da Mirab\u00e8l<br \/>\n3. Pas du loup (scottish)<br \/>\n4. Tete raitte (bourr\u00e9e), Te te rette<br \/>\n5. Bourr\u00e9e Panach\u00e9e<br \/>\n6. Tyrolienno (valse)<br \/>\n7. L&#8217;omour olo bicetto (polka)<br \/>\n8. Chante coucou (bourr\u00e9e)<br \/>\n9. Lou bouaissou fai flouquetto (bourr\u00e9e), Lo boisson fa floqueta<br \/>\n10. Lo polka piqu\u00e9e<br \/>\n11. Valse auvergnate<br \/>\n12. Le regret de Lisou (m\u00e9lodie)<br \/>\n13. Les Saltimbanques (Louis Ganne), valse<br \/>\n14. Trotteuse<br \/>\n15. Sportive marche (Henri Momboisse)<br \/>\n16. De dobal lou ribotel (bourr\u00e9e), De delai lo rivat\u00e8l<br \/>\n17. A Costerost\u00e9 (bourr\u00e9e)<br \/>\n18. Le turlututu des pastr\u00e9 (valse), Lo turlutut\u00f9 del pastre<br \/>\n19. La bourr\u00e9e des familles<br \/>\n20. De lai lou bouscatel yo lo lebre (bourr\u00e9e), Delai lo boscatel i a la lebre<br \/>\n21. Belle rose (m\u00e9lodie)<br \/>\n22. La Caille (bourr\u00e9e)<br \/>\n23. Lo Mourolliado (bourr\u00e9e), La moralhada<br \/>\n24. Sur le bord de la rivi\u00e8re (valse)<br \/>\n25. Polka des Coustoubys, La polka des costovins<br \/>\n26. Si vous saviez jeune fille (bourr\u00e9e)<br \/>\n27. Lo ropido (bourr\u00e9e), La rapida<br \/>\n28. La Cadenc\u00e9e<\/p>\n<p><strong>CD2 :<\/strong><br \/>\n1. Quand lou bouy\u00e9 (m\u00e9lodie), Quand lo boi\u00e8r<br \/>\n2. Je veux Marianne (bourr\u00e9e)<br \/>\n3. Lo bouele lo Marianno (bourr\u00e9e), La volia la Mariana<br \/>\n4. Del pet d&#8217;ondel (mazurka), Del p\u00e8 d&#8217;and\u00e8l<br \/>\n5. La caillo bello caillo (bourr\u00e9e)<br \/>\n6. Bourr\u00e9e d&#8217;Auvergne<br \/>\n7. Lou Plourigiaro (polka), La plorejaira<br \/>\n8. Portez chopine (bourr\u00e9e)<br \/>\n9. Jioneta Loula, Joaneta lon la<br \/>\n10. Les B\u0153ufs (P. Dupont)<br \/>\n11. L&#8217;Eau de Rose (scottish)<br \/>\n12. La Veuve Joyeuse (Franz Lehar)<br \/>\n13. Le Biniou (\u00c9mile Durand)<br \/>\n14. Ma berg\u00e8re (Victor Nivelet)<br \/>\n15. Dans le foin<br \/>\n16. Ho ty me carr\u00e9 (polka), Ati me care<br \/>\n17. Lo Louiso (bourr\u00e9e), La Lois\u00e0<br \/>\n18. Bourr\u00e9e<br \/>\n19. La Pastro (valse), Lo Pastre<br \/>\n20. Sur los cans d&#8217;en douno (bourr\u00e9e), Sus cam d&#8217;en dona<br \/>\n21. Lo Marionetto (bourr\u00e9e), La Marioneta<br \/>\n22. Valso aubergnatto (valse), Valsa auvernhata<br \/>\n23. Lo Bourrieo, La Borr\u00e9ia<br \/>\n24. Oparo ol loup que te denpuorto lou moutou (bourr\u00e9e), Apara al lop que t&#8217;emp\u00f2rta lo moton<br \/>\n25. Lo Koticho (valse)<br \/>\n26. Lo Porisienno, La Parisi\u00e8na<br \/>\n27. Los tr\u00e8s Anglonos, Las tres auglanas<br \/>\n28. Dans le verger<\/p>\n","protected":false},"excerpt":{"rendered":"<p>Des titres merveilleux qui nous emm\u00e8nent au c\u0153ur de l&#8217;Auvergne d&#8217;antan ! Avec Bouscatel, Cayla, Momboisse, P\u00e9guri, Teissi\u00e9, Sudre, Bonal, Halet, Bras, Pradal, Roux, Th\u00e9rizol&#8230; Titres : CD1 : 1. Lo tricoutad (bourr\u00e9e), La tricotada 2. Tchoul pont de Mirabel (m\u00e9lodie), Jol pont da Mirab\u00e8l 3. Pas du loup (scottish) 4. Tete raitte (bourr\u00e9e), Te [&hellip;]<\/p>\n","protected":false},"featured_media":59756,"template":"","meta":{"_acf_changed":false,"_genesis_hide_title":false,"_genesis_hide_breadcrumbs":false,"_genesis_hide_singular_image":false,"_genesis_hide_footer_widgets":false,"_genesis_custom_body_class":"","_genesis_custom_post_class":"","_genesis_layout":""},"product_brand":[],"product_cat":[7236,7216],"product_tag":[],"class_list":{"0":"post-59758","1":"product","2":"type-product","3":"status-publish","4":"has-post-thumbnail","6":"product_cat-folk-en","7":"product_cat-music-en","8":"pa_auteur-collectiu-en-2","9":"pa_editeur-marianne-melodie-en","10":"entry","12":"first","13":"outofstock","14":"shipping-taxable","15":"purchasable","16":"product-type-simple"},"acf":[],"_links":{"self":[{"href":"https:\/\/www.libraria-occitana.org\/en\/wp-json\/wp\/v2\/product\/59758","targetHints":{"allow":["GET"]}}],"collection":[{"href":"https:\/\/www.libraria-occitana.org\/en\/wp-json\/wp\/v2\/product"}],"about":[{"href":"https:\/\/www.libraria-occitana.org\/en\/wp-json\/wp\/v2\/types\/product"}],"wp:featuredmedia":[{"embeddable":true,"href":"https:\/\/www.libraria-occitana.org\/en\/wp-json\/wp\/v2\/media\/59756"}],"wp:attachment":[{"href":"https:\/\/www.libraria-occitana.org\/en\/wp-json\/wp\/v2\/media?parent=59758"}],"wp:term":[{"taxonomy":"product_brand","embeddable":true,"href":"https:\/\/www.libraria-occitana.org\/en\/wp-json\/wp\/v2\/product_brand?post=59758"},{"taxonomy":"product_cat","embeddable":true,"href":"https:\/\/www.libraria-occitana.org\/en\/wp-json\/wp\/v2\/product_cat?post=59758"},{"taxonomy":"product_tag","embeddable":true,"href":"https:\/\/www.libraria-occitana.org\/en\/wp-json\/wp\/v2\/product_tag?post=59758"}],"curies":[{"name":"wp","href":"https:\/\/api.w.org\/{rel}","templated":true}]}}