{"id":59772,"date":"2024-06-05T18:31:29","date_gmt":"2024-06-05T16:31:29","guid":{"rendered":"http:\/\/www.libraria-occitana.org\/?post_type=product&#038;p=59772"},"modified":"2026-04-03T00:42:02","modified_gmt":"2026-04-02T22:42:02","slug":"dolmens-et-menhirs-de-la-correze-legendes-et-promenades","status":"publish","type":"product","link":"https:\/\/www.libraria-occitana.org\/en\/product\/dolmens-et-menhirs-de-la-correze-legendes-et-promenades\/","title":{"rendered":"Dolmens et menhirs de la Corr\u00e8ze : L\u00e9gendes et promenades"},"content":{"rendered":"<p>Le livre de Josette Marteau-Ch\u00e2teau et de Beno\u00eet Ch\u00e2teau propose de d\u00e9couvrir le patrimoine corr\u00e9zien des dolmens et menhirs. L\u2019occupation des vall\u00e9es corr\u00e9ziennes par les hommes du Pal\u00e9olithique est bien connue, les monuments \u00e9difi\u00e9s par les hommes du N\u00e9olithique le sont moins. Pour autant et bien que beaucoup aient \u00e9t\u00e9 d\u00e9truits au fil du temps, ceux qui demeurent m\u00e9ritent d\u2019\u00eatre visit\u00e9s dans leur environnement enchanteur. Ce livre \u00e9tablit un inventaire des dolmens et menhirs existants et ayant exist\u00e9 dans le d\u00e9partement.<\/p>\n<p>Les auteurs souhaitent partager leurs \u00e9motions, tout en invitant \u00e0 d\u00e9couvrir les paysages secrets du d\u00e9partement de la Corr\u00e8ze. Ce livre est \u00e0 la fois une d\u00e9couverte de la vari\u00e9t\u00e9, des qualit\u00e9s esth\u00e9tiques des dolmens et menhirs gr\u00e2ce aux nombreuses photographies des monuments ; une sensibilisation \u00e0 la p\u00e9riode du n\u00e9olithique, celle des premiers agriculteurs-\u00e9leveurs ; et un guide : des pr\u00e9cisions sur la localisation et l&#8217;acc\u00e8s sont donn\u00e9es pour visiter chaque monument.<\/p>\n<p>Apr\u00e8s deux consacr\u00e9s <a href=\"http:\/\/www.libraria-occitana.org\/produit\/dolmens-et-menhirs-de-la-haute-vienne-legendes-et-promenades\/\">\u00e0 la Haute-Vienne<\/a> en 2022 et <a href=\"http:\/\/www.libraria-occitana.org\/produit\/dolmens-et-menhirs-de-la-creuse-legendes-et-promenades\/\">\u00e0 la Creuse<\/a> en 2023, il compl\u00e8tera la s\u00e9rie consacr\u00e9e aux monuments n\u00e9olithiques du Limousin.<\/p>\n","protected":false},"excerpt":{"rendered":"<p>Le livre de Josette Marteau-Ch\u00e2teau et de Beno\u00eet Ch\u00e2teau propose de d\u00e9couvrir le patrimoine corr\u00e9zien des dolmens et menhirs. L\u2019occupation des vall\u00e9es corr\u00e9ziennes par les hommes du Pal\u00e9olithique est bien connue, les monuments \u00e9difi\u00e9s par les hommes du N\u00e9olithique le sont moins. Pour autant et bien que beaucoup aient \u00e9t\u00e9 d\u00e9truits au fil du temps, [&hellip;]<\/p>\n","protected":false},"featured_media":59775,"template":"","meta":{"_acf_changed":false,"_genesis_hide_title":false,"_genesis_hide_breadcrumbs":false,"_genesis_hide_singular_image":false,"_genesis_hide_footer_widgets":false,"_genesis_custom_body_class":"","_genesis_custom_post_class":"","_genesis_layout":""},"product_brand":[],"product_cat":[7132,7214,7198,7196,7206],"product_tag":[],"class_list":{"0":"post-59772","1":"product","2":"type-product","3":"status-publish","4":"has-post-thumbnail","6":"product_cat-books","7":"product_cat-built-heritage-en","8":"product_cat-guides-tourism-en","9":"product_cat-nature-tourism-en","10":"product_cat-traditions-heritage-en","11":"pa_auteur-chateau-benoit-en","12":"pa_auteur-marteau-chateau-josette-en","13":"pa_editeur-geste-en","14":"pa_langue-francais-en","15":"entry","17":"first","18":"instock","19":"shipping-taxable","20":"purchasable","21":"product-type-simple"},"acf":[],"_links":{"self":[{"href":"https:\/\/www.libraria-occitana.org\/en\/wp-json\/wp\/v2\/product\/59772","targetHints":{"allow":["GET"]}}],"collection":[{"href":"https:\/\/www.libraria-occitana.org\/en\/wp-json\/wp\/v2\/product"}],"about":[{"href":"https:\/\/www.libraria-occitana.org\/en\/wp-json\/wp\/v2\/types\/product"}],"wp:featuredmedia":[{"embeddable":true,"href":"https:\/\/www.libraria-occitana.org\/en\/wp-json\/wp\/v2\/media\/59775"}],"wp:attachment":[{"href":"https:\/\/www.libraria-occitana.org\/en\/wp-json\/wp\/v2\/media?parent=59772"}],"wp:term":[{"taxonomy":"product_brand","embeddable":true,"href":"https:\/\/www.libraria-occitana.org\/en\/wp-json\/wp\/v2\/product_brand?post=59772"},{"taxonomy":"product_cat","embeddable":true,"href":"https:\/\/www.libraria-occitana.org\/en\/wp-json\/wp\/v2\/product_cat?post=59772"},{"taxonomy":"product_tag","embeddable":true,"href":"https:\/\/www.libraria-occitana.org\/en\/wp-json\/wp\/v2\/product_tag?post=59772"}],"curies":[{"name":"wp","href":"https:\/\/api.w.org\/{rel}","templated":true}]}}