{"id":59830,"date":"2023-10-11T20:04:59","date_gmt":"2023-10-11T18:04:59","guid":{"rendered":"http:\/\/www.libraria-occitana.org\/?post_type=product&#038;p=59830"},"modified":"2026-04-14T21:06:20","modified_gmt":"2026-04-14T19:06:20","slug":"badic-badoc-libre-cd","status":"publish","type":"product","link":"https:\/\/www.libraria-occitana.org\/en\/product\/badic-badoc-libre-cd\/","title":{"rendered":"Badic Bad\u00f2c (libre + CD)"},"content":{"rendered":"<p><em>Badic Bad\u00f2c<\/em>, un bel album en couleurs qui allie illustrations et textes cr\u00e9\u00e9s \u00e0 cette occasion par Th\u00e9r\u00e8se Pambrun.<\/p>\n<p>Des textes courts et faciles \u00e0 m\u00e9moriser, de jolies comptines, des jeux de langue ou des chansons douces qui raviront les jeunes enfants et leurs parents.<\/p>\n<p>Th\u00e9r\u00e8se Pambrun met ici \u00e0 profit sa riche exp\u00e9rience d\u2019enseignante et sa cr\u00e9ativit\u00e9.<\/p>\n","protected":false},"excerpt":{"rendered":"<p>Badic Bad\u00f2c, un bel album en couleurs qui allie illustrations et textes cr\u00e9\u00e9s \u00e0 cette occasion par Th\u00e9r\u00e8se Pambrun. Des textes courts et faciles \u00e0 m\u00e9moriser, de jolies comptines, des jeux de langue ou des chansons douces qui raviront les jeunes enfants et leurs parents. Th\u00e9r\u00e8se Pambrun met ici \u00e0 profit sa riche exp\u00e9rience d\u2019enseignante [&hellip;]<\/p>\n","protected":false},"featured_media":59833,"template":"","meta":{"_acf_changed":false,"_genesis_hide_title":false,"_genesis_hide_breadcrumbs":false,"_genesis_hide_singular_image":false,"_genesis_hide_footer_widgets":false,"_genesis_custom_body_class":"","_genesis_custom_post_class":"","_genesis_layout":""},"product_brand":[],"product_cat":[7132,7170,7164],"product_tag":[],"class_list":{"0":"post-59830","1":"product","2":"type-product","3":"status-publish","4":"has-post-thumbnail","6":"product_cat-books","7":"product_cat-juvenile-en","8":"product_cat-juvenile-and-teen-comics-humour-en","9":"pa_auteur-pambrun-teresa-en","10":"pa_editeur-letras-doc-en","11":"pa_langue-occitan-en","12":"pa_langue-occitan-gascon-en","13":"entry","15":"first","16":"instock","17":"shipping-taxable","18":"purchasable","19":"product-type-simple"},"acf":[],"_links":{"self":[{"href":"https:\/\/www.libraria-occitana.org\/en\/wp-json\/wp\/v2\/product\/59830","targetHints":{"allow":["GET"]}}],"collection":[{"href":"https:\/\/www.libraria-occitana.org\/en\/wp-json\/wp\/v2\/product"}],"about":[{"href":"https:\/\/www.libraria-occitana.org\/en\/wp-json\/wp\/v2\/types\/product"}],"wp:featuredmedia":[{"embeddable":true,"href":"https:\/\/www.libraria-occitana.org\/en\/wp-json\/wp\/v2\/media\/59833"}],"wp:attachment":[{"href":"https:\/\/www.libraria-occitana.org\/en\/wp-json\/wp\/v2\/media?parent=59830"}],"wp:term":[{"taxonomy":"product_brand","embeddable":true,"href":"https:\/\/www.libraria-occitana.org\/en\/wp-json\/wp\/v2\/product_brand?post=59830"},{"taxonomy":"product_cat","embeddable":true,"href":"https:\/\/www.libraria-occitana.org\/en\/wp-json\/wp\/v2\/product_cat?post=59830"},{"taxonomy":"product_tag","embeddable":true,"href":"https:\/\/www.libraria-occitana.org\/en\/wp-json\/wp\/v2\/product_tag?post=59830"}],"curies":[{"name":"wp","href":"https:\/\/api.w.org\/{rel}","templated":true}]}}