{"id":59852,"date":"2024-06-12T20:57:52","date_gmt":"2024-06-12T18:57:52","guid":{"rendered":"http:\/\/www.libraria-occitana.org\/product\/dins-las-carrieiras-dau-clapas-dans-les-rues-du-clapas\/"},"modified":"2026-04-29T06:36:55","modified_gmt":"2026-04-29T04:36:55","slug":"dins-las-carrieiras-dau-clapas-dans-les-rues-du-clapas","status":"publish","type":"product","link":"https:\/\/www.libraria-occitana.org\/en\/product\/dins-las-carrieiras-dau-clapas-dans-les-rues-du-clapas\/","title":{"rendered":"Dins las carri\u00e8iras dau Clap\u00e0s &#8211; Dans les rues du Clap\u00e0s"},"content":{"rendered":"<p>\u00c9douard Marsal (Montpellier, 1845-1929) est connu comme peintre et illustrateur, mais aussi comme f\u00e9libre, d\u00e9fenseur convaincu de la langue d&#8217;oc. Son ouvrage <em>Dans les rues du Clapas<\/em>, publi\u00e9 en 1896, rassemble cinquante portraits en mots et en images du petit peuple montpelli\u00e9rain : marchands et marchandes des rues (de vin, de vinaigre, de salade sauvage, d&#8217;escargots, de lait d&#8217;\u00e2nesse, ch\u00e8vre ou vache, de mercerie, de tripes, de journaux, de beignets, de bonbons), r\u00e9mouleur, r\u00e9cureuse, cardeur, bouilleur de cru, d\u00e9crotteur de chaussures, mais aussi marginaux \u00e0 la fois comiques et tragiques (simples d&#8217;esprits, vagabonds, ivrognes). Un Montpellier populaire et disparu, le Clapas d&#8217;autrefois, s&#8217;anime sous nos yeux de tous ces gagne-petit, de ces gens de peu qui sont l&#8217;\u00e2me m\u00eame de la ville et que Marsal fait parler, avec tous leurs cris de m\u00e9tier, dans la seule langue qu&#8217;ils connaissent, l&#8217;occitan.<\/p>\n<p>\u00c0 chacune des 50 gravures r\u00e9pond une photo actuelle du site o\u00f9 figure le personnage, prise exactement dans la perspective du dessin et permettant ainsi de mesurer la permanence et les mutations de Montpellier. Une carte des divers endroits dessin\u00e9s invite \u00e0 visiter la ville d&#8217;une autre fa\u00e7on, sur les pas d&#8217;\u00c9douard Marsal, un guide plein d&#8217;humour et de tendresse pour ces vies minuscules. \u0152uvre artistique et litt\u00e9raire en m\u00eame temps que document irrempla\u00e7able.<\/p>\n<p>Transcription en graphie classique, traduction et photographies de Pascal Wagner.<\/p>\n","protected":false},"excerpt":{"rendered":"<p>\u00c9douard Marsal (Montpellier, 1845-1929) est connu comme peintre et illustrateur, mais aussi comme f\u00e9libre, d\u00e9fenseur convaincu de la langue d&#8217;oc. Son ouvrage Dans les rues du Clapas, publi\u00e9 en 1896, rassemble cinquante portraits en mots et en images du petit peuple montpelli\u00e9rain : marchands et marchandes des rues (de vin, de vinaigre, de salade sauvage, [&hellip;]<\/p>\n","protected":false},"featured_media":59850,"template":"","meta":{"_acf_changed":false,"_genesis_hide_title":false,"_genesis_hide_breadcrumbs":false,"_genesis_hide_singular_image":false,"_genesis_hide_footer_widgets":false,"_genesis_custom_body_class":"","_genesis_custom_post_class":"","_genesis_layout":""},"product_brand":[],"product_cat":[7132,7198,7174,7196,7186],"product_tag":[],"class_list":{"0":"post-59852","1":"product","2":"type-product","3":"status-publish","4":"has-post-thumbnail","6":"product_cat-books","7":"product_cat-guides-tourism-en","8":"product_cat-literature-en","9":"product_cat-nature-tourism-en","10":"product_cat-personal-narratives-memoirs-en","11":"pa_auteur-marsal-edouard-en","12":"pa_editeur-jorn-en","13":"pa_langue-occitan-lengadocian-en","14":"pa_langue-occitan-francais-en","15":"entry","17":"first","18":"outofstock","19":"shipping-taxable","20":"purchasable","21":"product-type-simple"},"acf":[],"_links":{"self":[{"href":"https:\/\/www.libraria-occitana.org\/en\/wp-json\/wp\/v2\/product\/59852","targetHints":{"allow":["GET"]}}],"collection":[{"href":"https:\/\/www.libraria-occitana.org\/en\/wp-json\/wp\/v2\/product"}],"about":[{"href":"https:\/\/www.libraria-occitana.org\/en\/wp-json\/wp\/v2\/types\/product"}],"wp:featuredmedia":[{"embeddable":true,"href":"https:\/\/www.libraria-occitana.org\/en\/wp-json\/wp\/v2\/media\/59850"}],"wp:attachment":[{"href":"https:\/\/www.libraria-occitana.org\/en\/wp-json\/wp\/v2\/media?parent=59852"}],"wp:term":[{"taxonomy":"product_brand","embeddable":true,"href":"https:\/\/www.libraria-occitana.org\/en\/wp-json\/wp\/v2\/product_brand?post=59852"},{"taxonomy":"product_cat","embeddable":true,"href":"https:\/\/www.libraria-occitana.org\/en\/wp-json\/wp\/v2\/product_cat?post=59852"},{"taxonomy":"product_tag","embeddable":true,"href":"https:\/\/www.libraria-occitana.org\/en\/wp-json\/wp\/v2\/product_tag?post=59852"}],"curies":[{"name":"wp","href":"https:\/\/api.w.org\/{rel}","templated":true}]}}