{"id":59864,"date":"2024-06-14T12:58:37","date_gmt":"2024-06-14T10:58:37","guid":{"rendered":"http:\/\/www.libraria-occitana.org\/product\/oratorio-pour-oradour-oratorio-per-orador\/"},"modified":"2026-04-14T05:21:40","modified_gmt":"2026-04-14T03:21:40","slug":"oratorio-pour-oradour-oratorio-per-orador","status":"publish","type":"product","link":"https:\/\/www.libraria-occitana.org\/en\/product\/oratorio-pour-oradour-oratorio-per-orador\/","title":{"rendered":"Oratorio pour Oradour &#8211; Oratorio per Orador"},"content":{"rendered":"<p>10 juin 1944 : pour l&#8217;exemple, un village entier va \u00eatre d\u00e9truit, sa population extermin\u00e9e dans le plus grand massacre civil de la seconde guerre mondiale : Oradour-sur-Glane.<br \/>\nFranck Lafossas en r\u00e9colant des t\u00e9moignages pr\u00e9cis et s\u00e9rieux, m\u00e9tamorphose ce r\u00e9cit en sinc\u00e8re document historique.<\/p>\n<p>La forme po\u00e9tique envo\u00fbte le lecteur. Le rythme de l&#8217;\u00e9criture classique, la force des images allient dans cet <em>Oratorio<\/em> authenticit\u00e9 et plaisir de lire.<\/p>\n<p>Ici dans une version bilingue fran\u00e7ais-occitan (limousin), langue parl\u00e9e par la population d&#8217;Oradour \u00e0 l&#8217;\u00e9poque.<br \/>\n\u00c9dition sp\u00e9ciale en gros caract\u00e8res.<\/p>\n","protected":false},"excerpt":{"rendered":"<p>10 juin 1944 : pour l&#8217;exemple, un village entier va \u00eatre d\u00e9truit, sa population extermin\u00e9e dans le plus grand massacre civil de la seconde guerre mondiale : Oradour-sur-Glane. Franck Lafossas en r\u00e9colant des t\u00e9moignages pr\u00e9cis et s\u00e9rieux, m\u00e9tamorphose ce r\u00e9cit en sinc\u00e8re document historique. La forme po\u00e9tique envo\u00fbte le lecteur. Le rythme de l&#8217;\u00e9criture classique, [&hellip;]<\/p>\n","protected":false},"featured_media":59861,"template":"","meta":{"_acf_changed":false,"_genesis_hide_title":false,"_genesis_hide_breadcrumbs":false,"_genesis_hide_singular_image":false,"_genesis_hide_footer_widgets":false,"_genesis_custom_body_class":"","_genesis_custom_post_class":"","_genesis_layout":""},"product_brand":[],"product_cat":[7132,7174,7180],"product_tag":[],"class_list":{"0":"post-59864","1":"product","2":"type-product","3":"status-publish","4":"has-post-thumbnail","6":"product_cat-books","7":"product_cat-literature-en","8":"product_cat-poetry-en","9":"pa_auteur-lafossas-franck-en","10":"pa_editeur-les-dossiers-daquitaine-en","11":"pa_illustrateur-morlieras-lucette-en","12":"pa_langue-occitan-lemosin-en","13":"pa_langue-occitan-francais-en","14":"entry","16":"first","17":"instock","18":"shipping-taxable","19":"purchasable","20":"product-type-simple"},"acf":[],"_links":{"self":[{"href":"https:\/\/www.libraria-occitana.org\/en\/wp-json\/wp\/v2\/product\/59864","targetHints":{"allow":["GET"]}}],"collection":[{"href":"https:\/\/www.libraria-occitana.org\/en\/wp-json\/wp\/v2\/product"}],"about":[{"href":"https:\/\/www.libraria-occitana.org\/en\/wp-json\/wp\/v2\/types\/product"}],"wp:featuredmedia":[{"embeddable":true,"href":"https:\/\/www.libraria-occitana.org\/en\/wp-json\/wp\/v2\/media\/59861"}],"wp:attachment":[{"href":"https:\/\/www.libraria-occitana.org\/en\/wp-json\/wp\/v2\/media?parent=59864"}],"wp:term":[{"taxonomy":"product_brand","embeddable":true,"href":"https:\/\/www.libraria-occitana.org\/en\/wp-json\/wp\/v2\/product_brand?post=59864"},{"taxonomy":"product_cat","embeddable":true,"href":"https:\/\/www.libraria-occitana.org\/en\/wp-json\/wp\/v2\/product_cat?post=59864"},{"taxonomy":"product_tag","embeddable":true,"href":"https:\/\/www.libraria-occitana.org\/en\/wp-json\/wp\/v2\/product_tag?post=59864"}],"curies":[{"name":"wp","href":"https:\/\/api.w.org\/{rel}","templated":true}]}}