{"id":59903,"date":"2024-07-01T17:53:19","date_gmt":"2024-07-01T15:53:19","guid":{"rendered":"http:\/\/www.libraria-occitana.org\/?post_type=product&#038;p=59903"},"modified":"2026-04-16T21:16:31","modified_gmt":"2026-04-16T19:16:31","slug":"histoire-du-chemin-de-fer-en-creuse","status":"publish","type":"product","link":"https:\/\/www.libraria-occitana.org\/en\/product\/histoire-du-chemin-de-fer-en-creuse\/","title":{"rendered":"Histoire du chemin de fer en Creuse"},"content":{"rendered":"<p>Depuis le d\u00e9but de son aventure dans le d\u00e9partement de la Creuse en 1856, le chemin de fer a accompagn\u00e9 l\u2019essor \u00e9conomique et social d\u2019un territoire rural enclav\u00e9 du Limousin, au rythme de projets longuement discut\u00e9s et rest\u00e9s parfois sans lendemain.<\/p>\n<p>Outre le transport essentiel de marchandises, le trafic de voyageurs a rapidement anim\u00e9 ces voies ferr\u00e9es, ponctu\u00e9es par de multiples gares, emmenant notamment chaque ann\u00e9e les c\u00e9l\u00e8bres ma\u00e7ons creusois \u00e0 Paris. En Creuse, le chemin de fer a \u00e9galement fa\u00e7onn\u00e9, par ses ponts et ses viaducs remarquables, les paysages vallonn\u00e9s qui, pour partie, ont inspir\u00e9 les photo\u00adgraphes et artistes peintres les plus prestigieux tels Claude Monet ou Armand Guillaumin.<\/p>\n<p>Des bassins houillers d\u2019Ahun au camp militaire de La Courtine en passant par la touristique et charmante station thermale d\u2019\u00c9vaux-les-Bains, l\u2019histoire du chemin de fer en Creuse se d\u00e9voile dans cet ouvrage \u00e0 travers de nombreux documents, photographies et affiches in\u00e9dits.<\/p>\n<p>Au gr\u00e9 des fermetures de lignes, le chemin de fer, qui couvrait \u00e0 la fin du XIXe si\u00e8cle une grande partie du d\u00e9partement de la Creuse, a vu ses gares condamn\u00e9es les unes apr\u00e8s les autres, pour n\u2019en compter aujourd\u2019hui plus qu\u2019une douzaine encore en activit\u00e9.<\/p>\n<p>Bien loin des ann\u00e9es fastes du d\u00e9but du XXe si\u00e8cle, le r\u00e9seau ferr\u00e9 et ses ouvrages d\u2019art continuent pourtant de fasciner les amateurs comme les passionn\u00e9s, qui r\u00eavent d\u2019un nouvel \u00e2ge d\u2019or du chemin de fer en Creuse.<\/p>\n","protected":false},"excerpt":{"rendered":"<p>Depuis le d\u00e9but de son aventure dans le d\u00e9partement de la Creuse en 1856, le chemin de fer a accompagn\u00e9 l\u2019essor \u00e9conomique et social d\u2019un territoire rural enclav\u00e9 du Limousin, au rythme de projets longuement discut\u00e9s et rest\u00e9s parfois sans lendemain. Outre le transport essentiel de marchandises, le trafic de voyageurs a rapidement anim\u00e9 ces [&hellip;]<\/p>\n","protected":false},"featured_media":59906,"template":"","meta":{"_acf_changed":false,"_genesis_hide_title":false,"_genesis_hide_breadcrumbs":false,"_genesis_hide_singular_image":false,"_genesis_hide_footer_widgets":false,"_genesis_custom_body_class":"","_genesis_custom_post_class":"","_genesis_layout":""},"product_brand":[],"product_cat":[7132,7148,7158],"product_tag":[],"class_list":{"0":"post-59903","1":"product","2":"type-product","3":"status-publish","4":"has-post-thumbnail","6":"product_cat-books","7":"product_cat-history-geography-en","8":"product_cat-modern-and-contemporary-history-en","9":"pa_auteur-menant-pierre-alain-en","10":"pa_editeur-les-ardents-editeurs-en","11":"pa_langue-francais-en","12":"entry","14":"first","15":"instock","16":"shipping-taxable","17":"purchasable","18":"product-type-simple"},"acf":[],"_links":{"self":[{"href":"https:\/\/www.libraria-occitana.org\/en\/wp-json\/wp\/v2\/product\/59903","targetHints":{"allow":["GET"]}}],"collection":[{"href":"https:\/\/www.libraria-occitana.org\/en\/wp-json\/wp\/v2\/product"}],"about":[{"href":"https:\/\/www.libraria-occitana.org\/en\/wp-json\/wp\/v2\/types\/product"}],"wp:featuredmedia":[{"embeddable":true,"href":"https:\/\/www.libraria-occitana.org\/en\/wp-json\/wp\/v2\/media\/59906"}],"wp:attachment":[{"href":"https:\/\/www.libraria-occitana.org\/en\/wp-json\/wp\/v2\/media?parent=59903"}],"wp:term":[{"taxonomy":"product_brand","embeddable":true,"href":"https:\/\/www.libraria-occitana.org\/en\/wp-json\/wp\/v2\/product_brand?post=59903"},{"taxonomy":"product_cat","embeddable":true,"href":"https:\/\/www.libraria-occitana.org\/en\/wp-json\/wp\/v2\/product_cat?post=59903"},{"taxonomy":"product_tag","embeddable":true,"href":"https:\/\/www.libraria-occitana.org\/en\/wp-json\/wp\/v2\/product_tag?post=59903"}],"curies":[{"name":"wp","href":"https:\/\/api.w.org\/{rel}","templated":true}]}}