{"id":59915,"date":"2024-07-01T19:08:54","date_gmt":"2024-07-01T17:08:54","guid":{"rendered":"http:\/\/www.libraria-occitana.org\/?post_type=product&#038;p=59915"},"modified":"2026-04-29T01:06:29","modified_gmt":"2026-04-28T23:06:29","slug":"gargantian-seguit-per-lo-chin-de-cambau-gargantua-suivi-par-le-chin-de-cambau","status":"publish","type":"product","link":"https:\/\/www.libraria-occitana.org\/en\/product\/gargantian-seguit-per-lo-chin-de-cambau-gargantua-suivi-par-le-chin-de-cambau\/","title":{"rendered":"Gargantian seguit per Lo chin de Cambau &#8211; Gargantua, suivi par Le chin de Cambau"},"content":{"rendered":"<p>Les deux textes publi\u00e9s dans ce volume sont pas des contes enfantins, bien que leur argument initial soit tir\u00e9 de l\u00e9gendes de tradition orale. Nous les avons choisis dans les productions de Louis-Bernard Royer (1677-1755), po\u00e8te d&#8217;Avignon trop peu connu, toujours cit\u00e9 mais jamais vraiment \u00e9dit\u00e9, probablement parce que ses textes ont des relents de merde et de cul. Les deux textes sont dr\u00f4les, remplis des personnages fantastiques&#8230;<\/p>\n<p>Introduction, \u00e9dition et traduction de Xavier Bach et Pierre-Joan Bernard.<\/p>\n","protected":false},"excerpt":{"rendered":"<p>Les deux textes publi\u00e9s dans ce volume sont pas des contes enfantins, bien que leur argument initial soit tir\u00e9 de l\u00e9gendes de tradition orale. Nous les avons choisis dans les productions de Louis-Bernard Royer (1677-1755), po\u00e8te d&#8217;Avignon trop peu connu, toujours cit\u00e9 mais jamais vraiment \u00e9dit\u00e9, probablement parce que ses textes ont des relents de [&hellip;]<\/p>\n","protected":false},"featured_media":59918,"template":"","meta":{"_acf_changed":false,"_genesis_hide_title":false,"_genesis_hide_breadcrumbs":false,"_genesis_hide_singular_image":false,"_genesis_hide_footer_widgets":false,"_genesis_custom_body_class":"","_genesis_custom_post_class":"","_genesis_layout":""},"product_brand":[],"product_cat":[7132,7174,7176],"product_tag":[],"class_list":{"0":"post-59915","1":"product","2":"type-product","3":"status-publish","4":"has-post-thumbnail","6":"product_cat-books","7":"product_cat-literature-en","8":"product_cat-tales-fables-en","9":"pa_auteur-royer-louis-bernard-en","10":"pa_editeur-lauceu-libre-en","11":"pa_illustrateur-bach-xavier-en","12":"pa_illustrateur-bernard-pierre-joan-en","13":"pa_langue-occitan-provencau-en","14":"pa_langue-occitan-francais-en","15":"entry","17":"first","18":"instock","19":"shipping-taxable","20":"purchasable","21":"product-type-simple"},"acf":[],"_links":{"self":[{"href":"https:\/\/www.libraria-occitana.org\/en\/wp-json\/wp\/v2\/product\/59915","targetHints":{"allow":["GET"]}}],"collection":[{"href":"https:\/\/www.libraria-occitana.org\/en\/wp-json\/wp\/v2\/product"}],"about":[{"href":"https:\/\/www.libraria-occitana.org\/en\/wp-json\/wp\/v2\/types\/product"}],"wp:featuredmedia":[{"embeddable":true,"href":"https:\/\/www.libraria-occitana.org\/en\/wp-json\/wp\/v2\/media\/59918"}],"wp:attachment":[{"href":"https:\/\/www.libraria-occitana.org\/en\/wp-json\/wp\/v2\/media?parent=59915"}],"wp:term":[{"taxonomy":"product_brand","embeddable":true,"href":"https:\/\/www.libraria-occitana.org\/en\/wp-json\/wp\/v2\/product_brand?post=59915"},{"taxonomy":"product_cat","embeddable":true,"href":"https:\/\/www.libraria-occitana.org\/en\/wp-json\/wp\/v2\/product_cat?post=59915"},{"taxonomy":"product_tag","embeddable":true,"href":"https:\/\/www.libraria-occitana.org\/en\/wp-json\/wp\/v2\/product_tag?post=59915"}],"curies":[{"name":"wp","href":"https:\/\/api.w.org\/{rel}","templated":true}]}}