{"id":59930,"date":"2024-07-03T11:28:52","date_gmt":"2024-07-03T09:28:52","guid":{"rendered":"http:\/\/www.libraria-occitana.org\/?post_type=product&#038;p=59930"},"modified":"2026-04-11T00:42:01","modified_gmt":"2026-04-10T22:42:01","slug":"oradour-linnocence-assassinee","status":"publish","type":"product","link":"https:\/\/www.libraria-occitana.org\/en\/product\/oradour-linnocence-assassinee\/","title":{"rendered":"Oradour : L&#8217;innocence assassin\u00e9e"},"content":{"rendered":"<p>10 juin 1944. Remontant vers le front de Normandie, la division SS Das Reich d\u00e9truit Oradour-sur-Glane, un paisible bourg de la Haute-Vienne, et y assassine 643 civils innocents. Seule une poign\u00e9e d&#8217;entre eux parvient \u00e0 s&#8217;extirper du village encercl\u00e9 par les nazis. Parmi ces survivants, le jeune Robert H\u00e9bras. Ce crime de guerre marque \u00e0 jamais sa vie comme celle des autres victimes, leurs familles et leurs proches.<\/p>\n<p>Au fil des ans, M. H\u00e9bras s&#8217;y est mu\u00e9 en t\u00e9moin de l&#8217;Histoire, en symbole de la lente r\u00e9conciliation des peuples : ainsi, en 2013, sa rencontre avec les pr\u00e9sidents allemands et fran\u00e7ais dans les ruines m\u00eame marque la m\u00e9moire collective. L&#8217;ultime survivant du massacre aspire ainsi \u00e0 ce que cette trag\u00e9die collective soit port\u00e9e par bande dessin\u00e9e afin de sensibiliser davantage encore \u00e0 la r\u00e9currente menace de n\u00e9fastes id\u00e9ologies comme du r\u00e9visionnisme.<\/p>\n<p>C&#8217;est dans cet esprit de constante p\u00e9dagogie, que Robert H\u00e9bras initie cet ouvrage choral anim\u00e9 par la plus scrupuleuse v\u00e9racit\u00e9 historique, puis l&#8217;accompagne au fil de la cr\u00e9ation. Disparu en f\u00e9vrier 2023, Robert H\u00e9bras aura vu le d\u00e9coupage dessin\u00e9 et la moiti\u00e9 des planches.<\/p>\n<p>Pr\u00e9face de Bernadette Malinvaud, pr\u00e9sidente et Philippe Grandcoing, secr\u00e9taire de l&#8217;association Oradour. Histoire, Vigilance et R\u00e9conciliation.<\/p>\n","protected":false},"excerpt":{"rendered":"<p>10 juin 1944. Remontant vers le front de Normandie, la division SS Das Reich d\u00e9truit Oradour-sur-Glane, un paisible bourg de la Haute-Vienne, et y assassine 643 civils innocents. Seule une poign\u00e9e d&#8217;entre eux parvient \u00e0 s&#8217;extirper du village encercl\u00e9 par les nazis. Parmi ces survivants, le jeune Robert H\u00e9bras. Ce crime de guerre marque \u00e0 [&hellip;]<\/p>\n","protected":false},"featured_media":59928,"template":"","meta":{"_acf_changed":false,"_genesis_hide_title":false,"_genesis_hide_breadcrumbs":false,"_genesis_hide_singular_image":false,"_genesis_hide_footer_widgets":false,"_genesis_custom_body_class":"","_genesis_custom_post_class":"","_genesis_layout":""},"product_brand":[],"product_cat":[7132,7168,7148,7164,7158],"product_tag":[],"class_list":{"0":"post-59930","1":"product","2":"type-product","3":"status-publish","4":"has-post-thumbnail","6":"product_cat-books","7":"product_cat-comics-en","8":"product_cat-history-geography-en","9":"product_cat-juvenile-and-teen-comics-humour-en","10":"product_cat-modern-and-contemporary-history-en","11":"pa_auteur-marivain-bruno-en","12":"pa_auteur-miniac-jean-francois-en","13":"pa_editeur-anspach-editions-en","14":"pa_langue-francais-en","15":"entry","17":"first","18":"instock","19":"shipping-taxable","20":"purchasable","21":"product-type-simple"},"acf":[],"_links":{"self":[{"href":"https:\/\/www.libraria-occitana.org\/en\/wp-json\/wp\/v2\/product\/59930","targetHints":{"allow":["GET"]}}],"collection":[{"href":"https:\/\/www.libraria-occitana.org\/en\/wp-json\/wp\/v2\/product"}],"about":[{"href":"https:\/\/www.libraria-occitana.org\/en\/wp-json\/wp\/v2\/types\/product"}],"wp:featuredmedia":[{"embeddable":true,"href":"https:\/\/www.libraria-occitana.org\/en\/wp-json\/wp\/v2\/media\/59928"}],"wp:attachment":[{"href":"https:\/\/www.libraria-occitana.org\/en\/wp-json\/wp\/v2\/media?parent=59930"}],"wp:term":[{"taxonomy":"product_brand","embeddable":true,"href":"https:\/\/www.libraria-occitana.org\/en\/wp-json\/wp\/v2\/product_brand?post=59930"},{"taxonomy":"product_cat","embeddable":true,"href":"https:\/\/www.libraria-occitana.org\/en\/wp-json\/wp\/v2\/product_cat?post=59930"},{"taxonomy":"product_tag","embeddable":true,"href":"https:\/\/www.libraria-occitana.org\/en\/wp-json\/wp\/v2\/product_tag?post=59930"}],"curies":[{"name":"wp","href":"https:\/\/api.w.org\/{rel}","templated":true}]}}