{"id":59941,"date":"2024-07-03T13:39:33","date_gmt":"2024-07-03T11:39:33","guid":{"rendered":"http:\/\/www.libraria-occitana.org\/?post_type=product&#038;p=59941"},"modified":"2026-04-08T21:16:50","modified_gmt":"2026-04-08T19:16:50","slug":"apprendre-une-langue-regionale-version-numerique-de-la-methode-collection-sans-peine","status":"publish","type":"product","link":"https:\/\/www.libraria-occitana.org\/en\/product\/apprendre-une-langue-regionale-version-numerique-de-la-methode-collection-sans-peine\/","title":{"rendered":"Apprendre une langue r\u00e9gionale (version num\u00e9rique de la m\u00e9thode collection Sans peine)"},"content":{"rendered":"<p><strong>La c\u00e9l\u00e9brissime m\u00e9thode ASSIMIL en application iOS et Android !<\/strong><\/p>\n<p><strong>Envie d&#8217;apprendre le breton, le catalan, le corse ou l&#8217;occitan sur votre smartphone, tablette ou ordinateur ? <\/strong><br \/>\n<strong>Rien de plus simple avec ce coffret multilingue : suivez les instructions du livret, choisissez votre langue, t\u00e9l\u00e9chargez l&#8217;appli gr\u00e2ce au code de livraison unique et le tour est jou\u00e9.<\/strong><\/p>\n<p>En 100 le\u00e7ons et autant de dialogues vivants ponctu\u00e9s de notes simples et d&#8217;exercices, \u00e0 raison de 30 \u00e0 40 minutes par jour, vous suivrez une progression tr\u00e8s fluide. Vous atteindrez en quelques mois un niveau de conversation vous permettant de dialoguer avec des amis et de vous exprimer ais\u00e9ment dans la vie courante comme en situation professionnelle.<\/p>\n<p>Occitan : auteur Nicolas Quint.<\/p>\n<p>Types d&#8217;appareils et configurations requises : Tablettes et smartphones Android et iOS et ordinateurs Windows et macOS.<\/p>\n<p><strong>Ce pack contient :<\/strong><br \/>\n. 1 code unique pour t\u00e9l\u00e9charger votre application dans un livret de pr\u00e9sentation<\/p>\n<p><strong>Niveau :<\/strong> D\u00e9butants \u2192 B2 (D\u00e9butants et faux-d\u00e9butants)<\/p>\n","protected":false},"excerpt":{"rendered":"<p>La c\u00e9l\u00e9brissime m\u00e9thode ASSIMIL en application iOS et Android ! Envie d&#8217;apprendre le breton, le catalan, le corse ou l&#8217;occitan sur votre smartphone, tablette ou ordinateur ? Rien de plus simple avec ce coffret multilingue : suivez les instructions du livret, choisissez votre langue, t\u00e9l\u00e9chargez l&#8217;appli gr\u00e2ce au code de livraison unique et le tour [&hellip;]<\/p>\n","protected":false},"featured_media":59939,"template":"","meta":{"_acf_changed":false,"_genesis_hide_title":false,"_genesis_hide_breadcrumbs":false,"_genesis_hide_singular_image":false,"_genesis_hide_footer_widgets":false,"_genesis_custom_body_class":"","_genesis_custom_post_class":"","_genesis_layout":""},"product_brand":[],"product_cat":[7132,7142,7136],"product_tag":[],"class_list":{"0":"post-59941","1":"product","2":"type-product","3":"status-publish","4":"has-post-thumbnail","6":"product_cat-books","7":"product_cat-course-books-en","8":"product_cat-dictionaries-language-educational-en","9":"pa_auteur-quint-nicolas-en","10":"pa_editeur-assimil-en","11":"pa_langue-occitan-francais-en","12":"entry","14":"first","15":"instock","16":"shipping-taxable","17":"purchasable","18":"product-type-simple"},"acf":[],"_links":{"self":[{"href":"https:\/\/www.libraria-occitana.org\/en\/wp-json\/wp\/v2\/product\/59941","targetHints":{"allow":["GET"]}}],"collection":[{"href":"https:\/\/www.libraria-occitana.org\/en\/wp-json\/wp\/v2\/product"}],"about":[{"href":"https:\/\/www.libraria-occitana.org\/en\/wp-json\/wp\/v2\/types\/product"}],"wp:featuredmedia":[{"embeddable":true,"href":"https:\/\/www.libraria-occitana.org\/en\/wp-json\/wp\/v2\/media\/59939"}],"wp:attachment":[{"href":"https:\/\/www.libraria-occitana.org\/en\/wp-json\/wp\/v2\/media?parent=59941"}],"wp:term":[{"taxonomy":"product_brand","embeddable":true,"href":"https:\/\/www.libraria-occitana.org\/en\/wp-json\/wp\/v2\/product_brand?post=59941"},{"taxonomy":"product_cat","embeddable":true,"href":"https:\/\/www.libraria-occitana.org\/en\/wp-json\/wp\/v2\/product_cat?post=59941"},{"taxonomy":"product_tag","embeddable":true,"href":"https:\/\/www.libraria-occitana.org\/en\/wp-json\/wp\/v2\/product_tag?post=59941"}],"curies":[{"name":"wp","href":"https:\/\/api.w.org\/{rel}","templated":true}]}}